{"id":1096,"date":"2016-01-06T13:11:34","date_gmt":"2016-01-06T13:11:34","guid":{"rendered":"http:\/\/anpsthemes.com\/construction\/?page_id=1096"},"modified":"2016-01-06T13:11:34","modified_gmt":"2016-01-06T13:11:34","slug":"home","status":"publish","type":"page","link":"https:\/\/laserpolak.pl\/en\/home\/","title":{"rendered":"Home"},"content":{"rendered":"<div class=\"wpb-content-wrapper\"><div class=\"vc_row wpb_row vc_row-fluid vc_custom_1453200552863\"><div class=\"wpb_column vc_column_container vc_col-md-12\"><div class=\"vc_column-inner\"><div class=\"wpb_wrapper\">\n\t\t\t\t<p class=\"rs-p-wp-fix\"><\/p>\n\t\t\t\t<sr7-module data-alias=\"slider3\" data-id=\"2\" id=\"SR7_2_1\" class=\"rs-ov-hidden\" data-version=\"6.7.31\">\n\t\t\t\t\t<sr7-adjuster><\/sr7-adjuster>\n\t\t\t\t\t<sr7-content>\n\t\t\t\t\t\t<sr7-slide id=\"SR7_2_1-5\" data-key=\"5\">\n\t\t\t\t\t\t\t<sr7-bg id=\"SR7_2_1-5-6\" class=\"sr7-layer\"><noscript><img decoding=\"async\" src=\"http:\/\/laserpolak.pl\/wp-content\/uploads\/2021\/12\/slider.jpg\" alt=\"\" title=\"slider\"><\/noscript><\/sr7-bg>\n\t\t\t\t\t\t\t<sr7-txt id=\"SR7_2_1-5-1\" class=\"sr7-layer\">CENTRUM<br\/>CI\u0118CIA LASEROWEGO<br\/>\nI OBR\u00d3BKI BLACH<\/sr7-txt>\n\t\t\t\t\t\t\t<sr7-txt id=\"SR7_2_1-5-2\" class=\"sr7-layer\">tel: 606 547 966 <br\/>\ntel kom: 602 554 608<br\/>\nwww.laserpolak.pl<\/sr7-txt>\n\t\t\t\t\t\t\t<sr7-txt id=\"SR7_2_1-5-5\" class=\"sr7-layer\"><\/sr7-txt>\n\t\t\t\t\t\t<\/sr7-slide>\n\t\t\t\t\t\t<sr7-slide id=\"SR7_2_1-6\" data-key=\"6\">\n\t\t\t\t\t\t\t<sr7-bg id=\"SR7_2_1-6-6\" class=\"sr7-layer\"><noscript><img decoding=\"async\" src=\"http:\/\/laserpolak.pl\/wp-content\/uploads\/2022\/12\/slider_lego.jpg\" alt=\"\" title=\"slider_lego\"><\/noscript><\/sr7-bg>\n\t\t\t\t\t\t\t<sr7-txt id=\"SR7_2_1-6-1\" class=\"sr7-layer\">FORMY DO<br\/>BLOK\u00d3W<br\/>\nBETONOWYCH LEGO<\/sr7-txt>\n\t\t\t\t\t\t\t<sr7-txt id=\"SR7_2_1-6-2\" class=\"sr7-layer\">tel kom: 602 554 608<br\/>\ntel kom: 606 547 966<br\/>\nwww.laserpolak.pl<\/sr7-txt>\n\t\t\t\t\t\t\t<sr7-txt id=\"SR7_2_1-6-5\" class=\"sr7-layer\"><\/sr7-txt>\n\t\t\t\t\t\t<\/sr7-slide>\n\t\t\t\t\t\t<sr7-slide id=\"SR7_2_1-7\" data-key=\"7\">\n\t\t\t\t\t\t<\/sr7-slide>\n\t\t\t\t\t<\/sr7-content>\n\t\t\t\t\t<image_lists style=\"display:none\">\n\t\t\t\t\t\t<img data-src=\"\/\/laserpolak.pl\/wp-content\/uploads\/2021\/12\/slider.jpg\" data-lib=\"medialibrary\" width=\"0\" height=\"0\" data-dbsrc=\"Ly9sYXNlcnBvbGFrLnBsL3dwLWNvbnRlbnQvdXBsb2Fkcy8yMDIxLzEyL3NsaWRlci5qcGc=\"\/>\n\t\t\t\t\t\t<img data-src=\"\/\/laserpolak.pl\/wp-content\/uploads\/2022\/12\/slider_lego.jpg\" data-lib=\"medialibrary\" width=\"0\" height=\"0\" data-dbsrc=\"Ly9sYXNlcnBvbGFrLnBsL3dwLWNvbnRlbnQvdXBsb2Fkcy8yMDIyLzEyL3NsaWRlcl9sZWdvLmpwZw==\"\/>\n\t\t\t\t\t<\/image_lists>\n\t\t\t\t<\/sr7-module>\n\t\t\t\t<script>\n\t\t\t\t\tSR7.PMH ??={}; SR7.PMH[\"SR7_2_1\"] = {cn:100,state:false,fn: function() { if (_tpt!==undefined && _tpt.prepareModuleHeight !== undefined) {  _tpt.prepareModuleHeight({id:\"SR7_2_1\",el:[550,550,550,400,500],type:'standard',shdw:'0',gh:[550,550,550,400,500],gw:[1140,1140,1140,778,480],vpt:['-100px&#039;,&#039;-100px&#039;,&#039;-100px&#039;,&#039;-100px&#039;,&#039;-100px'],size:{fullWidth:false, fullHeight:false},mh:'0',onh:0,onw:0,bg:{color:'{\"orig\":\"transparent\",\"type\":\"solid\",\"string\":\"transparent\"}'},plType:'0',plColor:'#FFFFFF'});   SR7.PMH[\"SR7_2_1\"].state=true;} else if(SR7.PMH[\"SR7_2_1\"].cn-->0)\tsetTimeout( SR7.PMH[\"SR7_2_1\"].fn,19);}};SR7.PMH[\"SR7_2_1\" ].fn();\n\t\t\t\t<\/script>\n<\/div><\/div><\/div><\/div><div data-vc-full-width=\"true\" data-vc-full-width-temp=\"true\" data-vc-full-width-init=\"false\" class=\"vc_row wpb_row vc_row-fluid vc_custom_1470054721653 vc_row-has-fill\"><div class=\"wpb_column vc_column_container vc_col-md-12\"><div class=\"vc_column-inner vc_custom_1470054690581\"><div class=\"wpb_wrapper\"><div class=\"anps_cta\"><div class='cta-content font1' style='color: #878787'>NUMBER 1 IN INDUSTRIAL SERVICES. GET YOUR FREE CONSULTING AND QUOTE NOW<\/div><a href='\/demo-8\/contact-us\/' target='_self' class='btn btn-lg btn-normal '>GET A QUOTE<\/a><\/div><\/div><\/div><\/div><\/div><div class=\"vc_row-full-width vc_clearfix\"><\/div><div data-vc-full-width=\"true\" data-vc-full-width-temp=\"true\" data-vc-full-width-init=\"false\" class=\"vc_row wpb_row vc_row-fluid vc_custom_1470122870434 vc_row-has-fill\"><div class=\"wpb_column vc_column_container vc_col-md-4\"><div class=\"vc_column-inner\"><div class=\"wpb_wrapper\">\n\t<div  class=\"wpb_single_image wpb_content_element vc_align_left wpb_content_element\">\n\t\t\n\t\t<figure class=\"wpb_wrapper vc_figure\">\n\t\t\t<div class=\"vc_single_image-wrapper   vc_box_border_grey\"><\/div>\n\t\t<\/figure>\n\t<\/div>\n<h4 class='heading-content  style-1' ><span>MANUFACTURING<\/span><\/h4>\n\t<div class=\"wpb_text_column wpb_content_element vc_custom_1470058986991\" >\n\t\t<div class=\"wpb_wrapper\">\n\t\t\t<p>Lorem ipsum dolor sit amet, consectetur adipiscing elit. Sed convallis lacinia enim vel blandit. In placerat, ex nec sod ales elementum.\u00a0Lorem ipsum dolor sit amet, con sectetur adipiscing elit\u00a0adipiscing elit sed con.<\/p>\n\n\t\t<\/div>\n\t<\/div>\n<div class=\"vc_empty_space\"   style=\"height: 15px\"><span class=\"vc_empty_space_inner\"><\/span><\/div><a id='button-id-' target='_self' href='http:\/\/anpsthemes.com\/industrial\/demo-9\/manufacturing\/' class='btn btn-minimal btn-sm' style=''>Read more<\/a><\/div><\/div><\/div><div class=\"wpb_column vc_column_container vc_col-md-4\"><div class=\"vc_column-inner\"><div class=\"wpb_wrapper\">\n\t<div  class=\"wpb_single_image wpb_content_element vc_align_left wpb_content_element\">\n\t\t\n\t\t<figure class=\"wpb_wrapper vc_figure\">\n\t\t\t<div class=\"vc_single_image-wrapper   vc_box_border_grey\"><\/div>\n\t\t<\/figure>\n\t<\/div>\n<h4 class='heading-content  style-1' ><span>CNC INDUSTRY<\/span><\/h4>\n\t<div class=\"wpb_text_column wpb_content_element vc_custom_1470059004585\" >\n\t\t<div class=\"wpb_wrapper\">\n\t\t\t<p>Lorem ipsum dolor sit amet, consectetur adipiscing elit. Sed convallis lacinia enim vel blandit. In placerat, ex nec sod ales elementum.\u00a0Lorem ipsum dolor sit amet, con sectetur adipiscing elit\u00a0adipiscing elit sed con.<\/p>\n\n\t\t<\/div>\n\t<\/div>\n<div class=\"vc_empty_space\"   style=\"height: 15px\"><span class=\"vc_empty_space_inner\"><\/span><\/div><a id='button-id-1' target='_self' href='http:\/\/anpsthemes.com\/industrial\/demo-9\/cnc-industry\/' class='btn btn-minimal btn-sm' style=''>Read more<\/a><\/div><\/div><\/div><div class=\"wpb_column vc_column_container vc_col-md-4\"><div class=\"vc_column-inner\"><div class=\"wpb_wrapper\"><div class='featured-horizontal'><div class='featured-horizontal-header'><img alt='CHEMICAL INDUSTRY' src=''><\/div><div class='featured-horizontal-content'><h3 class='featured-horizontal-title'>CHEMICAL INDUSTRY<\/h3><p class='featured-horizontal-desc'>Lorem ipsum dolor sit amet, consectetur adipiscing elit&#8230;<\/p><\/div><\/div><div class='featured-horizontal'><div class='featured-horizontal-header'><img alt='ENERGY ENGINEERING' src=''><\/div><div class='featured-horizontal-content'><h3 class='featured-horizontal-title'>ENERGY ENGINEERING<\/h3><p class='featured-horizontal-desc'>Lorem ipsum dolor sit amet, consectetur adipiscing elit&#8230;<\/p><\/div><\/div><div class='featured-horizontal'><div class='featured-horizontal-header'><img alt='OIL INDUSTRY' src=''><\/div><div class='featured-horizontal-content'><h3 class='featured-horizontal-title'>OIL INDUSTRY<\/h3><p class='featured-horizontal-desc'>Lorem ipsum dolor sit amet, consectetur adipiscing elit&#8230;<\/p><\/div><\/div><div class='featured-horizontal'><div class='featured-horizontal-header'><img alt='MATERIAL ENGINEERING' src=''><\/div><div class='featured-horizontal-content'><h3 class='featured-horizontal-title'>MATERIAL ENGINEERING<\/h3><p class='featured-horizontal-desc'>Lorem ipsum dolor sit amet, consectetur adipiscing elit&#8230;<\/p><\/div><\/div><div class=\"vc_empty_space\"   style=\"height: 10px\"><span class=\"vc_empty_space_inner\"><\/span><\/div><a id='button-id-2' target='_self' href='http:\/\/anpsthemes.com\/industrial\/demo-9\/services\/' class='btn btn-minimal btn-sm' style=''>Read more<\/a><\/div><\/div><\/div><\/div><div class=\"vc_row-full-width vc_clearfix\"><\/div><div data-vc-full-width=\"true\" data-vc-full-width-temp=\"true\" data-vc-full-width-init=\"false\" class=\"vc_row wpb_row vc_row-fluid vc_custom_1470123575241 vc_row-has-fill\"><div class=\"wpb_column vc_column_container vc_col-md-12\"><div class=\"vc_column-inner\"><div class=\"wpb_wrapper\"><h2 class='heading-left  divider-modern'  style='color: #ffffff'><span><em class=\"heading-subtitle\" style='color: #c9c9c9'>Whats new<\/em>RECENT NEWS<\/span><\/h2><div class=\"vc_empty_space\"   style=\"height: 25px\"><span class=\"vc_empty_space_inner\"><\/span><\/div><div class='recent-news recent-news-light' data-owlcolumns='3'><div class='owl-wrap'><div class='owl-carousel'><article class='post-minimal post-minimal-light'><div class=\"post-minimal-wrap\"><a href='https:\/\/laserpolak.pl\/en\/witaj-swiecie\/'><h3 class='post-minimal-title'>Witaj, \u015bwiecie!<\/h3><\/a><ul class=\"post-minimal-meta\"><li><i class='fa fa-calendar'><\/i><time datetime='2025-11-03 01:05'>2025-11-03<\/time><\/li><\/ul><\/div><\/article><article class='post-minimal post-minimal-light'><header><img loading=\"lazy\" decoding=\"async\" width=\"359\" height=\"283\" src=\"https:\/\/laserpolak.pl\/wp-content\/uploads\/2016\/01\/b3-359x283.jpg\" class=\"attachment-anps-portfolio size-anps-portfolio wp-post-image\" alt=\"\" \/><\/header><div class=\"post-minimal-wrap\"><a href='https:\/\/laserpolak.pl\/en\/materialy-najwyzszej-jakosci\/'><h3 class='post-minimal-title'>Materia\u0142y najwy\u017cszej jako\u015bci<\/h3><\/a><ul class=\"post-minimal-meta\"><li><i class='fa fa-calendar'><\/i><time datetime='2021-02-02 03:00'>2021-02-02<\/time><\/li><\/ul><\/div><\/article><article class='post-minimal post-minimal-light'><header><img loading=\"lazy\" decoding=\"async\" width=\"359\" height=\"283\" src=\"https:\/\/laserpolak.pl\/wp-content\/uploads\/2016\/01\/b1-359x283.jpg\" class=\"attachment-anps-portfolio size-anps-portfolio wp-post-image\" alt=\"\" \/><\/header><div class=\"post-minimal-wrap\"><a href='https:\/\/laserpolak.pl\/en\/transport-przyszlosci\/'><h3 class='post-minimal-title'>Transport przysz\u0142o\u015bci<\/h3><\/a><ul class=\"post-minimal-meta\"><li><i class='fa fa-calendar'><\/i><time datetime='2021-01-18 02:43'>2021-01-18<\/time><\/li><\/ul><\/div><\/article><article class='post-minimal post-minimal-light'><header><img loading=\"lazy\" decoding=\"async\" width=\"359\" height=\"283\" src=\"https:\/\/laserpolak.pl\/wp-content\/uploads\/2016\/01\/b2-359x283.jpg\" class=\"attachment-anps-portfolio size-anps-portfolio wp-post-image\" alt=\"\" \/><\/header><div class=\"post-minimal-wrap\"><a href='https:\/\/laserpolak.pl\/en\/zawsze-na-czas\/'><h3 class='post-minimal-title'>Zawsze na czas<\/h3><\/a><ul class=\"post-minimal-meta\"><li><i class='fa fa-calendar'><\/i><time datetime='2021-01-02 03:09'>2021-01-02<\/time><\/li><\/ul><\/div><\/article><\/div><div class='owl-nav-style-2 text-right'><button class='owlprev'><i class='fa fa-chevron-left'><\/i><\/button><button class='owlnext'><i class='fa fa-chevron-right'><\/i><\/button><\/div><\/div><\/div><\/div><\/div><\/div><\/div><div class=\"vc_row-full-width vc_clearfix\"><\/div><div data-vc-full-width=\"true\" data-vc-full-width-temp=\"true\" data-vc-full-width-init=\"false\" class=\"vc_row wpb_row vc_row-fluid vc_custom_1470122471220\"><div class=\"wpb_column vc_column_container vc_col-md-12\"><div class=\"vc_column-inner\"><div class=\"wpb_wrapper\"><h2 class='heading-left  divider-modern'  style='color: #0a0a0a'><span><em class=\"heading-subtitle\" style='color: #c9c9c9'>What they say<\/em>TESTIMONIALS<\/span><\/h2><div class=\"vc_empty_space\"   style=\"height: 25px\"><span class=\"vc_empty_space_inner\"><\/span><\/div><div class=\"testimonials testimonials-style-2\"><div class='testimonials-header'><\/div><div class='testimonials-outer-wrap'><ul class=\"testimonial-wrap owl-carousel\"><li class=\"clearfix row\"><div class=\"user pull-left\"><div class=\"content pull-left\"><h3 class='name-user'>Jack Hanover<\/h3><h4 class=\"jobtitle\">Testing company ltd. <\/h4><p>Lorem ipsum dolor sit amet, consectetur adipiscing elit. Praesent id interdum tellus. In hac habitasse platea dictumst. Vestibulum gravida id arcu at malesuada. Proin dictum auctor ante in condimentum. Nam sollici udin eros quis nulla.<\/p><\/div><\/div><\/li><li class=\"clearfix row\"><div class=\"user pull-left\"><div class=\"content pull-left\"><h3 class='name-user'>John Tuff<\/h3><h4 class=\"jobtitle\">Chemical ltd.<\/h4><p>Lorem ipsum dolor sit amet, consectetur adipiscing elit. Praesent id interdum tellus. In hac habitasse platea dictumst. Vestibulum gravida id arcu at malesuada. Proin dictum auctor ante in condimentum. Nam sollici udin eros quis nulla.<\/p><\/div><\/div><\/li><li class=\"clearfix row\"><div class=\"user pull-left\"><div class=\"content pull-left\"><h3 class='name-user'>Frank Honest<\/h3><h4 class=\"jobtitle\">Gasco ltd.<\/h4><p>Lorem ipsum dolor sit amet, consectetur adipiscing elit. Praesent id interdum tellus. In hac habitasse platea dictumst. Vestibulum gravida id arcu at malesuada. Proin dictum auctor ante in condimentum. Nam sollici udin eros quis nulla.<\/p><\/div><\/div><\/li><\/ul><div class=\"owl-nav-style-2\"><button class=\"owlprev\"><i class=\"fa fa-chevron-left\"><\/i><\/button><button class=\"owlnext\"><i class=\"fa fa-chevron-right\"><\/i><\/button><\/div><\/div><\/div><\/div><\/div><\/div><\/div><div class=\"vc_row-full-width vc_clearfix\"><\/div><div data-vc-full-width=\"true\" data-vc-full-width-temp=\"true\" data-vc-full-width-init=\"false\" class=\"vc_row wpb_row vc_row-fluid vc_custom_1470036014122 vc_row-has-fill\"><div class=\"wpb_column vc_column_container vc_col-md-12\"><div class=\"vc_column-inner\"><div class=\"wpb_wrapper\"><h2 class='heading-left  divider-modern'  style='color: #0a0a0a'><span><em class=\"heading-subtitle\" style='color: #c9c9c9'>The best<\/em>OUR TEAM<\/span><\/h2><div class=\"vc_empty_space\"   style=\"height: 25px\"><span class=\"vc_empty_space_inner\"><\/span><\/div><div class=\"team-desc team-desc-size-3\"><div class=\"team-desc-main\"><div class='team'><div class='member'><div class='member-wrap'><div class='member-image'><a href='https:\/\/laserpolak.pl\/en\/team\/john-leader\/'><\/a><\/div><a href='https:\/\/laserpolak.pl\/en\/team\/john-leader\/'><h3 class='member-name'>John Leader<\/h3><\/a><\/div><\/div><div class='member'><div class='member-wrap'><div class='member-image'><a href='https:\/\/laserpolak.pl\/en\/team\/steve-planer\/'><\/a><\/div><a href='https:\/\/laserpolak.pl\/en\/team\/steve-planer\/'><h3 class='member-name'>Steve Chemici<\/h3><\/a><\/div><\/div><div class='member'><div class='member-wrap'><div class='member-image'><a href='https:\/\/laserpolak.pl\/en\/team\/mark-teran\/'><\/a><\/div><a href='https:\/\/laserpolak.pl\/en\/team\/mark-teran\/'><h3 class='member-name'>Mark Teran<\/h3><\/a><\/div><\/div><\/div><\/div><div class=\"team-desc-side\"><h3 class='team-desc-title' style='color: #2d2d2d;'>THE BEST OF THE BEST<\/h3><div class='team-desc-description' style='color: #c9c9c9;'>Lorem ipsum dolor sit amet, consectetur adipiscing elit. Etiam nec iaculis nulla. In condimentum, erat ut rutrum euismod.<\/div><a href='http:\/\/anpsthemes.com\/industrial\/demo-8\/about-us-2\/' target='_self' class='btn team-desc-btn'>OTHER MEMBERS<\/a><\/div><\/div><\/div><\/div><\/div><\/div><div class=\"vc_row-full-width vc_clearfix\"><\/div><div data-vc-full-width=\"true\" data-vc-full-width-temp=\"true\" data-vc-full-width-init=\"false\" class=\"vc_row wpb_row vc_row-fluid jumbotron vc_custom_1470131420348 vc_row-has-fill\"><div class=\"wpb_column vc_column_container vc_col-md-12\"><div class=\"vc_column-inner\"><div class=\"wpb_wrapper\">\n\t<div class=\"wpb_text_column wpb_content_element\" >\n\t\t<div class=\"wpb_wrapper\">\n\t\t\t<h1 class=\"vc_custom_heading\"><span style=\"color: #ffffff;\">THE NEXT BEST THING IN INDUSTRIAL\u00a0WORDPRESS<\/span><\/h1>\n<p><span style=\"color: #ffffff;\">We went above and beyond to create a fantastic experience. Perfectly crafted to suite your industrial\u00a0business with almost unlimited options to get almost unlimited options, revolution slider and visual composer.<\/span><\/p>\n\n\t\t<\/div>\n\t<\/div>\n<a id='button-id-3' target='_self' href='http:\/\/themeforest.net\/item\/industrial-manufacturing-wordpress-theme\/15776179' class='btn btn-normal btn-lg' style=''>Buy now<\/a><\/div><\/div><\/div><\/div><div class=\"vc_row-full-width vc_clearfix\"><\/div><div data-vc-full-width=\"true\" data-vc-full-width-temp=\"true\" data-vc-full-width-init=\"false\" class=\"vc_row wpb_row vc_row-fluid vc_custom_1469797267756 vc_row-has-fill\"><div class=\"wpb_column vc_column_container vc_col-md-12\"><div class=\"vc_column-inner\"><div class=\"wpb_wrapper\"><div class='logos-wrapper style-2'><ul class='clients style-2' ><li class='client'><a href='#' target='_blank'><img src='' alt=''><\/a><\/li><li class='client'><a href='#' target='_blank'><img src='' alt=''><\/a><\/li><li class='client'><a href='#' target='_blank'><img src='' alt=''><\/a><\/li><li class='client'><a href='#' target='_blank'><img src='' alt=''><\/a><\/li><li class='client'><a href='#' target='_blank'><img src='' alt=''><\/a><\/li><\/ul><\/div><\/div><\/div><\/div><\/div><div class=\"vc_row-full-width vc_clearfix\"><\/div><div data-vc-full-width=\"true\" data-vc-full-width-temp=\"true\" data-vc-full-width-init=\"false\" class=\"vc_row wpb_row vc_row-fluid vc_custom_1470127922186 vc_row-has-fill\"><div class=\"wpb_column vc_column_container vc_col-md-12\"><div class=\"vc_column-inner\"><div class=\"wpb_wrapper\"><h2 class='heading-left  divider-modern'  style='color: #ffffff'><span><em class=\"heading-subtitle\" style='color: #c9c9c9'>Find us<\/em>GET IN TOUCH<\/span><\/h2><div class=\"vc_empty_space\"   style=\"height: 25px\"><span class=\"vc_empty_space_inner\"><\/span><\/div><div class=\"contact-cards\"><div class=\"row\"><div class='col-md-4'><div class=\"card\" style=\"background-color:#ffffff; color:#f7c51e\"><span class='icon'><i class='fa fa-phone' style='color: #ffffff'><\/i><\/span><div class=\"content-wrap\"><span class='item-title' style='color:#c9c9c9;'>Call us anytime<\/span><div class='text font1' style='color:#444444' >+386 555 235\/+386 875 231<\/div><\/div><\/div><\/div><div class='col-md-4'><div class=\"card\" style=\"background-color:#ffffff; color:#f7c51e\"><span class='icon'><i class='fa fa-map-o' style='color: #ffffff'><\/i><\/span><div class=\"content-wrap\"><span class='item-title' style='color:#c9c9c9;'>Our headquarters<\/span><div class='text font1' style='color:#444444' >300 Pennsylvania Ave NW, Washington, DC 20006, USA<\/div><\/div><\/div><\/div><div class='col-md-4'><div class=\"card\" style=\"background-color:#ffffff; color:#f7c51e\"><span class='icon'><i class='fa fa-envelope-o' style='color: #ffffff'><\/i><\/span><div class=\"content-wrap\"><span class='item-title' style='color:#c9c9c9;'>Contact us via mail<\/span><div class='text font1' style='color:#444444' >info@industrial<\/div><\/div><\/div><\/div><\/div><\/div><\/div><\/div><\/div><\/div><div class=\"vc_row-full-width vc_clearfix\"><\/div><div data-vc-full-width=\"true\" data-vc-full-width-temp=\"true\" data-vc-full-width-init=\"false\" data-vc-stretch-content=\"true\" class=\"vc_row wpb_row vc_row-fluid vc_row-no-padding\"><div class=\"wpb_column vc_column_container vc_col-md-12\"><div class=\"vc_column-inner vc_custom_1470128005808\"><div class=\"wpb_wrapper\"><div data-styles='[{\"featureType\":\"landscape\",\"stylers\":[{\"saturation\":-100},{\"lightness\":65},{\"visibility\":\"on\"}]},{\"featureType\":\"poi\",\"stylers\":[{\"saturation\":-100},{\"lightness\":51},{\"visibility\":\"simplified\"}]},{\"featureType\":\"road.highway\",\"stylers\":[{\"saturation\":-100},{\"visibility\":\"simplified\"}]},{\"featureType\":\"road.arterial\",\"stylers\":[{\"saturation\":-100},{\"lightness\":30},{\"visibility\":\"on\"}]},{\"featureType\":\"road.local\",\"stylers\":[{\"saturation\":-100},{\"lightness\":40},{\"visibility\":\"on\"}]},{\"featureType\":\"transit\",\"stylers\":[{\"saturation\":-100},{\"visibility\":\"simplified\"}]},{\"featureType\":\"administrative.province\",\"stylers\":[{\"visibility\":\"off\"}]},{\"featureType\":\"water\",\"elementType\":\"labels\",\"stylers\":[{\"visibility\":\"on\"},{\"lightness\":-25},{\"saturation\":-100}]},{\"featureType\":\"water\",\"elementType\":\"geometry\",\"stylers\":[{\"hue\":\"#ffff00\"},{\"lightness\":-25},{\"saturation\":-97}]}]' class='map' id='map1' style='height: 450px;' data-type='ROADMAP' data-zoom='14' data-scroll='false' data-markers='{ \"address\": \"Howard University Middle School of Mathematics and Science\",  \"center\": \"true\", \"data\": \"\", \"options\": { \"icon\": \"\" } }|{ \"address\": \"Woodley Park\",  \"center\": \"\", \"data\": \"\", \"options\": { \"icon\": \"\" } }|{ \"address\": \"Langdon, Washington, D.C.\",  \"center\": \"\", \"data\": \"\", \"options\": { \"icon\": \"\" } }|'><\/div><\/div><\/div><\/div><\/div><div class=\"vc_row-full-width vc_clearfix\"><\/div>\n<\/div>","protected":false},"excerpt":{"rendered":"MARK TERAN Lorem ipsum dolor sit amet, consectetur adipiscing elit. Mauris a enim aliquam, condimentum nisl a, laoreet lectus. Aliquam convallis sed elit nec vehicula. Praesent gravida, massa sit amet ullamcorper fringilla, tortor nunc ultrices dui, in tristique leo leo &hellip;","protected":false},"author":1,"featured_media":0,"parent":0,"menu_order":0,"comment_status":"closed","ping_status":"closed","template":"","meta":{"_acf_changed":false,"footnotes":""},"class_list":["post-1096","page","type-page","status-publish","hentry"],"acf":[],"yoast_head":"<!-- This site is optimized with the Yoast SEO Premium plugin v26.3 (Yoast SEO v27.1.1) - https:\/\/yoast.com\/product\/yoast-seo-premium-wordpress\/ -->\n<title>Home - LASERPOLAK SP ZOO<\/title>\n<meta name=\"robots\" content=\"index, follow, max-snippet:-1, max-image-preview:large, max-video-preview:-1\" \/>\n<link rel=\"canonical\" href=\"https:\/\/laserpolak.pl\/en\/home\/\" \/>\n<meta property=\"og:locale\" content=\"en_US\" \/>\n<meta property=\"og:type\" content=\"article\" \/>\n<meta property=\"og:title\" content=\"Home\" \/>\n<meta property=\"og:url\" content=\"https:\/\/laserpolak.pl\/en\/home\/\" \/>\n<meta property=\"og:site_name\" content=\"LASERPOLAK SP ZOO\" \/>\n<meta name=\"twitter:card\" content=\"summary_large_image\" \/>\n<meta name=\"twitter:label1\" content=\"Est. reading time\" \/>\n\t<meta name=\"twitter:data1\" content=\"6 minutes\" \/>\n<script type=\"application\/ld+json\" class=\"yoast-schema-graph\">{\"@context\":\"https:\/\/schema.org\",\"@graph\":[{\"@type\":\"WebPage\",\"@id\":\"https:\/\/laserpolak.pl\/home\/\",\"url\":\"https:\/\/laserpolak.pl\/home\/\",\"name\":\"Home - LASERPOLAK SP ZOO\",\"isPartOf\":{\"@id\":\"https:\/\/laserpolak.pl\/#website\"},\"datePublished\":\"2016-01-06T13:11:34+00:00\",\"breadcrumb\":{\"@id\":\"https:\/\/laserpolak.pl\/home\/#breadcrumb\"},\"inLanguage\":\"en-US\",\"potentialAction\":[{\"@type\":\"ReadAction\",\"target\":[\"https:\/\/laserpolak.pl\/home\/\"]}]},{\"@type\":\"BreadcrumbList\",\"@id\":\"https:\/\/laserpolak.pl\/home\/#breadcrumb\",\"itemListElement\":[{\"@type\":\"ListItem\",\"position\":1,\"name\":\"Home\",\"item\":\"https:\/\/laserpolak.pl\/\"},{\"@type\":\"ListItem\",\"position\":2,\"name\":\"Home\"}]},{\"@type\":\"WebSite\",\"@id\":\"https:\/\/laserpolak.pl\/#website\",\"url\":\"https:\/\/laserpolak.pl\/\",\"name\":\"LASERPOLAK SP ZOO\",\"description\":\"Wykonywanie konstrukcji stalowych, ci\u0119cie laserowe, obr\u00f3bka blach\",\"potentialAction\":[{\"@type\":\"SearchAction\",\"target\":{\"@type\":\"EntryPoint\",\"urlTemplate\":\"https:\/\/laserpolak.pl\/?s={search_term_string}\"},\"query-input\":{\"@type\":\"PropertyValueSpecification\",\"valueRequired\":true,\"valueName\":\"search_term_string\"}}],\"inLanguage\":\"en-US\"}]}<\/script>\n<!-- \/ Yoast SEO Premium plugin. -->","yoast_head_json":{"title":"Home - LASERPOLAK SP ZOO","robots":{"index":"index","follow":"follow","max-snippet":"max-snippet:-1","max-image-preview":"max-image-preview:large","max-video-preview":"max-video-preview:-1"},"canonical":"https:\/\/laserpolak.pl\/en\/home\/","og_locale":"en_US","og_type":"article","og_title":"Home","og_url":"https:\/\/laserpolak.pl\/en\/home\/","og_site_name":"LASERPOLAK SP ZOO","twitter_card":"summary_large_image","twitter_misc":{"Est. reading time":"6 minutes"},"schema":{"@context":"https:\/\/schema.org","@graph":[{"@type":"WebPage","@id":"https:\/\/laserpolak.pl\/home\/","url":"https:\/\/laserpolak.pl\/home\/","name":"Home - LASERPOLAK SP ZOO","isPartOf":{"@id":"https:\/\/laserpolak.pl\/#website"},"datePublished":"2016-01-06T13:11:34+00:00","breadcrumb":{"@id":"https:\/\/laserpolak.pl\/home\/#breadcrumb"},"inLanguage":"en-US","potentialAction":[{"@type":"ReadAction","target":["https:\/\/laserpolak.pl\/home\/"]}]},{"@type":"BreadcrumbList","@id":"https:\/\/laserpolak.pl\/home\/#breadcrumb","itemListElement":[{"@type":"ListItem","position":1,"name":"Home","item":"https:\/\/laserpolak.pl\/"},{"@type":"ListItem","position":2,"name":"Home"}]},{"@type":"WebSite","@id":"https:\/\/laserpolak.pl\/#website","url":"https:\/\/laserpolak.pl\/","name":"LASERPOLAK SP ZOO","description":"Wykonywanie konstrukcji stalowych, ci\u0119cie laserowe, obr\u00f3bka blach","potentialAction":[{"@type":"SearchAction","target":{"@type":"EntryPoint","urlTemplate":"https:\/\/laserpolak.pl\/?s={search_term_string}"},"query-input":{"@type":"PropertyValueSpecification","valueRequired":true,"valueName":"search_term_string"}}],"inLanguage":"en-US"}]}},"_links":{"self":[{"href":"https:\/\/laserpolak.pl\/en\/wp-json\/wp\/v2\/pages\/1096","targetHints":{"allow":["GET"]}}],"collection":[{"href":"https:\/\/laserpolak.pl\/en\/wp-json\/wp\/v2\/pages"}],"about":[{"href":"https:\/\/laserpolak.pl\/en\/wp-json\/wp\/v2\/types\/page"}],"author":[{"embeddable":true,"href":"https:\/\/laserpolak.pl\/en\/wp-json\/wp\/v2\/users\/1"}],"replies":[{"embeddable":true,"href":"https:\/\/laserpolak.pl\/en\/wp-json\/wp\/v2\/comments?post=1096"}],"version-history":[{"count":0,"href":"https:\/\/laserpolak.pl\/en\/wp-json\/wp\/v2\/pages\/1096\/revisions"}],"wp:attachment":[{"href":"https:\/\/laserpolak.pl\/en\/wp-json\/wp\/v2\/media?parent=1096"}],"curies":[{"name":"wp","href":"https:\/\/api.w.org\/{rel}","templated":true}]}}