{"id":2820,"date":"2021-12-14T11:40:37","date_gmt":"2021-12-14T10:40:37","guid":{"rendered":"http:\/\/laserpolak.pl\/?page_id=2820"},"modified":"2025-11-06T08:47:43","modified_gmt":"2025-11-06T07:47:43","slug":"zamowienia","status":"publish","type":"page","link":"https:\/\/laserpolak.pl\/en\/zamowienia\/","title":{"rendered":"ORDERS"},"content":{"rendered":"<div class=\"wpb-content-wrapper\"><div class=\"vc_row wpb_row vc_row-fluid vc_custom_1762415258144\"><div class=\"wpb_column vc_column_container vc_col-md-12\"><div class=\"vc_column-inner\"><div class=\"wpb_wrapper\">\n\t<div class=\"wpb_text_column wpb_content_element\" >\n\t\t<div class=\"wpb_wrapper\">\n\t\t\t<p><strong>Conditions:<\/strong><\/p>\n<ol>\n<li>Valuation files should be delivered in the format: *.dxf, *.dwg, *.stp or *pdf for sheet metal details (2D) and should have an extension for bent elements. We accept documentation in electronic form in the above-mentioned formats, without scaling dimensions and annotations. It is possible to create executive documentation for a fee.<\/li>\n<li>Provide 1:1 scale 2D drawings;<\/li>\n<li>Orders based on a finished detail extend the valuation time. This involves the work of a technologist, which can be added to the valuation;<\/li>\n<li>The inquiry should contain the following information:<br \/>\nMaterial type (thickness, grade)<br \/>\nMaterial: contractor or entrusted<br \/>\nNumber of details<br \/>\nOperations to be quoted (cutting, bending, welding, etc.)<br \/>\nEstimated order completion date<\/li>\n<li>Each inquiry is considered individually. We do not price laser cutting per linear meter or per kilogram.<\/li>\n<li>The minimum order amount is PLN 200 net (the amount does not include transport costs and material costs)<\/li>\n<li>The price offer sent does not include deburring, surface cleaning, edge chamfering and additional processing.<br \/>\n<strong>In the case of requirements treatment, this should be indicated in the submitted inquiry.<\/strong><\/li>\n<li>Accuracy of sheet metal cutting up to 10 mm thick \u00b1 0.1 \u00f7 0.4 mm. Obtained surface roughness Ra = 3 \u00f7 10. Thickness and flatness of the sheet and surface condition in accordance with the applicable deviations of metallurgical standards.<\/li>\n<li>During cutting at the beginning of the laser operation, a burr is formed as a result of the so-called microjoints. The valuation does not include the removal of this burr.<\/li>\n<li>During burning, melting may occur at the point of entry and exit of the laser beam, which is beyond our control.<\/li>\n<li>Due to the contact of the lower surface of the metal sheet with the grate of the machine's working table, it is not possible to completely protect it against scratching. The prices quoted do not include the removal of possible scratches from this surface by polishing or otherwise.<\/li>\n<li>Tolerances for bent elements for a material thickness of up to 5 mm and a length of 3000 mm are as follows:<br \/>\n\u2013 for linear dimensions \u2013 +\/-0.1 \u2013 0.4 mm<br \/>\n\u2013 for angular dimensions +\/- 2o<br \/>\nThere is a risk that after the bending process, the detail support lines on the matrix will remain visible. The prices quoted do not include their removal.<\/li>\n<li>At the customer's request, we return the waste after informing about the need in the order.<\/li>\n<\/ol>\n<p><strong>We provide cutting and bending services in accordance with the technical capabilities of our machine park and our guidelines. By accepting the offer, the customer also accepts the parameters and conditions for making details on our machines.<\/strong><\/p>\n\n\t\t<\/div>\n\t<\/div>\n<\/div><\/div><\/div><\/div>\n<\/div>","protected":false},"excerpt":{"rendered":"Warunki zam\u00f3wienia Pliki do wyceny powinny by\u0107 dostarczone w formacie: *.dxf , *.dwg, *.stp lub *pdf dla detali z blachy (2D) oraz powinny posiada\u0107 rozwini\u0119cie dla element\u00f3w gi\u0119tych. Dokumentacj\u0119 przyjmujemy w formie elektronicznej w w\/w formatach, bez skalowania wymiar\u00f3w i &hellip;","protected":false},"author":1,"featured_media":0,"parent":0,"menu_order":0,"comment_status":"closed","ping_status":"closed","template":"","meta":{"_acf_changed":false,"footnotes":""},"class_list":["post-2820","page","type-page","status-publish","hentry"],"acf":[],"yoast_head":"<!-- This site is optimized with the Yoast SEO Premium plugin v26.3 (Yoast SEO v27.1.1) - https:\/\/yoast.com\/product\/yoast-seo-premium-wordpress\/ -->\n<title>Zam\u00f3wienia - LASERPOLAK SP ZOO<\/title>\n<meta name=\"robots\" content=\"index, follow, max-snippet:-1, max-image-preview:large, max-video-preview:-1\" \/>\n<link rel=\"canonical\" href=\"https:\/\/laserpolak.pl\/en\/zamowienia\/\" \/>\n<meta property=\"og:locale\" content=\"en_US\" \/>\n<meta property=\"og:type\" content=\"article\" \/>\n<meta property=\"og:title\" content=\"Zam\u00f3wienia\" \/>\n<meta property=\"og:url\" content=\"https:\/\/laserpolak.pl\/en\/zamowienia\/\" \/>\n<meta property=\"og:site_name\" content=\"LASERPOLAK SP ZOO\" \/>\n<meta property=\"article:modified_time\" content=\"2025-11-06T07:47:43+00:00\" \/>\n<meta name=\"twitter:card\" content=\"summary_large_image\" \/>\n<meta name=\"twitter:label1\" content=\"Est. reading time\" \/>\n\t<meta name=\"twitter:data1\" content=\"2 minutes\" \/>\n<script type=\"application\/ld+json\" class=\"yoast-schema-graph\">{\"@context\":\"https:\/\/schema.org\",\"@graph\":[{\"@type\":\"WebPage\",\"@id\":\"https:\/\/laserpolak.pl\/en\/zamowienia\/\",\"url\":\"https:\/\/laserpolak.pl\/en\/zamowienia\/\",\"name\":\"Zam\u00f3wienia - LASERPOLAK SP ZOO\",\"isPartOf\":{\"@id\":\"https:\/\/laserpolak.pl\/#website\"},\"datePublished\":\"2021-12-14T10:40:37+00:00\",\"dateModified\":\"2025-11-06T07:47:43+00:00\",\"breadcrumb\":{\"@id\":\"https:\/\/laserpolak.pl\/en\/zamowienia\/#breadcrumb\"},\"inLanguage\":\"en-US\",\"potentialAction\":[{\"@type\":\"ReadAction\",\"target\":[\"https:\/\/laserpolak.pl\/en\/zamowienia\/\"]}]},{\"@type\":\"BreadcrumbList\",\"@id\":\"https:\/\/laserpolak.pl\/en\/zamowienia\/#breadcrumb\",\"itemListElement\":[{\"@type\":\"ListItem\",\"position\":1,\"name\":\"Home\",\"item\":\"https:\/\/laserpolak.pl\/\"},{\"@type\":\"ListItem\",\"position\":2,\"name\":\"Zam\u00f3wienia\"}]},{\"@type\":\"WebSite\",\"@id\":\"https:\/\/laserpolak.pl\/#website\",\"url\":\"https:\/\/laserpolak.pl\/\",\"name\":\"LASERPOLAK SP ZOO\",\"description\":\"Wykonywanie konstrukcji stalowych, ci\u0119cie laserowe, obr\u00f3bka blach\",\"potentialAction\":[{\"@type\":\"SearchAction\",\"target\":{\"@type\":\"EntryPoint\",\"urlTemplate\":\"https:\/\/laserpolak.pl\/?s={search_term_string}\"},\"query-input\":{\"@type\":\"PropertyValueSpecification\",\"valueRequired\":true,\"valueName\":\"search_term_string\"}}],\"inLanguage\":\"en-US\"}]}<\/script>\n<!-- \/ Yoast SEO Premium plugin. -->","yoast_head_json":{"title":"Zam\u00f3wienia - LASERPOLAK SP ZOO","robots":{"index":"index","follow":"follow","max-snippet":"max-snippet:-1","max-image-preview":"max-image-preview:large","max-video-preview":"max-video-preview:-1"},"canonical":"https:\/\/laserpolak.pl\/en\/zamowienia\/","og_locale":"en_US","og_type":"article","og_title":"Zam\u00f3wienia","og_url":"https:\/\/laserpolak.pl\/en\/zamowienia\/","og_site_name":"LASERPOLAK SP ZOO","article_modified_time":"2025-11-06T07:47:43+00:00","twitter_card":"summary_large_image","twitter_misc":{"Est. reading time":"2 minutes"},"schema":{"@context":"https:\/\/schema.org","@graph":[{"@type":"WebPage","@id":"https:\/\/laserpolak.pl\/en\/zamowienia\/","url":"https:\/\/laserpolak.pl\/en\/zamowienia\/","name":"Zam\u00f3wienia - LASERPOLAK SP ZOO","isPartOf":{"@id":"https:\/\/laserpolak.pl\/#website"},"datePublished":"2021-12-14T10:40:37+00:00","dateModified":"2025-11-06T07:47:43+00:00","breadcrumb":{"@id":"https:\/\/laserpolak.pl\/en\/zamowienia\/#breadcrumb"},"inLanguage":"en-US","potentialAction":[{"@type":"ReadAction","target":["https:\/\/laserpolak.pl\/en\/zamowienia\/"]}]},{"@type":"BreadcrumbList","@id":"https:\/\/laserpolak.pl\/en\/zamowienia\/#breadcrumb","itemListElement":[{"@type":"ListItem","position":1,"name":"Home","item":"https:\/\/laserpolak.pl\/"},{"@type":"ListItem","position":2,"name":"Zam\u00f3wienia"}]},{"@type":"WebSite","@id":"https:\/\/laserpolak.pl\/#website","url":"https:\/\/laserpolak.pl\/","name":"LASERPOLAK SP ZOO","description":"Wykonywanie konstrukcji stalowych, ci\u0119cie laserowe, obr\u00f3bka blach","potentialAction":[{"@type":"SearchAction","target":{"@type":"EntryPoint","urlTemplate":"https:\/\/laserpolak.pl\/?s={search_term_string}"},"query-input":{"@type":"PropertyValueSpecification","valueRequired":true,"valueName":"search_term_string"}}],"inLanguage":"en-US"}]}},"_links":{"self":[{"href":"https:\/\/laserpolak.pl\/en\/wp-json\/wp\/v2\/pages\/2820","targetHints":{"allow":["GET"]}}],"collection":[{"href":"https:\/\/laserpolak.pl\/en\/wp-json\/wp\/v2\/pages"}],"about":[{"href":"https:\/\/laserpolak.pl\/en\/wp-json\/wp\/v2\/types\/page"}],"author":[{"embeddable":true,"href":"https:\/\/laserpolak.pl\/en\/wp-json\/wp\/v2\/users\/1"}],"replies":[{"embeddable":true,"href":"https:\/\/laserpolak.pl\/en\/wp-json\/wp\/v2\/comments?post=2820"}],"version-history":[{"count":1,"href":"https:\/\/laserpolak.pl\/en\/wp-json\/wp\/v2\/pages\/2820\/revisions"}],"predecessor-version":[{"id":3473,"href":"https:\/\/laserpolak.pl\/en\/wp-json\/wp\/v2\/pages\/2820\/revisions\/3473"}],"wp:attachment":[{"href":"https:\/\/laserpolak.pl\/en\/wp-json\/wp\/v2\/media?parent=2820"}],"curies":[{"name":"wp","href":"https:\/\/api.w.org\/{rel}","templated":true}]}}