{"id":2984,"date":"2022-12-02T12:06:36","date_gmt":"2022-12-02T11:06:36","guid":{"rendered":"http:\/\/laserpolak.pl\/?page_id=2984"},"modified":"2026-03-12T10:46:27","modified_gmt":"2026-03-12T09:46:27","slug":"forma-do-blokow-betonowych-lego","status":"publish","type":"page","link":"https:\/\/laserpolak.pl\/en\/forma-do-blokow-betonowych-lego\/","title":{"rendered":"Forma do blok\u00f3w betonowych LEGO"},"content":{"rendered":"<div class=\"wpb-content-wrapper\"><div class=\"vc_row wpb_row vc_row-fluid vc_custom_1453287409122\"><div class=\"wpb_column vc_column_container vc_col-md-12\"><div class=\"vc_column-inner\"><div class=\"wpb_wrapper\">\n\t<div  class=\"wpb_single_image wpb_content_element vc_align_left wpb_content_element\">\n\t\t\n\t\t<figure class=\"wpb_wrapper vc_figure\">\n\t\t\t<div class=\"vc_single_image-wrapper vc_box_shadow  vc_box_border_grey\"><img loading=\"lazy\" decoding=\"async\" width=\"1200\" height=\"715\" src=\"https:\/\/laserpolak.pl\/wp-content\/uploads\/2025\/03\/180x60x60-forma-lego.jpg\" class=\"vc_single_image-img attachment-full\" alt=\"\" title=\"180x60x60 forma lego\" srcset=\"https:\/\/laserpolak.pl\/wp-content\/uploads\/2025\/03\/180x60x60-forma-lego.jpg 1200w, https:\/\/laserpolak.pl\/wp-content\/uploads\/2025\/03\/180x60x60-forma-lego-600x358.jpg 600w, https:\/\/laserpolak.pl\/wp-content\/uploads\/2025\/03\/180x60x60-forma-lego-300x179.jpg 300w, https:\/\/laserpolak.pl\/wp-content\/uploads\/2025\/03\/180x60x60-forma-lego-1024x610.jpg 1024w, https:\/\/laserpolak.pl\/wp-content\/uploads\/2025\/03\/180x60x60-forma-lego-768x458.jpg 768w\" sizes=\"auto, (max-width: 1200px) 100vw, 1200px\" \/><\/div>\n\t\t<\/figure>\n\t<\/div>\n\n\t<div class=\"wpb_text_column wpb_content_element\" >\n\t\t<div class=\"wpb_wrapper\">\n\t\t\t<p>Formy do blok\u00f3w betonowych to narz\u0119dzia niezb\u0119dne do produkcji betonowych element\u00f3w konstrukcyjnych, kt\u00f3re znajduj\u0105 zastosowanie w r\u00f3\u017cnych projektach budowlanych. <strong>Formy do blok\u00f3w betonowych lego pozwalaj\u0105 na tworzenie trwa\u0142ych i estetycznych blok\u00f3w betonowych, kt\u00f3re mo\u017cna \u0142atwo \u0142\u0105czy\u0107 ze sob\u0105, podobnie jak klocki lego<\/strong>. Dzi\u0119ki precyzji wykonania, formy do blok\u00f3w betonowych gwarantuj\u0105 powtarzalno\u015b\u0107 i dok\u0142adno\u015b\u0107 w procesie produkcji.<\/p>\n<h2>Zalety form do blok\u00f3w betonowych<\/h2>\n<ul>\n<li>High durability and resistance to damage. Metal concrete forms are made of high-strength materials, guaranteeing their long life, even with intensive use. They are resistant to corrosion, cracks, and mechanical damage.<\/li>\n<li>Mo\u017cliwo\u015b\u0107 wielokrotnego u\u017cytku. <strong>Formy do odlewania betonu mo\u017cna wielokrotnie wykorzystywa\u0107 w procesie produkcji, co znacz\u0105co obni\u017ca koszty operacyjne. Dzi\u0119ki trwa\u0142o\u015bci i odporno\u015bci na zu\u017cycie, formy te zachowuj\u0105 swoj\u0105 funkcjonalno\u015b\u0107 przez d\u0142ugi czas<\/strong>.<\/li>\n<li><strong>Elastyczno\u015b\u0107 w dostosowywaniu form do r\u00f3\u017cnych wymiar\u00f3w blok\u00f3w betonowych \u2013 Nasze formy do blok\u00f3w betonowych mog\u0105 by\u0107 dostosowane do r\u00f3\u017cnych rozmiar\u00f3w i kszta\u0142t\u00f3w prefabrykat\u00f3w, co pozwala na produkcj\u0119 zar\u00f3wno standardowych, jak i niestandardowych element\u00f3w betonowych<\/strong>.<\/li>\n<li>Szerokie zastosowanie w budownictwie. Formy odlewnicze do betonu s\u0105 wykorzystywane w r\u00f3\u017cnorodnych projektach budowlanych. Znajduj\u0105 zastosowanie w infrastrukturze, takiej jak mury oporowe, fundamenty, rampy i bariery, a tak\u017ce w konstrukcjach przemys\u0142owych i komercyjnych.<\/li>\n<\/ul>\n<p><strong>Formy odlewnicze do betonu s\u0105 szeroko stosowane w budownictwie, zar\u00f3wno w projektach infrastrukturalnych, takich jak mury oporowe czy fundamenty, jak i w tworzeniu konstrukcji przemys\u0142owych i komercyjnych<\/strong>.<\/p>\n<h2>Zastosowanie form do blok\u00f3w betonowych<\/h2>\n<p>Formy do blok\u00f3w betonowych maj\u0105 szerokie zastosowanie w wielu sektorach budownictwa, zar\u00f3wno w projektach infrastrukturalnych, jak i przemys\u0142owych oraz komercyjnych. Formy s\u0105 u\u017cywane do:<\/p>\n<ul>\n<li>budowy mur\u00f3w oporowych. Bloki produkowane za pomoc\u0105 form do blok\u00f3w betonowych lego doskonale nadaj\u0105 si\u0119 do konstrukcji stabilnych mur\u00f3w oporowych, kt\u00f3re zabezpieczaj\u0105 tereny przed osuwaniem si\u0119 ziemi.<\/li>\n<li>Fundament\u00f3w i element\u00f3w no\u015bnych. Dzi\u0119ki wytrzyma\u0142o\u015bci i precyzyjnej konstrukcji bloki betonowe mog\u0105 by\u0107 wykorzystywane jako solidne fundamenty budynk\u00f3w, parking\u00f3w, a nawet infrastruktury drogowej.<\/li>\n<li>Magazyn\u00f3w i hal przemys\u0142owych \u2013 Bloki wykonane za pomoc\u0105 form metalowych do betonu s\u0105 cz\u0119sto u\u017cywane w budowie wielkogabarytowych hal magazynowych, centr\u00f3w logistycznych i obiekt\u00f3w przemys\u0142owych.<\/li>\n<li>\u015aciany dzia\u0142owe i konstrukcje wewn\u0119trzne \u2013 Zdolno\u015b\u0107 do \u0142atwego \u0142\u0105czenia blok\u00f3w, podobnie jak klock\u00f3w lego, umo\u017cliwia szybkie stawianie \u015bcian dzia\u0142owych w budynkach przemys\u0142owych, magazynach, czy nawet w budynkach mieszkalnych.<\/li>\n<\/ul>\n<h2>Forma do blok\u00f3w betonowych lego \u2013 oferta form<\/h2>\n<p>Nasza oferta obejmuje szeroki wyb\u00f3r form do blok\u00f3w betonowych lego, kt\u00f3re s\u0105 dost\u0119pne w r\u00f3\u017cnych wymiarach, umo\u017cliwiaj\u0105c dostosowanie do indywidualnych potrzeb projektowych. Oferujemy form do blok\u00f3w betonowych w r\u00f3\u017cnych rozmiarach, w tym<\/p>\n<ul>\n<li>160x80x80 cm,<\/li>\n<li>160x80x60 cm,<\/li>\n<li>160x40x80 cm,<\/li>\n<li>160x40x60 cm,<\/li>\n<li>160x40x40 cm,<\/li>\n<li>180x60x60 cm,<\/li>\n<li>180x30x60 cm,<\/li>\n<li>180x30x30 cm,<\/li>\n<li>120x60x60 cm,<\/li>\n<li>150x50x50 cm,<\/li>\n<li>150x50x80 cm,<\/li>\n<li>200x50x80 cm.<\/li>\n<\/ul>\n<h2>Formy do blok\u00f3w betonowych \u2013 precyzja i efektywno\u015b\u0107<\/h2>\n<p><strong>Oferujemy r\u00f3wnie\u017c formy metalowe do betonu, kt\u00f3re charakteryzuj\u0105 si\u0119 du\u017c\u0105 wytrzyma\u0142o\u015bci\u0105 i precyzj\u0105 wykonania. Formy do betonu s\u0105 \u0142atwe w monta\u017cu i demonta\u017cu, co skraca czas przygotowania do produkcji.<\/strong> Formy odlewnicze do betonu pozwalaj\u0105 na produkcj\u0119 betonowych blok\u00f3w, kt\u00f3re mog\u0105 by\u0107 wykorzystywane w r\u00f3\u017cnorodnych projektach budowlanych, takich jak mury, fundamenty czy konstrukcje przemys\u0142owe.<\/p>\n<h2>Us\u0142ugi firmy Laserpolak \u2013 gi\u0119cie blach i ci\u0119cie laserowe<\/h2>\n<p>Opr\u00f3cz produkcji form do betonu oferujemy tak\u017ce zaawansowane us\u0142ugi gi\u0119cia blach oraz <a href=\"https:\/\/laserpolak.pl\/en\/ciecie-laserowe\/\">ci\u0119cia laserowego<\/a>. Dysponujemy nowoczesn\u0105 wycinark\u0105 laserow\u0105 Fiber o mocy 6 kW, kt\u00f3ra umo\u017cliwia ci\u0119cie materia\u0142\u00f3w o dowolnych kszta\u0142tach z dok\u0142adno\u015bci\u0105 do 0,1 mm. Nasza technologia zapewnia 100% powtarzalno\u015bci oraz optymalne wykorzystanie materia\u0142u.<\/p>\n<h3>Maksymalne gabaryty ci\u0119cia<\/h3>\n<ul>\n<li>3000 x 1500 mm<\/li>\n<\/ul>\n<h3>Maksymalne grubo\u015bci ci\u0119cia<\/h3>\n<ul>\n<li>Stal czarna: 25 mm<\/li>\n<li>Stal nierdzewna: 20 mm<\/li>\n<li>Aluminium: 16 mm<\/li>\n<li>Mied\u017a: 15 mm<\/li>\n<li>Mosi\u0105dz: 12 mm<\/li>\n<\/ul>\n<p>Oferujemy r\u00f3wnie\u017c us\u0142ugi <a href=\"https:\/\/laserpolak.pl\/en\/obrobka-plastyczna\/\">gi\u0119cia metali<\/a> przy u\u017cyciu pras kraw\u0119dziowych SafanDarley e-Brake, kt\u00f3re zapewniaj\u0105 najwy\u017csz\u0105 precyzj\u0119 gi\u0119cia oraz oszcz\u0119dno\u015b\u0107 energii. Dzi\u0119ki zaawansowanemu sterowaniu CNC mo\u017cliwe jest dok\u0142adne gi\u0119cie blach o r\u00f3\u017cnej grubo\u015bci, co przek\u0142ada si\u0119 na doskona\u0142\u0105 jako\u015b\u0107 wykonania.<\/p>\n<h2>Skontaktuj si\u0119 z nami!<\/h2>\n<p>Je\u015bli potrzebujesz form do blok\u00f3w betonowych lego lub profesjonalnych us\u0142ug ci\u0119cia i gi\u0119cia metali, zapraszamy do kontaktu. Nasz zesp\u00f3\u0142 ekspert\u00f3w ch\u0119tnie pomo\u017ce w doborze odpowiednich produkt\u00f3w i us\u0142ug, kt\u00f3re spe\u0142ni\u0105 wszystkie Twoje oczekiwania.<\/p>\n\n\t\t<\/div>\n\t<\/div>\n<\/div><\/div><\/div><\/div>\n<\/div>","protected":false},"excerpt":{"rendered":"Formy do blok\u00f3w betonowych to narz\u0119dzia niezb\u0119dne do produkcji betonowych element\u00f3w konstrukcyjnych, kt\u00f3re znajduj\u0105 zastosowanie w r\u00f3\u017cnych projektach budowlanych. Formy do blok\u00f3w betonowych lego pozwalaj\u0105 na tworzenie trwa\u0142ych i estetycznych blok\u00f3w betonowych, kt\u00f3re mo\u017cna \u0142atwo \u0142\u0105czy\u0107 ze sob\u0105, podobnie jak &hellip;","protected":false},"author":1,"featured_media":0,"parent":0,"menu_order":0,"comment_status":"closed","ping_status":"closed","template":"","meta":{"_acf_changed":false,"footnotes":""},"class_list":["post-2984","page","type-page","status-publish","hentry"],"acf":[],"yoast_head":"<!-- This site is optimized with the Yoast SEO Premium plugin v26.3 (Yoast SEO v27.1.1) - https:\/\/yoast.com\/product\/yoast-seo-premium-wordpress\/ -->\n<title>Forma do blok\u00f3w betonowych LEGO - LASERPOLAK SP ZOO<\/title>\n<meta name=\"robots\" content=\"index, follow, max-snippet:-1, max-image-preview:large, max-video-preview:-1\" \/>\n<link rel=\"canonical\" href=\"https:\/\/laserpolak.pl\/en\/forma-do-blokow-betonowych-lego\/\" \/>\n<meta property=\"og:locale\" content=\"en_US\" \/>\n<meta property=\"og:type\" content=\"article\" \/>\n<meta property=\"og:title\" content=\"Forma do blok\u00f3w betonowych LEGO\" \/>\n<meta property=\"og:url\" content=\"https:\/\/laserpolak.pl\/en\/forma-do-blokow-betonowych-lego\/\" \/>\n<meta property=\"og:site_name\" content=\"LASERPOLAK SP ZOO\" \/>\n<meta property=\"article:modified_time\" content=\"2026-03-12T09:46:27+00:00\" \/>\n<meta name=\"twitter:card\" content=\"summary_large_image\" \/>\n<meta name=\"twitter:label1\" content=\"Est. reading time\" \/>\n\t<meta name=\"twitter:data1\" content=\"4 minutes\" \/>\n<script type=\"application\/ld+json\" class=\"yoast-schema-graph\">{\"@context\":\"https:\/\/schema.org\",\"@graph\":[{\"@type\":\"WebPage\",\"@id\":\"https:\/\/laserpolak.pl\/forma-do-blokow-betonowych-lego\/\",\"url\":\"https:\/\/laserpolak.pl\/forma-do-blokow-betonowych-lego\/\",\"name\":\"Forma do blok\u00f3w betonowych LEGO - LASERPOLAK SP ZOO\",\"isPartOf\":{\"@id\":\"https:\/\/laserpolak.pl\/#website\"},\"datePublished\":\"2022-12-02T11:06:36+00:00\",\"dateModified\":\"2026-03-12T09:46:27+00:00\",\"breadcrumb\":{\"@id\":\"https:\/\/laserpolak.pl\/forma-do-blokow-betonowych-lego\/#breadcrumb\"},\"inLanguage\":\"en-US\",\"potentialAction\":[{\"@type\":\"ReadAction\",\"target\":[\"https:\/\/laserpolak.pl\/forma-do-blokow-betonowych-lego\/\"]}]},{\"@type\":\"BreadcrumbList\",\"@id\":\"https:\/\/laserpolak.pl\/forma-do-blokow-betonowych-lego\/#breadcrumb\",\"itemListElement\":[{\"@type\":\"ListItem\",\"position\":1,\"name\":\"Home\",\"item\":\"https:\/\/laserpolak.pl\/\"},{\"@type\":\"ListItem\",\"position\":2,\"name\":\"Forma do blok\u00f3w betonowych LEGO\"}]},{\"@type\":\"WebSite\",\"@id\":\"https:\/\/laserpolak.pl\/#website\",\"url\":\"https:\/\/laserpolak.pl\/\",\"name\":\"LASERPOLAK SP ZOO\",\"description\":\"Wykonywanie konstrukcji stalowych, ci\u0119cie laserowe, obr\u00f3bka blach\",\"potentialAction\":[{\"@type\":\"SearchAction\",\"target\":{\"@type\":\"EntryPoint\",\"urlTemplate\":\"https:\/\/laserpolak.pl\/?s={search_term_string}\"},\"query-input\":{\"@type\":\"PropertyValueSpecification\",\"valueRequired\":true,\"valueName\":\"search_term_string\"}}],\"inLanguage\":\"en-US\"}]}<\/script>\n<!-- \/ Yoast SEO Premium plugin. -->","yoast_head_json":{"title":"Forma do blok\u00f3w betonowych LEGO - LASERPOLAK SP ZOO","robots":{"index":"index","follow":"follow","max-snippet":"max-snippet:-1","max-image-preview":"max-image-preview:large","max-video-preview":"max-video-preview:-1"},"canonical":"https:\/\/laserpolak.pl\/en\/forma-do-blokow-betonowych-lego\/","og_locale":"en_US","og_type":"article","og_title":"Forma do blok\u00f3w betonowych LEGO","og_url":"https:\/\/laserpolak.pl\/en\/forma-do-blokow-betonowych-lego\/","og_site_name":"LASERPOLAK SP ZOO","article_modified_time":"2026-03-12T09:46:27+00:00","twitter_card":"summary_large_image","twitter_misc":{"Est. reading time":"4 minutes"},"schema":{"@context":"https:\/\/schema.org","@graph":[{"@type":"WebPage","@id":"https:\/\/laserpolak.pl\/forma-do-blokow-betonowych-lego\/","url":"https:\/\/laserpolak.pl\/forma-do-blokow-betonowych-lego\/","name":"Forma do blok\u00f3w betonowych LEGO - LASERPOLAK SP ZOO","isPartOf":{"@id":"https:\/\/laserpolak.pl\/#website"},"datePublished":"2022-12-02T11:06:36+00:00","dateModified":"2026-03-12T09:46:27+00:00","breadcrumb":{"@id":"https:\/\/laserpolak.pl\/forma-do-blokow-betonowych-lego\/#breadcrumb"},"inLanguage":"en-US","potentialAction":[{"@type":"ReadAction","target":["https:\/\/laserpolak.pl\/forma-do-blokow-betonowych-lego\/"]}]},{"@type":"BreadcrumbList","@id":"https:\/\/laserpolak.pl\/forma-do-blokow-betonowych-lego\/#breadcrumb","itemListElement":[{"@type":"ListItem","position":1,"name":"Home","item":"https:\/\/laserpolak.pl\/"},{"@type":"ListItem","position":2,"name":"Forma do blok\u00f3w betonowych LEGO"}]},{"@type":"WebSite","@id":"https:\/\/laserpolak.pl\/#website","url":"https:\/\/laserpolak.pl\/","name":"LASERPOLAK SP ZOO","description":"Wykonywanie konstrukcji stalowych, ci\u0119cie laserowe, obr\u00f3bka blach","potentialAction":[{"@type":"SearchAction","target":{"@type":"EntryPoint","urlTemplate":"https:\/\/laserpolak.pl\/?s={search_term_string}"},"query-input":{"@type":"PropertyValueSpecification","valueRequired":true,"valueName":"search_term_string"}}],"inLanguage":"en-US"}]}},"_links":{"self":[{"href":"https:\/\/laserpolak.pl\/en\/wp-json\/wp\/v2\/pages\/2984","targetHints":{"allow":["GET"]}}],"collection":[{"href":"https:\/\/laserpolak.pl\/en\/wp-json\/wp\/v2\/pages"}],"about":[{"href":"https:\/\/laserpolak.pl\/en\/wp-json\/wp\/v2\/types\/page"}],"author":[{"embeddable":true,"href":"https:\/\/laserpolak.pl\/en\/wp-json\/wp\/v2\/users\/1"}],"replies":[{"embeddable":true,"href":"https:\/\/laserpolak.pl\/en\/wp-json\/wp\/v2\/comments?post=2984"}],"version-history":[{"count":1,"href":"https:\/\/laserpolak.pl\/en\/wp-json\/wp\/v2\/pages\/2984\/revisions"}],"predecessor-version":[{"id":3534,"href":"https:\/\/laserpolak.pl\/en\/wp-json\/wp\/v2\/pages\/2984\/revisions\/3534"}],"wp:attachment":[{"href":"https:\/\/laserpolak.pl\/en\/wp-json\/wp\/v2\/media?parent=2984"}],"curies":[{"name":"wp","href":"https:\/\/api.w.org\/{rel}","templated":true}]}}