{"id":2990,"date":"2022-12-02T12:17:00","date_gmt":"2022-12-02T11:17:00","guid":{"rendered":"http:\/\/laserpolak.pl\/?page_id=2990"},"modified":"2022-12-02T12:17:00","modified_gmt":"2022-12-02T11:17:00","slug":"obrobka-plastyczna","status":"publish","type":"page","link":"https:\/\/laserpolak.pl\/en\/obrobka-plastyczna\/","title":{"rendered":"Gi\u0119cie blach"},"content":{"rendered":"<div class=\"wpb-content-wrapper\"><div class=\"vc_row wpb_row vc_row-fluid vc_custom_1453287409122\"><div class=\"wpb_column vc_column_container vc_col-md-12\"><div class=\"vc_column-inner\"><div class=\"wpb_wrapper\">\n\t<div  class=\"wpb_single_image wpb_content_element vc_align_left wpb_content_element\">\n\t\t\n\t\t<figure class=\"wpb_wrapper vc_figure\">\n\t\t\t<div class=\"vc_single_image-wrapper   vc_box_border_grey\"><img loading=\"lazy\" decoding=\"async\" width=\"1200\" height=\"748\" src=\"https:\/\/laserpolak.pl\/wp-content\/uploads\/2021\/12\/frezowanie-cnc.jpg\" class=\"vc_single_image-img attachment-full\" alt=\"\" title=\"frezowanie cnc\" srcset=\"https:\/\/laserpolak.pl\/wp-content\/uploads\/2021\/12\/frezowanie-cnc.jpg 1200w, https:\/\/laserpolak.pl\/wp-content\/uploads\/2021\/12\/frezowanie-cnc-600x374.jpg 600w, https:\/\/laserpolak.pl\/wp-content\/uploads\/2021\/12\/frezowanie-cnc-300x187.jpg 300w, https:\/\/laserpolak.pl\/wp-content\/uploads\/2021\/12\/frezowanie-cnc-1024x638.jpg 1024w, https:\/\/laserpolak.pl\/wp-content\/uploads\/2021\/12\/frezowanie-cnc-768x479.jpg 768w\" sizes=\"auto, (max-width: 1200px) 100vw, 1200px\" \/><\/div>\n\t\t<\/figure>\n\t<\/div>\n<h3 class='heading-left  divider-sm' ><span>Gi\u0119cie blach<\/span><\/h3>\n\t<div class=\"wpb_text_column wpb_content_element\" >\n\t\t<div class=\"wpb_wrapper\">\n\t\t\t<p>Kszta\u0142towanie na zimno element\u00f3w na prasach SAFANDARLEY.<\/p>\n<p>Precyzja gi\u0119cia:<\/p>\n<ul>\n<li>Prasy kraw\u0119dziowa SAFANDARLEY E-Brake<\/li>\n<li>Nacisk 1300 kN (130 ton)<\/li>\n<li>Max. d\u0142ugo\u015b\u0107 gi\u0119cia 3060 mm<\/li>\n<li>Zasi\u0119g 5-osiowych zderzak\u00f3w 1000 mm sterowanie CNC<\/li>\n<li>Prze\u015bwit Q=590 mm<\/li>\n<li>Bardzo wysoka dok\u0142adno\u015b\u0107 gi\u0119cia<\/li>\n<li>Nowoczesny program technologiczny<\/li>\n<\/ul>\n\n\t\t<\/div>\n\t<\/div>\n<\/div><\/div><\/div><\/div><div class=\"vc_row wpb_row vc_row-fluid\"><div class=\"wpb_column vc_column_container vc_col-md-12\"><div class=\"vc_column-inner\"><div class=\"wpb_wrapper\"><div  class=\"vc_wp_text wpb_content_element\"><div class=\"widget widget_text\">\t\t\t<div class=\"textwidget\"><p>\nLaserPolak to marka renomowanej firmy P.P.U.H. Polak z siedzib\u0105 na \u015al\u0105sku od lat dzia\u0142aj\u0105ca w bran\u017cy <strong>obr\u00f3bki blach.<\/strong> Nasza oferta obejmuje kompleksowe us\u0142ugi, takie jak <strong>gi\u0119cie, ci\u0119cie i spawanie<\/strong>.<\/p>\n<p>Gi\u0119cie blach na prasie kraw\u0119dziowej to precyzyjny proces obr\u00f3bki metalu, kt\u00f3ry umo\u017cliwia uzyskanie element\u00f3w o dok\u0142adnie okre\u015blonych kszta\u0142tach i k\u0105tach. Dzi\u0119ki zastosowaniu nowoczesnych pras kraw\u0119dziowych, mo\u017cliwe jest formowanie r\u00f3\u017cnorodnych detali z blach o r\u00f3\u017cnych grubo\u015bciach i rodzajach, takich jak stal konstrukcyjna, stal nierdzewna, aluminium czy mied\u017a.<\/p>\n<h2 id=\"co-nas-wyr\u00f3\u017cnia\">Co nas wyr\u00f3\u017cnia?<\/h2>\n<p>Nasze us\u0142ugi gi\u0119cia blach charakteryzuj\u0105 si\u0119:<\/p>\n<ul>\n<li><strong>Precyzj\u0105<\/strong> \u2013 Dzi\u0119ki komputerowemu sterowaniu CNC zapewniamy idealne odwzorowanie projekt\u00f3w z dok\u0142adno\u015bci\u0105 do dziesi\u0105tych cz\u0119\u015bci milimetra.<\/li>\n<li><strong>Wszechstronno\u015bci\u0105<\/strong> \u2013 Obs\u0142ugujemy r\u00f3\u017cne rodzaje blach, w tym cienkie i grubsze materia\u0142y, co pozwala nam na realizacj\u0119 zar\u00f3wno ma\u0142ych, jak i du\u017cych serii produkcyjnych.<\/li>\n<li><strong>Powtarzalno\u015bci\u0105<\/strong> \u2013 Ka\u017cdy element, niezale\u017cnie od wielko\u015bci zam\u00f3wienia, jest gi\u0119ty z tak\u0105 sam\u0105 dok\u0142adno\u015bci\u0105, co zapewnia jednolit\u0105 jako\u015b\u0107 ka\u017cdej partii.<\/li>\n<li><strong>Indywidualnym podej\u015bciem<\/strong> \u2013 Realizujemy projekty dostosowane do potrzeb klient\u00f3w, oferuj\u0105c fachowe doradztwo na ka\u017cdym etapie produkcji.<\/li>\n<\/ul>\n<p>Us\u0142ugi gi\u0119cia metali realizujemy z wykorzystaniem nowoczesnych pras kraw\u0119dziowych <strong>SafanDarley e-Brake<\/strong>, kt\u00f3re gwarantuj\u0105 najwy\u017csz\u0105 precyzj\u0119 i efektywno\u015b\u0107. Dzi\u0119ki technologii <strong>e-brake<\/strong> mo\u017cliwe jest osi\u0105gni\u0119cie wyj\u0105tkowej dok\u0142adno\u015bci oraz pe\u0142nej kontroli nad procesem gi\u0119cia, co przek\u0142ada si\u0119 na doskona\u0142\u0105 jako\u015b\u0107 i powtarzalno\u015b\u0107 produkcji.<\/p>\n<p>Prasy SafanDarley e-Brake oferuj\u0105 liczne zalety, takie jak:<\/p>\n<ul>\n<li><strong>Serwo-elektryczny nap\u0119d<\/strong> \u2013 zapewnia szybkie i p\u0142ynne gi\u0119cie przy minimalnym zu\u017cyciu energii.<\/li>\n<li><strong>Wysoka precyzja gi\u0119cia<\/strong> \u2013 idealne odwzorowanie nawet najbardziej skomplikowanych projekt\u00f3w.<\/li>\n<li><strong>Zaawansowane sterowanie CNC<\/strong> \u2013 umo\u017cliwia gi\u0119cie blach o r\u00f3\u017cnej grubo\u015bci i z\u0142o\u017conych kszta\u0142tach z zachowaniem du\u017cej dok\u0142adno\u015bci.<\/li>\n<li><strong>Ekologia i energooszcz\u0119dno\u015b\u0107<\/strong> \u2013 dzi\u0119ki innowacyjnym rozwi\u0105zaniom technologicznym, prasy e-Brake zu\u017cywaj\u0105 znacznie mniej energii w por\u00f3wnaniu do tradycyjnych pras hydraulicznych.<\/li>\n<li><strong>Dodatkowo nasza prasa kraw\u0119dziowa charakteryzuje si\u0119 poni\u017cszymi parametrami<\/strong>:- Si\u0142a nacisku \u2013 1300 kN- D\u0142ugo\u015b\u0107 gi\u0119cia \u2013 3060 mm- Prze\u015bwit Q \u2013 590 mm- Pr\u0119dko\u015b\u0107 gi\u0119cia \u2013 do 20 mm\/s\n<p>&#8211; Osie sterowane numeryczne<\/li>\n<\/ul>\n<p>Nasze zaawansowane <strong>us\u0142ugi gi\u0119cia blach znajduj\u0105 zastosowanie w wielu bran\u017cach, m.in. motoryzacyjnej, maszynowej, produkcyjnej i budowlanej<\/strong>, gdzie precyzja i jako\u015b\u0107 s\u0105 niezb\u0119dne do osi\u0105gni\u0119cia optymalnych rezultat\u00f3w.<\/p>\n<h2 id=\"gi\u0119cie-blach-\u2014-zaufaj-ekspe\">Gi\u0119cie blach \u2014 zaufaj ekspertom<\/h2>\n<p>Skontaktuj si\u0119 z nami, aby dowiedzie\u0107 si\u0119 wi\u0119cej o tym, jak nasze us\u0142ugi gi\u0119cia blach mog\u0105 wspiera\u0107 Twoje potrzeby produkcyjne i projektowe. Jeste\u015bmy gotowi, aby odpowiedzie\u0107 na pytania, doradzi\u0107 najlepsze rozwi\u0105zania i pom\u00f3c w realizacji nawet najbardziej skomplikowanych projekt\u00f3w.<\/p>\n<p>Niezale\u017cnie od skali i skomplikowania zlecenia, nasz zesp\u00f3\u0142 zapewni kompleksow\u0105 obs\u0142ug\u0119 i wsparcie na ka\u017cdym etapie wsp\u00f3\u0142pracy. Wybierz nas i <strong>przekonaj si\u0119, jak gi\u0119cie mo\u017ce wzmocni\u0107 Twoje projekty i przyczyni\u0107 si\u0119 do sukcesu firmy.<\/strong><\/p>\n<\/div>\n\t\t<\/div><\/div><\/div><\/div><\/div><\/div>\n<\/div>","protected":false},"excerpt":{"rendered":"Gi\u0119cie blach Kszta\u0142towanie na zimno element\u00f3w na prasach SAFANDARLEY. Precyzja gi\u0119cia: Prasy kraw\u0119dziowa SAFANDARLEY E-Brake Nacisk 1300 kN (130 ton) Max. d\u0142ugo\u015b\u0107 gi\u0119cia 3060 mm Zasi\u0119g 5-osiowych zderzak\u00f3w 1000 mm sterowanie CNC Prze\u015bwit Q=590 mm Bardzo wysoka dok\u0142adno\u015b\u0107 gi\u0119cia Nowoczesny &hellip;","protected":false},"author":1,"featured_media":0,"parent":0,"menu_order":0,"comment_status":"closed","ping_status":"closed","template":"","meta":{"_acf_changed":false,"footnotes":""},"class_list":["post-2990","page","type-page","status-publish","hentry"],"acf":[],"yoast_head":"<!-- This site is optimized with the Yoast SEO Premium plugin v26.3 (Yoast SEO v27.1.1) - https:\/\/yoast.com\/product\/yoast-seo-premium-wordpress\/ -->\n<title>Gi\u0119cie blach - LASERPOLAK SP ZOO<\/title>\n<meta name=\"robots\" content=\"index, follow, max-snippet:-1, max-image-preview:large, max-video-preview:-1\" \/>\n<link rel=\"canonical\" href=\"https:\/\/laserpolak.pl\/en\/obrobka-plastyczna\/\" \/>\n<meta property=\"og:locale\" content=\"en_US\" \/>\n<meta property=\"og:type\" content=\"article\" \/>\n<meta property=\"og:title\" content=\"Gi\u0119cie blach\" \/>\n<meta property=\"og:url\" content=\"https:\/\/laserpolak.pl\/en\/obrobka-plastyczna\/\" \/>\n<meta property=\"og:site_name\" content=\"LASERPOLAK SP ZOO\" \/>\n<meta name=\"twitter:card\" content=\"summary_large_image\" \/>\n<meta name=\"twitter:label1\" content=\"Est. reading time\" \/>\n\t<meta name=\"twitter:data1\" content=\"3 minutes\" \/>\n<script type=\"application\/ld+json\" class=\"yoast-schema-graph\">{\"@context\":\"https:\/\/schema.org\",\"@graph\":[{\"@type\":\"WebPage\",\"@id\":\"https:\/\/laserpolak.pl\/en\/obrobka-plastyczna\/\",\"url\":\"https:\/\/laserpolak.pl\/en\/obrobka-plastyczna\/\",\"name\":\"Gi\u0119cie blach - LASERPOLAK SP ZOO\",\"isPartOf\":{\"@id\":\"https:\/\/laserpolak.pl\/#website\"},\"datePublished\":\"2022-12-02T11:17:00+00:00\",\"breadcrumb\":{\"@id\":\"https:\/\/laserpolak.pl\/en\/obrobka-plastyczna\/#breadcrumb\"},\"inLanguage\":\"en-US\",\"potentialAction\":[{\"@type\":\"ReadAction\",\"target\":[\"https:\/\/laserpolak.pl\/en\/obrobka-plastyczna\/\"]}]},{\"@type\":\"BreadcrumbList\",\"@id\":\"https:\/\/laserpolak.pl\/en\/obrobka-plastyczna\/#breadcrumb\",\"itemListElement\":[{\"@type\":\"ListItem\",\"position\":1,\"name\":\"Home\",\"item\":\"https:\/\/laserpolak.pl\/\"},{\"@type\":\"ListItem\",\"position\":2,\"name\":\"Gi\u0119cie blach\"}]},{\"@type\":\"WebSite\",\"@id\":\"https:\/\/laserpolak.pl\/#website\",\"url\":\"https:\/\/laserpolak.pl\/\",\"name\":\"LASERPOLAK SP ZOO\",\"description\":\"Wykonywanie konstrukcji stalowych, ci\u0119cie laserowe, obr\u00f3bka blach\",\"potentialAction\":[{\"@type\":\"SearchAction\",\"target\":{\"@type\":\"EntryPoint\",\"urlTemplate\":\"https:\/\/laserpolak.pl\/?s={search_term_string}\"},\"query-input\":{\"@type\":\"PropertyValueSpecification\",\"valueRequired\":true,\"valueName\":\"search_term_string\"}}],\"inLanguage\":\"en-US\"}]}<\/script>\n<!-- \/ Yoast SEO Premium plugin. -->","yoast_head_json":{"title":"Gi\u0119cie blach - LASERPOLAK SP ZOO","robots":{"index":"index","follow":"follow","max-snippet":"max-snippet:-1","max-image-preview":"max-image-preview:large","max-video-preview":"max-video-preview:-1"},"canonical":"https:\/\/laserpolak.pl\/en\/obrobka-plastyczna\/","og_locale":"en_US","og_type":"article","og_title":"Gi\u0119cie blach","og_url":"https:\/\/laserpolak.pl\/en\/obrobka-plastyczna\/","og_site_name":"LASERPOLAK SP ZOO","twitter_card":"summary_large_image","twitter_misc":{"Est. reading time":"3 minutes"},"schema":{"@context":"https:\/\/schema.org","@graph":[{"@type":"WebPage","@id":"https:\/\/laserpolak.pl\/en\/obrobka-plastyczna\/","url":"https:\/\/laserpolak.pl\/en\/obrobka-plastyczna\/","name":"Gi\u0119cie blach - LASERPOLAK SP ZOO","isPartOf":{"@id":"https:\/\/laserpolak.pl\/#website"},"datePublished":"2022-12-02T11:17:00+00:00","breadcrumb":{"@id":"https:\/\/laserpolak.pl\/en\/obrobka-plastyczna\/#breadcrumb"},"inLanguage":"en-US","potentialAction":[{"@type":"ReadAction","target":["https:\/\/laserpolak.pl\/en\/obrobka-plastyczna\/"]}]},{"@type":"BreadcrumbList","@id":"https:\/\/laserpolak.pl\/en\/obrobka-plastyczna\/#breadcrumb","itemListElement":[{"@type":"ListItem","position":1,"name":"Home","item":"https:\/\/laserpolak.pl\/"},{"@type":"ListItem","position":2,"name":"Gi\u0119cie blach"}]},{"@type":"WebSite","@id":"https:\/\/laserpolak.pl\/#website","url":"https:\/\/laserpolak.pl\/","name":"LASERPOLAK SP ZOO","description":"Wykonywanie konstrukcji stalowych, ci\u0119cie laserowe, obr\u00f3bka blach","potentialAction":[{"@type":"SearchAction","target":{"@type":"EntryPoint","urlTemplate":"https:\/\/laserpolak.pl\/?s={search_term_string}"},"query-input":{"@type":"PropertyValueSpecification","valueRequired":true,"valueName":"search_term_string"}}],"inLanguage":"en-US"}]}},"_links":{"self":[{"href":"https:\/\/laserpolak.pl\/en\/wp-json\/wp\/v2\/pages\/2990","targetHints":{"allow":["GET"]}}],"collection":[{"href":"https:\/\/laserpolak.pl\/en\/wp-json\/wp\/v2\/pages"}],"about":[{"href":"https:\/\/laserpolak.pl\/en\/wp-json\/wp\/v2\/types\/page"}],"author":[{"embeddable":true,"href":"https:\/\/laserpolak.pl\/en\/wp-json\/wp\/v2\/users\/1"}],"replies":[{"embeddable":true,"href":"https:\/\/laserpolak.pl\/en\/wp-json\/wp\/v2\/comments?post=2990"}],"version-history":[{"count":0,"href":"https:\/\/laserpolak.pl\/en\/wp-json\/wp\/v2\/pages\/2990\/revisions"}],"wp:attachment":[{"href":"https:\/\/laserpolak.pl\/en\/wp-json\/wp\/v2\/media?parent=2990"}],"curies":[{"name":"wp","href":"https:\/\/api.w.org\/{rel}","templated":true}]}}