{"id":2992,"date":"2022-12-02T12:18:10","date_gmt":"2022-12-02T11:18:10","guid":{"rendered":"http:\/\/laserpolak.pl\/?page_id=2992"},"modified":"2026-03-12T10:48:01","modified_gmt":"2026-03-12T09:48:01","slug":"formy-do-scian-oporowych-typu-l-i-t","status":"publish","type":"page","link":"https:\/\/laserpolak.pl\/en\/formy-do-scian-oporowych-typu-l-i-t\/","title":{"rendered":"Formy do \u015bcian oporowych typu L i T"},"content":{"rendered":"<div class=\"wpb-content-wrapper\"><div class=\"vc_row wpb_row vc_row-fluid vc_custom_1453287409122\"><div class=\"wpb_column vc_column_container vc_col-md-12\"><div class=\"vc_column-inner\"><div class=\"wpb_wrapper\">\n\t<div  class=\"wpb_single_image wpb_content_element vc_align_left wpb_content_element\">\n\t\t\n\t\t<figure class=\"wpb_wrapper vc_figure\">\n\t\t\t<div class=\"vc_single_image-wrapper   vc_box_border_grey\"><img loading=\"lazy\" decoding=\"async\" width=\"300\" height=\"223\" src=\"https:\/\/laserpolak.pl\/wp-content\/uploads\/2025\/03\/Forma-typu-L-tyl-300x223.jpg\" class=\"vc_single_image-img attachment-medium\" alt=\"\" title=\"Forma typu L ty\u0142\" srcset=\"https:\/\/laserpolak.pl\/wp-content\/uploads\/2025\/03\/Forma-typu-L-tyl-300x223.jpg 300w, https:\/\/laserpolak.pl\/wp-content\/uploads\/2025\/03\/Forma-typu-L-tyl-600x446.jpg 600w, https:\/\/laserpolak.pl\/wp-content\/uploads\/2025\/03\/Forma-typu-L-tyl-768x571.jpg 768w, https:\/\/laserpolak.pl\/wp-content\/uploads\/2025\/03\/Forma-typu-L-tyl.jpg 862w\" sizes=\"auto, (max-width: 300px) 100vw, 300px\" \/><\/div>\n\t\t<\/figure>\n\t<\/div>\n\n\t<div class=\"wpb_text_column wpb_content_element\" >\n\t\t<div class=\"wpb_wrapper\">\n\t\t\t<p>Formy do betonu typu L to specjalistyczne narz\u0119dzia wykorzystywane do produkcji \u015bcian oporowych w kszta\u0142cie litery \u201eL\u201d. \u015aciany te pe\u0142ni\u0105 funkcj\u0119 stabilizacyjn\u0105 w r\u00f3\u017cnych projektach budowlanych, takich jak mury oporowe, parkingi, podjazdy czy konstrukcje drogowe. <strong>Formy do \u015bcian oporowych s\u0105 wykonane z wysokiej jako\u015bci stali, co zapewnia trwa\u0142o\u015b\u0107 oraz precyzyjne odwzorowanie kszta\u0142tu gotowego elementu<\/strong>. Dzi\u0119ki solidnej konstrukcji formy gwarantuj\u0105 powtarzalno\u015b\u0107 i dok\u0142adno\u015b\u0107 wymiarow\u0105.<\/p>\n<h2>Forma do \u015bcian oporowych \u2013 oferta<\/h2>\n<p>Nasza oferta obejmuje r\u00f3\u017cnorodne formy do \u015bcian oporowych i formy do betonu typu L, kt\u00f3re s\u0105 dost\u0119pne w r\u00f3\u017cnych wymiarach i konfiguracjach:<\/p>\n<ul>\n<li><strong>forma do \u015bcian oporowych typ L \u2013 standardowe wymiary.<br \/>\nOferujemy formy do produkcji \u015bcian w kszta\u0142cie litery L, kt\u00f3re stosuje si\u0119 w projektach budowlanych wymagaj\u0105cych stabilnych i wytrzyma\u0142ych konstrukcji oporowych<\/strong>.<\/li>\n<li><strong>Formy do betonu typu L z r\u00f3\u017cnymi opcjami wymiarowymi umo\u017cliwiaj\u0105cymi produkcj\u0119 \u015bcian oporowych o r\u00f3\u017cnej wysoko\u015bci, dzi\u0119ki zastosowaniu dodatkowych przegr\u00f3d.<\/strong><\/li>\n<li>Formy do \u015bcian oporowych mo\u017cna r\u00f3wnie\u017c wykorzysta\u0107 jako nowoczesne ogrodzenia betonowe.<\/li>\n<li>Formy do betonu typu L \u2013 w\u0142a\u015bciwo\u015bci<\/li>\n<li><strong>Wysoka precyzja wykonania. Formy do \u015bcian betonowych zapewniaj\u0105 dok\u0142adno\u015b\u0107 wymiarow\u0105 i powtarzalno\u015b\u0107 w produkcji.<\/strong><\/li>\n<li>Wysoka wytrzyma\u0142o\u015b\u0107. Wykonane z materia\u0142\u00f3w o wysokiej odporno\u015bci na zu\u017cycie, co zapewnia d\u0142ug\u0105 \u017cywotno\u015b\u0107.<\/li>\n<li>\u0141atwy monta\u017c i demonta\u017c. Formy s\u0105 zaprojektowane z my\u015bl\u0105 o prostym i szybkim monta\u017cu, co przyspiesza proces produkcji.<\/li>\n<li>Elastyczno\u015b\u0107. Mo\u017cliwo\u015b\u0107 produkcji \u015bcian oporowych o r\u00f3\u017cnych wymiarach dzi\u0119ki modu\u0142owej konstrukcji.<\/li>\n<\/ul>\n<h2>Us\u0142ugi gi\u0119cia blach<\/h2>\n<p>Realizujemy r\u00f3wnie\u017c us\u0142ugi <a href=\"https:\/\/laserpolak.pl\/en\/obrobka-plastyczna\/\">gi\u0119cia metali<\/a> z wykorzystaniem nowoczesnych pras kraw\u0119dziowych SafanDarley e-Brake. Ta zaawansowana technologia umo\u017cliwia gi\u0119cie blach z najwy\u017csz\u0105 precyzj\u0105, co przek\u0142ada si\u0119 na idealne odwzorowanie nawet najbardziej skomplikowanych projekt\u00f3w. Dzi\u0119ki serwo-elektrycznemu nap\u0119dowi, nasze prasy zapewniaj\u0105 szybkie i p\u0142ynne gi\u0119cie przy minimalnym zu\u017cyciu energii.<\/p>\n<h2>Skontaktuj si\u0119 z nami!<\/h2>\n<p>Je\u015bli szukasz wysokiej jako\u015bci form do \u015bcian oporowych, kt\u00f3re zapewni\u0105 precyzj\u0119 i elastyczno\u015b\u0107 w Twoich projektach budowlanych, zapraszamy do kontaktu. Nasi specjali\u015bci ch\u0119tnie doradz\u0105 i pomog\u0105 dobra\u0107 odpowiednie formy do betonu typu L dostosowane do Twoich potrzeb. Skontaktuj si\u0119 z nami ju\u017c dzi\u015b, aby uzyska\u0107 wi\u0119cej informacji!<\/p>\n\n\t\t<\/div>\n\t<\/div>\n<\/div><\/div><\/div><\/div>\n<\/div>","protected":false},"excerpt":{"rendered":"Formy do betonu typu L to specjalistyczne narz\u0119dzia wykorzystywane do produkcji \u015bcian oporowych w kszta\u0142cie litery \u201eL\u201d. \u015aciany te pe\u0142ni\u0105 funkcj\u0119 stabilizacyjn\u0105 w r\u00f3\u017cnych projektach budowlanych, takich jak mury oporowe, parkingi, podjazdy czy konstrukcje drogowe. Formy do \u015bcian oporowych s\u0105 &hellip;","protected":false},"author":1,"featured_media":0,"parent":0,"menu_order":0,"comment_status":"closed","ping_status":"closed","template":"","meta":{"_acf_changed":false,"footnotes":""},"class_list":["post-2992","page","type-page","status-publish","hentry"],"acf":[],"yoast_head":"<!-- This site is optimized with the Yoast SEO Premium plugin v26.3 (Yoast SEO v27.1.1) - https:\/\/yoast.com\/product\/yoast-seo-premium-wordpress\/ -->\n<title>Obr\u00f3bka metali skrawaniem cnc stali nierdzewnej, aluminium | Myszk\u00f3w, Cz\u0119stochowa, Katowice, Krak\u00f3w | - LASERPOLAK SP ZOO<\/title>\n<meta name=\"description\" content=\"Precyzyjna obr\u00f3bka skrawaniem dla du\u017cych element\u00f3w. Firma Laserpolak zapewnia najwy\u017csze standardy wykonania dla przemys\u0142u. Sprawd\u017a szczeg\u00f3\u0142y oferty!&quot;\" \/>\n<meta name=\"robots\" content=\"index, follow, max-snippet:-1, max-image-preview:large, max-video-preview:-1\" \/>\n<link rel=\"canonical\" href=\"https:\/\/laserpolak.pl\/en\/formy-do-scian-oporowych-typu-l-i-t\/\" \/>\n<meta property=\"og:locale\" content=\"en_US\" \/>\n<meta property=\"og:type\" content=\"article\" \/>\n<meta property=\"og:title\" content=\"Formy do \u015bcian oporowych typu L i T\" \/>\n<meta property=\"og:description\" content=\"Precyzyjna obr\u00f3bka skrawaniem dla du\u017cych element\u00f3w. Firma Laserpolak zapewnia najwy\u017csze standardy wykonania dla przemys\u0142u. Sprawd\u017a szczeg\u00f3\u0142y oferty!&quot;\" \/>\n<meta property=\"og:url\" content=\"https:\/\/laserpolak.pl\/en\/formy-do-scian-oporowych-typu-l-i-t\/\" \/>\n<meta property=\"og:site_name\" content=\"LASERPOLAK SP ZOO\" \/>\n<meta property=\"article:modified_time\" content=\"2026-03-12T09:48:01+00:00\" \/>\n<meta name=\"twitter:card\" content=\"summary_large_image\" \/>\n<meta name=\"twitter:label1\" content=\"Est. reading time\" \/>\n\t<meta name=\"twitter:data1\" content=\"2 minutes\" \/>\n<script type=\"application\/ld+json\" class=\"yoast-schema-graph\">{\"@context\":\"https:\/\/schema.org\",\"@graph\":[{\"@type\":\"WebPage\",\"@id\":\"https:\/\/laserpolak.pl\/formy-do-scian-oporowych-typu-l-i-t\/\",\"url\":\"https:\/\/laserpolak.pl\/formy-do-scian-oporowych-typu-l-i-t\/\",\"name\":\"Obr\u00f3bka metali skrawaniem cnc stali nierdzewnej, aluminium | Myszk\u00f3w, Cz\u0119stochowa, Katowice, Krak\u00f3w | - LASERPOLAK SP ZOO\",\"isPartOf\":{\"@id\":\"https:\/\/laserpolak.pl\/#website\"},\"datePublished\":\"2022-12-02T11:18:10+00:00\",\"dateModified\":\"2026-03-12T09:48:01+00:00\",\"description\":\"Precyzyjna obr\u00f3bka skrawaniem dla du\u017cych element\u00f3w. Firma Laserpolak zapewnia najwy\u017csze standardy wykonania dla przemys\u0142u. Sprawd\u017a szczeg\u00f3\u0142y oferty!\\\"\",\"breadcrumb\":{\"@id\":\"https:\/\/laserpolak.pl\/formy-do-scian-oporowych-typu-l-i-t\/#breadcrumb\"},\"inLanguage\":\"en-US\",\"potentialAction\":[{\"@type\":\"ReadAction\",\"target\":[\"https:\/\/laserpolak.pl\/formy-do-scian-oporowych-typu-l-i-t\/\"]}]},{\"@type\":\"BreadcrumbList\",\"@id\":\"https:\/\/laserpolak.pl\/formy-do-scian-oporowych-typu-l-i-t\/#breadcrumb\",\"itemListElement\":[{\"@type\":\"ListItem\",\"position\":1,\"name\":\"Home\",\"item\":\"https:\/\/laserpolak.pl\/\"},{\"@type\":\"ListItem\",\"position\":2,\"name\":\"Formy do \u015bcian oporowych typu L i T\"}]},{\"@type\":\"WebSite\",\"@id\":\"https:\/\/laserpolak.pl\/#website\",\"url\":\"https:\/\/laserpolak.pl\/\",\"name\":\"LASERPOLAK SP ZOO\",\"description\":\"Wykonywanie konstrukcji stalowych, ci\u0119cie laserowe, obr\u00f3bka blach\",\"potentialAction\":[{\"@type\":\"SearchAction\",\"target\":{\"@type\":\"EntryPoint\",\"urlTemplate\":\"https:\/\/laserpolak.pl\/?s={search_term_string}\"},\"query-input\":{\"@type\":\"PropertyValueSpecification\",\"valueRequired\":true,\"valueName\":\"search_term_string\"}}],\"inLanguage\":\"en-US\"}]}<\/script>\n<!-- \/ Yoast SEO Premium plugin. -->","yoast_head_json":{"title":"Obr\u00f3bka metali skrawaniem cnc stali nierdzewnej, aluminium | Myszk\u00f3w, Cz\u0119stochowa, Katowice, Krak\u00f3w | - LASERPOLAK SP ZOO","description":"Precyzyjna obr\u00f3bka skrawaniem dla du\u017cych element\u00f3w. Firma Laserpolak zapewnia najwy\u017csze standardy wykonania dla przemys\u0142u. Sprawd\u017a szczeg\u00f3\u0142y oferty!\"","robots":{"index":"index","follow":"follow","max-snippet":"max-snippet:-1","max-image-preview":"max-image-preview:large","max-video-preview":"max-video-preview:-1"},"canonical":"https:\/\/laserpolak.pl\/en\/formy-do-scian-oporowych-typu-l-i-t\/","og_locale":"en_US","og_type":"article","og_title":"Formy do \u015bcian oporowych typu L i T","og_description":"Precyzyjna obr\u00f3bka skrawaniem dla du\u017cych element\u00f3w. Firma Laserpolak zapewnia najwy\u017csze standardy wykonania dla przemys\u0142u. Sprawd\u017a szczeg\u00f3\u0142y oferty!\"","og_url":"https:\/\/laserpolak.pl\/en\/formy-do-scian-oporowych-typu-l-i-t\/","og_site_name":"LASERPOLAK SP ZOO","article_modified_time":"2026-03-12T09:48:01+00:00","twitter_card":"summary_large_image","twitter_misc":{"Est. reading time":"2 minutes"},"schema":{"@context":"https:\/\/schema.org","@graph":[{"@type":"WebPage","@id":"https:\/\/laserpolak.pl\/formy-do-scian-oporowych-typu-l-i-t\/","url":"https:\/\/laserpolak.pl\/formy-do-scian-oporowych-typu-l-i-t\/","name":"Obr\u00f3bka metali skrawaniem cnc stali nierdzewnej, aluminium | Myszk\u00f3w, Cz\u0119stochowa, Katowice, Krak\u00f3w | - LASERPOLAK SP ZOO","isPartOf":{"@id":"https:\/\/laserpolak.pl\/#website"},"datePublished":"2022-12-02T11:18:10+00:00","dateModified":"2026-03-12T09:48:01+00:00","description":"Precyzyjna obr\u00f3bka skrawaniem dla du\u017cych element\u00f3w. Firma Laserpolak zapewnia najwy\u017csze standardy wykonania dla przemys\u0142u. Sprawd\u017a szczeg\u00f3\u0142y oferty!\"","breadcrumb":{"@id":"https:\/\/laserpolak.pl\/formy-do-scian-oporowych-typu-l-i-t\/#breadcrumb"},"inLanguage":"en-US","potentialAction":[{"@type":"ReadAction","target":["https:\/\/laserpolak.pl\/formy-do-scian-oporowych-typu-l-i-t\/"]}]},{"@type":"BreadcrumbList","@id":"https:\/\/laserpolak.pl\/formy-do-scian-oporowych-typu-l-i-t\/#breadcrumb","itemListElement":[{"@type":"ListItem","position":1,"name":"Home","item":"https:\/\/laserpolak.pl\/"},{"@type":"ListItem","position":2,"name":"Formy do \u015bcian oporowych typu L i T"}]},{"@type":"WebSite","@id":"https:\/\/laserpolak.pl\/#website","url":"https:\/\/laserpolak.pl\/","name":"LASERPOLAK SP ZOO","description":"Wykonywanie konstrukcji stalowych, ci\u0119cie laserowe, obr\u00f3bka blach","potentialAction":[{"@type":"SearchAction","target":{"@type":"EntryPoint","urlTemplate":"https:\/\/laserpolak.pl\/?s={search_term_string}"},"query-input":{"@type":"PropertyValueSpecification","valueRequired":true,"valueName":"search_term_string"}}],"inLanguage":"en-US"}]}},"_links":{"self":[{"href":"https:\/\/laserpolak.pl\/en\/wp-json\/wp\/v2\/pages\/2992","targetHints":{"allow":["GET"]}}],"collection":[{"href":"https:\/\/laserpolak.pl\/en\/wp-json\/wp\/v2\/pages"}],"about":[{"href":"https:\/\/laserpolak.pl\/en\/wp-json\/wp\/v2\/types\/page"}],"author":[{"embeddable":true,"href":"https:\/\/laserpolak.pl\/en\/wp-json\/wp\/v2\/users\/1"}],"replies":[{"embeddable":true,"href":"https:\/\/laserpolak.pl\/en\/wp-json\/wp\/v2\/comments?post=2992"}],"version-history":[{"count":1,"href":"https:\/\/laserpolak.pl\/en\/wp-json\/wp\/v2\/pages\/2992\/revisions"}],"predecessor-version":[{"id":3535,"href":"https:\/\/laserpolak.pl\/en\/wp-json\/wp\/v2\/pages\/2992\/revisions\/3535"}],"wp:attachment":[{"href":"https:\/\/laserpolak.pl\/en\/wp-json\/wp\/v2\/media?parent=2992"}],"curies":[{"name":"wp","href":"https:\/\/api.w.org\/{rel}","templated":true}]}}