{"id":2994,"date":"2022-12-02T12:19:07","date_gmt":"2022-12-02T11:19:07","guid":{"rendered":"http:\/\/laserpolak.pl\/?page_id=2994"},"modified":"2022-12-02T12:19:07","modified_gmt":"2022-12-02T11:19:07","slug":"spawanie-termiczne","status":"publish","type":"page","link":"https:\/\/laserpolak.pl\/en\/spawanie-termiczne\/","title":{"rendered":"Spawanie termiczne"},"content":{"rendered":"<div class=\"wpb-content-wrapper\"><div class=\"vc_row wpb_row vc_row-fluid vc_custom_1453287409122\"><div class=\"wpb_column vc_column_container vc_col-md-12\"><div class=\"vc_column-inner\"><div class=\"wpb_wrapper\">\n\t<div  class=\"wpb_single_image wpb_content_element vc_align_left wpb_content_element\">\n\t\t\n\t\t<figure class=\"wpb_wrapper vc_figure\">\n\t\t\t<div class=\"vc_single_image-wrapper   vc_box_border_grey\"><img loading=\"lazy\" decoding=\"async\" width=\"1200\" height=\"748\" src=\"https:\/\/laserpolak.pl\/wp-content\/uploads\/2021\/12\/spawanie.jpg\" class=\"vc_single_image-img attachment-full\" alt=\"\" title=\"spawanie\" srcset=\"https:\/\/laserpolak.pl\/wp-content\/uploads\/2021\/12\/spawanie.jpg 1200w, https:\/\/laserpolak.pl\/wp-content\/uploads\/2021\/12\/spawanie-600x374.jpg 600w, https:\/\/laserpolak.pl\/wp-content\/uploads\/2021\/12\/spawanie-300x187.jpg 300w, https:\/\/laserpolak.pl\/wp-content\/uploads\/2021\/12\/spawanie-1024x638.jpg 1024w, https:\/\/laserpolak.pl\/wp-content\/uploads\/2021\/12\/spawanie-768x479.jpg 768w\" sizes=\"auto, (max-width: 1200px) 100vw, 1200px\" \/><\/div>\n\t\t<\/figure>\n\t<\/div>\n<h3 class='heading-left  divider-sm' ><span>Spawanie termiczne<\/span><\/h3>\n\t<div class=\"wpb_text_column wpb_content_element\" >\n\t\t<div class=\"wpb_wrapper\">\n\t\t\t<p>Metody w jakich si\u0119 specjalizujemy to:<\/p>\n<ul>\n<li>mig<\/li>\n<li>mag<\/li>\n<li>tig<\/li>\n<\/ul>\n<p>Spawamy nast\u0119puj\u0105ce materia\u0142y:<\/p>\n<ul>\n<li>stal czarna<\/li>\n<li>stal nierdzewna<\/li>\n<li>aluminium<\/li>\n<li>mied\u017a<\/li>\n<li>tytan<\/li>\n<li>cynk<\/li>\n<\/ul>\n\n\t\t<\/div>\n\t<\/div>\n<\/div><\/div><\/div><\/div>\n<\/div>","protected":false},"excerpt":{"rendered":"Spawanie termiczne Metody w jakich si\u0119 specjalizujemy to: mig mag tig Spawamy nast\u0119puj\u0105ce materia\u0142y: stal czarna stal nierdzewna aluminium mied\u017a tytan cynk","protected":false},"author":1,"featured_media":0,"parent":0,"menu_order":0,"comment_status":"closed","ping_status":"closed","template":"","meta":{"_acf_changed":false,"footnotes":""},"class_list":["post-2994","page","type-page","status-publish","hentry"],"acf":[],"yoast_head":"<!-- This site is optimized with the Yoast SEO Premium plugin v26.3 (Yoast SEO v27.1.1) - https:\/\/yoast.com\/product\/yoast-seo-premium-wordpress\/ -->\n<title>Spawanie termiczne - LASERPOLAK SP ZOO<\/title>\n<meta name=\"robots\" content=\"index, follow, max-snippet:-1, max-image-preview:large, max-video-preview:-1\" \/>\n<link rel=\"canonical\" href=\"https:\/\/laserpolak.pl\/en\/spawanie-termiczne\/\" \/>\n<meta property=\"og:locale\" content=\"en_US\" \/>\n<meta property=\"og:type\" content=\"article\" \/>\n<meta property=\"og:title\" content=\"Spawanie termiczne\" \/>\n<meta property=\"og:url\" content=\"https:\/\/laserpolak.pl\/en\/spawanie-termiczne\/\" \/>\n<meta property=\"og:site_name\" content=\"LASERPOLAK SP ZOO\" \/>\n<meta name=\"twitter:card\" content=\"summary_large_image\" \/>\n<script type=\"application\/ld+json\" class=\"yoast-schema-graph\">{\"@context\":\"https:\/\/schema.org\",\"@graph\":[{\"@type\":\"WebPage\",\"@id\":\"https:\/\/laserpolak.pl\/en\/spawanie-termiczne\/\",\"url\":\"https:\/\/laserpolak.pl\/en\/spawanie-termiczne\/\",\"name\":\"Spawanie termiczne - LASERPOLAK SP ZOO\",\"isPartOf\":{\"@id\":\"https:\/\/laserpolak.pl\/#website\"},\"datePublished\":\"2022-12-02T11:19:07+00:00\",\"breadcrumb\":{\"@id\":\"https:\/\/laserpolak.pl\/en\/spawanie-termiczne\/#breadcrumb\"},\"inLanguage\":\"en-US\",\"potentialAction\":[{\"@type\":\"ReadAction\",\"target\":[\"https:\/\/laserpolak.pl\/en\/spawanie-termiczne\/\"]}]},{\"@type\":\"BreadcrumbList\",\"@id\":\"https:\/\/laserpolak.pl\/en\/spawanie-termiczne\/#breadcrumb\",\"itemListElement\":[{\"@type\":\"ListItem\",\"position\":1,\"name\":\"Home\",\"item\":\"https:\/\/laserpolak.pl\/\"},{\"@type\":\"ListItem\",\"position\":2,\"name\":\"Spawanie termiczne\"}]},{\"@type\":\"WebSite\",\"@id\":\"https:\/\/laserpolak.pl\/#website\",\"url\":\"https:\/\/laserpolak.pl\/\",\"name\":\"LASERPOLAK SP ZOO\",\"description\":\"Wykonywanie konstrukcji stalowych, ci\u0119cie laserowe, obr\u00f3bka blach\",\"potentialAction\":[{\"@type\":\"SearchAction\",\"target\":{\"@type\":\"EntryPoint\",\"urlTemplate\":\"https:\/\/laserpolak.pl\/?s={search_term_string}\"},\"query-input\":{\"@type\":\"PropertyValueSpecification\",\"valueRequired\":true,\"valueName\":\"search_term_string\"}}],\"inLanguage\":\"en-US\"}]}<\/script>\n<!-- \/ Yoast SEO Premium plugin. -->","yoast_head_json":{"title":"Spawanie termiczne - LASERPOLAK SP ZOO","robots":{"index":"index","follow":"follow","max-snippet":"max-snippet:-1","max-image-preview":"max-image-preview:large","max-video-preview":"max-video-preview:-1"},"canonical":"https:\/\/laserpolak.pl\/en\/spawanie-termiczne\/","og_locale":"en_US","og_type":"article","og_title":"Spawanie termiczne","og_url":"https:\/\/laserpolak.pl\/en\/spawanie-termiczne\/","og_site_name":"LASERPOLAK SP ZOO","twitter_card":"summary_large_image","schema":{"@context":"https:\/\/schema.org","@graph":[{"@type":"WebPage","@id":"https:\/\/laserpolak.pl\/en\/spawanie-termiczne\/","url":"https:\/\/laserpolak.pl\/en\/spawanie-termiczne\/","name":"Spawanie termiczne - LASERPOLAK SP ZOO","isPartOf":{"@id":"https:\/\/laserpolak.pl\/#website"},"datePublished":"2022-12-02T11:19:07+00:00","breadcrumb":{"@id":"https:\/\/laserpolak.pl\/en\/spawanie-termiczne\/#breadcrumb"},"inLanguage":"en-US","potentialAction":[{"@type":"ReadAction","target":["https:\/\/laserpolak.pl\/en\/spawanie-termiczne\/"]}]},{"@type":"BreadcrumbList","@id":"https:\/\/laserpolak.pl\/en\/spawanie-termiczne\/#breadcrumb","itemListElement":[{"@type":"ListItem","position":1,"name":"Home","item":"https:\/\/laserpolak.pl\/"},{"@type":"ListItem","position":2,"name":"Spawanie termiczne"}]},{"@type":"WebSite","@id":"https:\/\/laserpolak.pl\/#website","url":"https:\/\/laserpolak.pl\/","name":"LASERPOLAK SP ZOO","description":"Wykonywanie konstrukcji stalowych, ci\u0119cie laserowe, obr\u00f3bka blach","potentialAction":[{"@type":"SearchAction","target":{"@type":"EntryPoint","urlTemplate":"https:\/\/laserpolak.pl\/?s={search_term_string}"},"query-input":{"@type":"PropertyValueSpecification","valueRequired":true,"valueName":"search_term_string"}}],"inLanguage":"en-US"}]}},"_links":{"self":[{"href":"https:\/\/laserpolak.pl\/en\/wp-json\/wp\/v2\/pages\/2994","targetHints":{"allow":["GET"]}}],"collection":[{"href":"https:\/\/laserpolak.pl\/en\/wp-json\/wp\/v2\/pages"}],"about":[{"href":"https:\/\/laserpolak.pl\/en\/wp-json\/wp\/v2\/types\/page"}],"author":[{"embeddable":true,"href":"https:\/\/laserpolak.pl\/en\/wp-json\/wp\/v2\/users\/1"}],"replies":[{"embeddable":true,"href":"https:\/\/laserpolak.pl\/en\/wp-json\/wp\/v2\/comments?post=2994"}],"version-history":[{"count":0,"href":"https:\/\/laserpolak.pl\/en\/wp-json\/wp\/v2\/pages\/2994\/revisions"}],"wp:attachment":[{"href":"https:\/\/laserpolak.pl\/en\/wp-json\/wp\/v2\/media?parent=2994"}],"curies":[{"name":"wp","href":"https:\/\/api.w.org\/{rel}","templated":true}]}}