{"id":2996,"date":"2022-12-02T12:20:02","date_gmt":"2022-12-02T11:20:02","guid":{"rendered":"http:\/\/laserpolak.pl\/?page_id=2996"},"modified":"2022-12-02T12:20:02","modified_gmt":"2022-12-02T11:20:02","slug":"formy-do-produkcji-plyt-drogowych-2","status":"publish","type":"page","link":"https:\/\/laserpolak.pl\/en\/formy-do-produkcji-plyt-drogowych-2\/","title":{"rendered":"Formy do produkcji p\u0142yt drogowych"},"content":{"rendered":"<div class=\"wpb-content-wrapper\"><div class=\"vc_row wpb_row vc_row-fluid vc_custom_1453287409122\"><div class=\"wpb_column vc_column_container vc_col-md-12\"><div class=\"vc_column-inner\"><div class=\"wpb_wrapper\">\n\t<div  class=\"wpb_single_image wpb_content_element vc_align_left wpb_content_element\">\n\t\t\n\t\t<figure class=\"wpb_wrapper vc_figure\">\n\t\t\t<div class=\"vc_single_image-wrapper   vc_box_border_grey\"><img loading=\"lazy\" decoding=\"async\" width=\"2560\" height=\"1300\" src=\"https:\/\/laserpolak.pl\/wp-content\/uploads\/2025\/03\/Forma-PD-200x200-1-kopia-1-scaled-1.jpg\" class=\"vc_single_image-img attachment-full\" alt=\"\" title=\"Forma PD 200x200 1 kopia\" srcset=\"https:\/\/laserpolak.pl\/wp-content\/uploads\/2025\/03\/Forma-PD-200x200-1-kopia-1-scaled-1.jpg 2560w, https:\/\/laserpolak.pl\/wp-content\/uploads\/2025\/03\/Forma-PD-200x200-1-kopia-1-scaled-1-600x305.jpg 600w, https:\/\/laserpolak.pl\/wp-content\/uploads\/2025\/03\/Forma-PD-200x200-1-kopia-1-scaled-1-300x152.jpg 300w, https:\/\/laserpolak.pl\/wp-content\/uploads\/2025\/03\/Forma-PD-200x200-1-kopia-1-scaled-1-1024x520.jpg 1024w, https:\/\/laserpolak.pl\/wp-content\/uploads\/2025\/03\/Forma-PD-200x200-1-kopia-1-scaled-1-768x390.jpg 768w, https:\/\/laserpolak.pl\/wp-content\/uploads\/2025\/03\/Forma-PD-200x200-1-kopia-1-scaled-1-1536x780.jpg 1536w, https:\/\/laserpolak.pl\/wp-content\/uploads\/2025\/03\/Forma-PD-200x200-1-kopia-1-scaled-1-2048x1040.jpg 2048w, https:\/\/laserpolak.pl\/wp-content\/uploads\/2025\/03\/Forma-PD-200x200-1-kopia-1-scaled-1-722x368.jpg 722w\" sizes=\"auto, (max-width: 2560px) 100vw, 2560px\" \/><\/div>\n\t\t<\/figure>\n\t<\/div>\n<h3 class='heading-left  divider-sm' ><span>Formy do produkcji p\u0142yt drogowych<\/span><\/h3>\n\t<div class=\"wpb_text_column wpb_content_element\" >\n\t\t<div class=\"wpb_wrapper\">\n\t\t\t<p>Wymiary:<\/p>\n<ul>\n<li>Forma do p\u0142yt drogowych 150 x 300&#215;16 do 20 cm<\/li>\n<li>Forma do p\u0142yt drogowych 200x200x16 do 20 cm<\/li>\n<li>Forma do p\u0142yt drogowych 150x300x 16 do 20 cm z podstaw\u0105 i otwieranymi bokami<\/li>\n<\/ul>\n\n\t\t<\/div>\n\t<\/div>\n<\/div><\/div><\/div><\/div>\n<\/div>","protected":false},"excerpt":{"rendered":"Formy do produkcji p\u0142yt drogowych Wymiary: Forma do p\u0142yt drogowych 150 x 300x16 do 20 cm Forma do p\u0142yt drogowych 200x200x16 do 20 cm Forma do p\u0142yt drogowych 150x300x 16 do 20 cm z podstaw\u0105 i otwieranymi bokami","protected":false},"author":1,"featured_media":0,"parent":0,"menu_order":0,"comment_status":"closed","ping_status":"closed","template":"","meta":{"_acf_changed":false,"footnotes":""},"class_list":["post-2996","page","type-page","status-publish","hentry"],"acf":[],"yoast_head":"<!-- This site is optimized with the Yoast SEO Premium plugin v26.3 (Yoast SEO v27.1.1) - https:\/\/yoast.com\/product\/yoast-seo-premium-wordpress\/ -->\n<title>Malowanie proszkowe stali nierdzewnej, aliminium | Myszk\u00f3w, Cz\u0119stochowa, Katowice, Krak\u00f3w - LASERPOLAK SP ZOO<\/title>\n<meta name=\"description\" content=\"Profesjonalne malowanie proszkowe du\u017cych element\u00f3w, szeroki wyb\u00f3r kolor\u00f3w z palety RAL, najwy\u017cszej jako\u015bci farby IGP, TIGER, OXYPLAST i TIKKURILA.\" \/>\n<meta name=\"robots\" content=\"index, follow, max-snippet:-1, max-image-preview:large, max-video-preview:-1\" \/>\n<link rel=\"canonical\" href=\"https:\/\/laserpolak.pl\/en\/formy-do-produkcji-plyt-drogowych-2\/\" \/>\n<meta property=\"og:locale\" content=\"en_US\" \/>\n<meta property=\"og:type\" content=\"article\" \/>\n<meta property=\"og:title\" content=\"Formy do produkcji p\u0142yt drogowych\" \/>\n<meta property=\"og:description\" content=\"Profesjonalne malowanie proszkowe du\u017cych element\u00f3w, szeroki wyb\u00f3r kolor\u00f3w z palety RAL, najwy\u017cszej jako\u015bci farby IGP, TIGER, OXYPLAST i TIKKURILA.\" \/>\n<meta property=\"og:url\" content=\"https:\/\/laserpolak.pl\/en\/formy-do-produkcji-plyt-drogowych-2\/\" \/>\n<meta property=\"og:site_name\" content=\"LASERPOLAK SP ZOO\" \/>\n<meta name=\"twitter:card\" content=\"summary_large_image\" \/>\n<script type=\"application\/ld+json\" class=\"yoast-schema-graph\">{\"@context\":\"https:\/\/schema.org\",\"@graph\":[{\"@type\":\"WebPage\",\"@id\":\"https:\/\/laserpolak.pl\/en\/formy-do-produkcji-plyt-drogowych-2\/\",\"url\":\"https:\/\/laserpolak.pl\/en\/formy-do-produkcji-plyt-drogowych-2\/\",\"name\":\"Malowanie proszkowe stali nierdzewnej, aliminium | Myszk\u00f3w, Cz\u0119stochowa, Katowice, Krak\u00f3w - LASERPOLAK SP ZOO\",\"isPartOf\":{\"@id\":\"https:\/\/laserpolak.pl\/#website\"},\"datePublished\":\"2022-12-02T11:20:02+00:00\",\"description\":\"Profesjonalne malowanie proszkowe du\u017cych element\u00f3w, szeroki wyb\u00f3r kolor\u00f3w z palety RAL, najwy\u017cszej jako\u015bci farby IGP, TIGER, OXYPLAST i TIKKURILA.\",\"breadcrumb\":{\"@id\":\"https:\/\/laserpolak.pl\/en\/formy-do-produkcji-plyt-drogowych-2\/#breadcrumb\"},\"inLanguage\":\"en-US\",\"potentialAction\":[{\"@type\":\"ReadAction\",\"target\":[\"https:\/\/laserpolak.pl\/en\/formy-do-produkcji-plyt-drogowych-2\/\"]}]},{\"@type\":\"BreadcrumbList\",\"@id\":\"https:\/\/laserpolak.pl\/en\/formy-do-produkcji-plyt-drogowych-2\/#breadcrumb\",\"itemListElement\":[{\"@type\":\"ListItem\",\"position\":1,\"name\":\"Home\",\"item\":\"https:\/\/laserpolak.pl\/\"},{\"@type\":\"ListItem\",\"position\":2,\"name\":\"Formy do produkcji p\u0142yt drogowych\"}]},{\"@type\":\"WebSite\",\"@id\":\"https:\/\/laserpolak.pl\/#website\",\"url\":\"https:\/\/laserpolak.pl\/\",\"name\":\"LASERPOLAK SP ZOO\",\"description\":\"Wykonywanie konstrukcji stalowych, ci\u0119cie laserowe, obr\u00f3bka blach\",\"potentialAction\":[{\"@type\":\"SearchAction\",\"target\":{\"@type\":\"EntryPoint\",\"urlTemplate\":\"https:\/\/laserpolak.pl\/?s={search_term_string}\"},\"query-input\":{\"@type\":\"PropertyValueSpecification\",\"valueRequired\":true,\"valueName\":\"search_term_string\"}}],\"inLanguage\":\"en-US\"}]}<\/script>\n<!-- \/ Yoast SEO Premium plugin. -->","yoast_head_json":{"title":"Malowanie proszkowe stali nierdzewnej, aliminium | Myszk\u00f3w, Cz\u0119stochowa, Katowice, Krak\u00f3w - LASERPOLAK SP ZOO","description":"Profesjonalne malowanie proszkowe du\u017cych element\u00f3w, szeroki wyb\u00f3r kolor\u00f3w z palety RAL, najwy\u017cszej jako\u015bci farby IGP, TIGER, OXYPLAST i TIKKURILA.","robots":{"index":"index","follow":"follow","max-snippet":"max-snippet:-1","max-image-preview":"max-image-preview:large","max-video-preview":"max-video-preview:-1"},"canonical":"https:\/\/laserpolak.pl\/en\/formy-do-produkcji-plyt-drogowych-2\/","og_locale":"en_US","og_type":"article","og_title":"Formy do produkcji p\u0142yt drogowych","og_description":"Profesjonalne malowanie proszkowe du\u017cych element\u00f3w, szeroki wyb\u00f3r kolor\u00f3w z palety RAL, najwy\u017cszej jako\u015bci farby IGP, TIGER, OXYPLAST i TIKKURILA.","og_url":"https:\/\/laserpolak.pl\/en\/formy-do-produkcji-plyt-drogowych-2\/","og_site_name":"LASERPOLAK SP ZOO","twitter_card":"summary_large_image","schema":{"@context":"https:\/\/schema.org","@graph":[{"@type":"WebPage","@id":"https:\/\/laserpolak.pl\/en\/formy-do-produkcji-plyt-drogowych-2\/","url":"https:\/\/laserpolak.pl\/en\/formy-do-produkcji-plyt-drogowych-2\/","name":"Malowanie proszkowe stali nierdzewnej, aliminium | Myszk\u00f3w, Cz\u0119stochowa, Katowice, Krak\u00f3w - LASERPOLAK SP ZOO","isPartOf":{"@id":"https:\/\/laserpolak.pl\/#website"},"datePublished":"2022-12-02T11:20:02+00:00","description":"Profesjonalne malowanie proszkowe du\u017cych element\u00f3w, szeroki wyb\u00f3r kolor\u00f3w z palety RAL, najwy\u017cszej jako\u015bci farby IGP, TIGER, OXYPLAST i TIKKURILA.","breadcrumb":{"@id":"https:\/\/laserpolak.pl\/en\/formy-do-produkcji-plyt-drogowych-2\/#breadcrumb"},"inLanguage":"en-US","potentialAction":[{"@type":"ReadAction","target":["https:\/\/laserpolak.pl\/en\/formy-do-produkcji-plyt-drogowych-2\/"]}]},{"@type":"BreadcrumbList","@id":"https:\/\/laserpolak.pl\/en\/formy-do-produkcji-plyt-drogowych-2\/#breadcrumb","itemListElement":[{"@type":"ListItem","position":1,"name":"Home","item":"https:\/\/laserpolak.pl\/"},{"@type":"ListItem","position":2,"name":"Formy do produkcji p\u0142yt drogowych"}]},{"@type":"WebSite","@id":"https:\/\/laserpolak.pl\/#website","url":"https:\/\/laserpolak.pl\/","name":"LASERPOLAK SP ZOO","description":"Wykonywanie konstrukcji stalowych, ci\u0119cie laserowe, obr\u00f3bka blach","potentialAction":[{"@type":"SearchAction","target":{"@type":"EntryPoint","urlTemplate":"https:\/\/laserpolak.pl\/?s={search_term_string}"},"query-input":{"@type":"PropertyValueSpecification","valueRequired":true,"valueName":"search_term_string"}}],"inLanguage":"en-US"}]}},"_links":{"self":[{"href":"https:\/\/laserpolak.pl\/en\/wp-json\/wp\/v2\/pages\/2996","targetHints":{"allow":["GET"]}}],"collection":[{"href":"https:\/\/laserpolak.pl\/en\/wp-json\/wp\/v2\/pages"}],"about":[{"href":"https:\/\/laserpolak.pl\/en\/wp-json\/wp\/v2\/types\/page"}],"author":[{"embeddable":true,"href":"https:\/\/laserpolak.pl\/en\/wp-json\/wp\/v2\/users\/1"}],"replies":[{"embeddable":true,"href":"https:\/\/laserpolak.pl\/en\/wp-json\/wp\/v2\/comments?post=2996"}],"version-history":[{"count":0,"href":"https:\/\/laserpolak.pl\/en\/wp-json\/wp\/v2\/pages\/2996\/revisions"}],"wp:attachment":[{"href":"https:\/\/laserpolak.pl\/en\/wp-json\/wp\/v2\/media?parent=2996"}],"curies":[{"name":"wp","href":"https:\/\/api.w.org\/{rel}","templated":true}]}}