{"id":3203,"date":"2024-06-07T09:09:13","date_gmt":"2024-06-07T07:09:13","guid":{"rendered":"http:\/\/laserpolak.pl\/?page_id=3203"},"modified":"2024-06-07T09:09:13","modified_gmt":"2024-06-07T07:09:13","slug":"regulamin-sklepu","status":"publish","type":"page","link":"https:\/\/laserpolak.pl\/en\/regulamin-sklepu\/","title":{"rendered":"REGULAMIN SKLEPU"},"content":{"rendered":"<div class=\"wpb-content-wrapper\"><div class=\"vc_row wpb_row vc_row-fluid\"><div class=\"wpb_column vc_column_container vc_col-md-12\"><div class=\"vc_column-inner\"><div class=\"wpb_wrapper\">\n\t<div class=\"wpb_text_column wpb_content_element\" >\n\t\t<div class=\"wpb_wrapper\">\n\t\t\t<h2 class=\"wp-block-heading\"><strong>Jak zam\u00f3wi\u0107 u nas produkt?<\/strong><\/h2>\n<p><\/p>\n<ol class=\"wp-block-list\">\n<li>Wybierz na stronie produkt, kt\u00f3ry Ci\u0119 interesuje i dodaj go do koszyka<\/li>\n<li>Ustal ilo\u015b\u0107 jak\u0105 chcesz kupi\u0107<\/li>\n<li>Przejd\u017a do koszyka<\/li>\n<li>Wybierz opcj\u0119 odbioru (dostawa\/odbi\u00f3r osobisty)<\/li>\n<li>Wybierz opcj\u0119 zap\u0142aty (got\u00f3wka przy odbiorze\/przedp\u0142ata)<\/li>\n<li>Z\u0142\u00f3\u017c zam\u00f3wienie uzupe\u0142niaj\u0105c swoje dane potrzebne do wystawienia faktury<\/li>\n<\/ol>\n<p><\/p>\n<h2 class=\"wp-block-heading\"><strong>Realizacja zam\u00f3wienia<\/strong><\/h2>\n<p><\/p>\n<ol class=\"wp-block-list\">\n<li>Po otrzymaniu zam\u00f3wienia skontaktujemy si\u0119 z Zamawiaj\u0105cym telefonicznie lub poprzez e-mail<\/li>\n<li>W przypadku wyboru naszego transportu uzgadniamy cen\u0119 dostawy<\/li>\n<li>Ustalamy termin wykonania zam\u00f3wienia i dostawy\/odbioru<\/li>\n<li>Wystawiamy faktur\u0119 proforma<\/li>\n<li>Po zaksi\u0119gowaniu wp\u0142aty wysy\u0142amy zam\u00f3wiony towar do Klienta lub czekamy na jego odbi\u00f3r<\/li>\n<\/ol>\n<p><span style=\"font-size: 21px;\"><b>Ka\u017cde zam\u00f3wienie zawiera komplet klin\u00f3w, kluczy i sworzni.<\/b><\/span><\/p>\n<h2 class=\"wp-block-heading\"><strong>CZAS REALIZACJI ZAM\u00d3WIENIA<\/strong><\/h2>\n<p>Je\u015bli zam\u00f3wione towary s\u0105 dost\u0119pne na magazynie to zam\u00f3wienie wysy\u0142amy do 2 dni od dnia zaksi\u0119gowaniu wp\u0142aty.<br \/>Staramy si\u0119 mie\u0107 na stanie wszystkie formy dost\u0119pne w sklepie internetowym. Jednak z powodu du\u017cej ilo\u015bci zam\u00f3wie\u0144 czas oczekiwania na now\u0105 form\u0119 ustalamy w kontakcie z klientem po z\u0142o\u017ceniu zam\u00f3wienia.<\/p>\n<p><\/p>\n<h2 class=\"wp-block-heading\"><strong>FORMA DOSTAWY<\/strong><\/h2>\n<p>Istniej\u0105 trzy opcje dostawy zam\u00f3wienia:<br \/>&#8211; Odbi\u00f3r osobisty<br \/>&#8211; Zlecenie odbioru firmie transportowej<br \/>&#8211; Dostawa po naszej stronie<\/p>\n<p><strong>Odbi\u00f3r osobisty<\/strong><br \/>Zam\u00f3wiony towar mo\u017cna odebra\u0107 osobi\u015bcie z siedziby naszej firmy P.P.U.H. \u201ePOLAK\u201d, ul. S\u0142owackiego 92, 42-300 Myszk\u00f3w. Towar wydajemy dopiero po zaksi\u0119gowaniu wp\u0142aty na konto, dlatego prosimy o wcze\u015bniejszy kontakt telefoniczny +48602554608. +48606547966. Istnieje r\u00f3wnie\u017c mo\u017cliwo\u015b\u0107 zap\u0142aty got\u00f3wk\u0105 przy odbiorze przy kwocie zam\u00f3wienia do 15\u00a0000,00 PLN Brutto.<\/p>\n<p><strong>Zlecenie odbioru firmie transportowej<\/strong><br \/>Je\u015bli klient wybiera t\u0119 form\u0119 podczas procesu dokonywania zam\u00f3wienia nale\u017cy zaznaczy\u0107 opcj\u0119 \u201eOdbi\u00f3r osobisty\u201d. Przed wydaniem towaru nale\u017cy wys\u0142a\u0107 do nas podpisane upowa\u017cnienie dla kierowcy do odebrania zap\u0142aconego zam\u00f3wienia, inaczej nie wydamy towaru. Towar wydajemy dopiero po zaksi\u0119gowaniu wp\u0142aty na konto dlatego prosimy o wcze\u015bniejszy kontakt telefoniczny<br \/>+48602554608. Istnieje r\u00f3wnie\u017c mo\u017cliwo\u015b\u0107 zap\u0142aty got\u00f3wk\u0105 przy odbiorze.<\/p>\n<p><strong>Dostawa po stronie sprzedawcy<\/strong><br \/>Nasza firma wsp\u00f3\u0142pracuje z przewo\u017anikiem mi\u0119dzynarodowym Raben Group Polska. Wysy\u0142amy palety r\u00f3wnie\u017c za granic\u0119. Cena transportu r\u00f3\u017cni si\u0119 w zale\u017cno\u015bci od wielu czynnik\u00f3w (jak np. ilo\u015b\u0107 miejsc paletowych, waga, odleg\u0142o\u015b\u0107) dlatego wyliczamy j\u0105 indywidualnie do ka\u017cdego zam\u00f3wienia.<\/p>\n<p><\/p>\n<h2 class=\"wp-block-heading\"><strong>CZAS DOSTAWY<\/strong><\/h2>\n<p>Je\u015bli zam\u00f3wiony towar mamy na stanie to wysy\u0142ka mo\u017ce odby\u0107 si\u0119 tego samego lub ju\u017c nast\u0119pnego dnia po zaksi\u0119gowaniu wp\u0142aty. Czas dostawy na terenie Polski to zazwyczaj 2-4 dni robocze.<\/p>\n<p>\u00a0<\/p>\n\n\t\t<\/div>\n\t<\/div>\n<\/div><\/div><\/div><\/div>\n<\/div>","protected":false},"excerpt":{"rendered":"Jak zam\u00f3wi\u0107 u nas produkt? Wybierz na stronie produkt, kt\u00f3ry Ci\u0119 interesuje i dodaj go do koszyka Ustal ilo\u015b\u0107 jak\u0105 chcesz kupi\u0107 Przejd\u017a do koszyka Wybierz opcj\u0119 odbioru (dostawa\/odbi\u00f3r osobisty) Wybierz opcj\u0119 zap\u0142aty (got\u00f3wka przy odbiorze\/przedp\u0142ata) Z\u0142\u00f3\u017c zam\u00f3wienie uzupe\u0142niaj\u0105c swoje &hellip;","protected":false},"author":1,"featured_media":0,"parent":0,"menu_order":0,"comment_status":"closed","ping_status":"open","template":"","meta":{"_acf_changed":false,"footnotes":""},"class_list":["post-3203","page","type-page","status-publish","hentry"],"acf":[],"yoast_head":"<!-- This site is optimized with the Yoast SEO Premium plugin v26.3 (Yoast SEO v27.1.1) - https:\/\/yoast.com\/product\/yoast-seo-premium-wordpress\/ -->\n<title>REGULAMIN SKLEPU - LASERPOLAK SP ZOO<\/title>\n<meta name=\"robots\" content=\"index, follow, max-snippet:-1, max-image-preview:large, max-video-preview:-1\" \/>\n<link rel=\"canonical\" href=\"https:\/\/laserpolak.pl\/en\/regulamin-sklepu\/\" \/>\n<meta property=\"og:locale\" content=\"en_US\" \/>\n<meta property=\"og:type\" content=\"article\" \/>\n<meta property=\"og:title\" content=\"REGULAMIN SKLEPU\" \/>\n<meta property=\"og:url\" content=\"https:\/\/laserpolak.pl\/en\/regulamin-sklepu\/\" \/>\n<meta property=\"og:site_name\" content=\"LASERPOLAK SP ZOO\" \/>\n<meta name=\"twitter:card\" content=\"summary_large_image\" \/>\n<meta name=\"twitter:label1\" content=\"Est. reading time\" \/>\n\t<meta name=\"twitter:data1\" content=\"2 minutes\" \/>\n<script type=\"application\/ld+json\" class=\"yoast-schema-graph\">{\"@context\":\"https:\/\/schema.org\",\"@graph\":[{\"@type\":\"WebPage\",\"@id\":\"https:\/\/laserpolak.pl\/en\/regulamin-sklepu\/\",\"url\":\"https:\/\/laserpolak.pl\/en\/regulamin-sklepu\/\",\"name\":\"REGULAMIN SKLEPU - LASERPOLAK SP ZOO\",\"isPartOf\":{\"@id\":\"https:\/\/laserpolak.pl\/#website\"},\"datePublished\":\"2024-06-07T07:09:13+00:00\",\"breadcrumb\":{\"@id\":\"https:\/\/laserpolak.pl\/en\/regulamin-sklepu\/#breadcrumb\"},\"inLanguage\":\"en-US\",\"potentialAction\":[{\"@type\":\"ReadAction\",\"target\":[\"https:\/\/laserpolak.pl\/en\/regulamin-sklepu\/\"]}]},{\"@type\":\"BreadcrumbList\",\"@id\":\"https:\/\/laserpolak.pl\/en\/regulamin-sklepu\/#breadcrumb\",\"itemListElement\":[{\"@type\":\"ListItem\",\"position\":1,\"name\":\"Home\",\"item\":\"https:\/\/laserpolak.pl\/\"},{\"@type\":\"ListItem\",\"position\":2,\"name\":\"REGULAMIN SKLEPU\"}]},{\"@type\":\"WebSite\",\"@id\":\"https:\/\/laserpolak.pl\/#website\",\"url\":\"https:\/\/laserpolak.pl\/\",\"name\":\"LASERPOLAK SP ZOO\",\"description\":\"Wykonywanie konstrukcji stalowych, ci\u0119cie laserowe, obr\u00f3bka blach\",\"potentialAction\":[{\"@type\":\"SearchAction\",\"target\":{\"@type\":\"EntryPoint\",\"urlTemplate\":\"https:\/\/laserpolak.pl\/?s={search_term_string}\"},\"query-input\":{\"@type\":\"PropertyValueSpecification\",\"valueRequired\":true,\"valueName\":\"search_term_string\"}}],\"inLanguage\":\"en-US\"}]}<\/script>\n<!-- \/ Yoast SEO Premium plugin. -->","yoast_head_json":{"title":"REGULAMIN SKLEPU - LASERPOLAK SP ZOO","robots":{"index":"index","follow":"follow","max-snippet":"max-snippet:-1","max-image-preview":"max-image-preview:large","max-video-preview":"max-video-preview:-1"},"canonical":"https:\/\/laserpolak.pl\/en\/regulamin-sklepu\/","og_locale":"en_US","og_type":"article","og_title":"REGULAMIN SKLEPU","og_url":"https:\/\/laserpolak.pl\/en\/regulamin-sklepu\/","og_site_name":"LASERPOLAK SP ZOO","twitter_card":"summary_large_image","twitter_misc":{"Est. reading time":"2 minutes"},"schema":{"@context":"https:\/\/schema.org","@graph":[{"@type":"WebPage","@id":"https:\/\/laserpolak.pl\/en\/regulamin-sklepu\/","url":"https:\/\/laserpolak.pl\/en\/regulamin-sklepu\/","name":"REGULAMIN SKLEPU - LASERPOLAK SP ZOO","isPartOf":{"@id":"https:\/\/laserpolak.pl\/#website"},"datePublished":"2024-06-07T07:09:13+00:00","breadcrumb":{"@id":"https:\/\/laserpolak.pl\/en\/regulamin-sklepu\/#breadcrumb"},"inLanguage":"en-US","potentialAction":[{"@type":"ReadAction","target":["https:\/\/laserpolak.pl\/en\/regulamin-sklepu\/"]}]},{"@type":"BreadcrumbList","@id":"https:\/\/laserpolak.pl\/en\/regulamin-sklepu\/#breadcrumb","itemListElement":[{"@type":"ListItem","position":1,"name":"Home","item":"https:\/\/laserpolak.pl\/"},{"@type":"ListItem","position":2,"name":"REGULAMIN SKLEPU"}]},{"@type":"WebSite","@id":"https:\/\/laserpolak.pl\/#website","url":"https:\/\/laserpolak.pl\/","name":"LASERPOLAK SP ZOO","description":"Wykonywanie konstrukcji stalowych, ci\u0119cie laserowe, obr\u00f3bka blach","potentialAction":[{"@type":"SearchAction","target":{"@type":"EntryPoint","urlTemplate":"https:\/\/laserpolak.pl\/?s={search_term_string}"},"query-input":{"@type":"PropertyValueSpecification","valueRequired":true,"valueName":"search_term_string"}}],"inLanguage":"en-US"}]}},"_links":{"self":[{"href":"https:\/\/laserpolak.pl\/en\/wp-json\/wp\/v2\/pages\/3203","targetHints":{"allow":["GET"]}}],"collection":[{"href":"https:\/\/laserpolak.pl\/en\/wp-json\/wp\/v2\/pages"}],"about":[{"href":"https:\/\/laserpolak.pl\/en\/wp-json\/wp\/v2\/types\/page"}],"author":[{"embeddable":true,"href":"https:\/\/laserpolak.pl\/en\/wp-json\/wp\/v2\/users\/1"}],"replies":[{"embeddable":true,"href":"https:\/\/laserpolak.pl\/en\/wp-json\/wp\/v2\/comments?post=3203"}],"version-history":[{"count":0,"href":"https:\/\/laserpolak.pl\/en\/wp-json\/wp\/v2\/pages\/3203\/revisions"}],"wp:attachment":[{"href":"https:\/\/laserpolak.pl\/en\/wp-json\/wp\/v2\/media?parent=3203"}],"curies":[{"name":"wp","href":"https:\/\/api.w.org\/{rel}","templated":true}]}}