{"id":3348,"date":"2025-06-25T09:30:08","date_gmt":"2025-06-25T07:30:08","guid":{"rendered":"https:\/\/laserpolak.pl\/?page_id=3348"},"modified":"2026-03-12T10:41:09","modified_gmt":"2026-03-12T09:41:09","slug":"formy-do-gwiazdo-blokow-tetrapad-zapor-jezy-betonowych","status":"publish","type":"page","link":"https:\/\/laserpolak.pl\/en\/formy-do-gwiazdo-blokow-tetrapad-zapor-jezy-betonowych\/","title":{"rendered":"Forms for Star Blocks, Tetrapads, Dams, Concrete Hedgehogs"},"content":{"rendered":"<div class=\"wpb-content-wrapper\"><div class=\"vc_row wpb_row vc_row-fluid vc_custom_1453287409122\"><div class=\"wpb_column vc_column_container vc_col-md-12\"><div class=\"vc_column-inner\"><div class=\"wpb_wrapper\">\n\t<div  class=\"wpb_single_image wpb_content_element vc_align_left wpb_content_element\">\n\t\t\n\t\t<figure class=\"wpb_wrapper vc_figure\">\n\t\t\t<div class=\"vc_single_image-wrapper vc_box_shadow  vc_box_border_grey\"><img loading=\"lazy\" decoding=\"async\" width=\"1200\" height=\"1410\" src=\"https:\/\/laserpolak.pl\/wp-content\/uploads\/2025\/06\/Forma-TG-15-ze-skosami-kopia-2a.png\" class=\"vc_single_image-img attachment-full\" alt=\"\" title=\"Forma TG 1,5 ze skosami kopia 2a\" srcset=\"https:\/\/laserpolak.pl\/wp-content\/uploads\/2025\/06\/Forma-TG-15-ze-skosami-kopia-2a.png 1200w, https:\/\/laserpolak.pl\/wp-content\/uploads\/2025\/06\/Forma-TG-15-ze-skosami-kopia-2a-600x705.png 600w, https:\/\/laserpolak.pl\/wp-content\/uploads\/2025\/06\/Forma-TG-15-ze-skosami-kopia-2a-255x300.png 255w, https:\/\/laserpolak.pl\/wp-content\/uploads\/2025\/06\/Forma-TG-15-ze-skosami-kopia-2a-871x1024.png 871w, https:\/\/laserpolak.pl\/wp-content\/uploads\/2025\/06\/Forma-TG-15-ze-skosami-kopia-2a-768x902.png 768w\" sizes=\"auto, (max-width: 1200px) 100vw, 1200px\" \/><\/div>\n\t\t<\/figure>\n\t<\/div>\n\n\t<div class=\"wpb_text_column wpb_content_element\" >\n\t\t<div class=\"wpb_wrapper\">\n\t\t\t<p>Thanks to the precision of workmanship, the molds guarantee repeatability and accuracy in the production process.<\/p>\n<h2>Advantages of forms:<\/h2>\n<ul>\n<li>High durability and resistance to damage. Metal concrete forms are made of high-strength materials, guaranteeing their long life, even with intensive use. They are resistant to corrosion, cracks, and mechanical damage.<\/li>\n<li>Mo\u017cliwo\u015b\u0107 wielokrotnego u\u017cytku. Formy do odlewania betonu mo\u017cna wielokrotnie wykorzystywa\u0107 w procesie produkcji, co znacz\u0105co obni\u017ca koszty operacyjne. Dzi\u0119ki trwa\u0142o\u015bci i odporno\u015bci na zu\u017cycie, formy te zachowuj\u0105 swoj\u0105 funkcjonalno\u015b\u0107 przez d\u0142ugi czas.<\/li>\n<\/ul>\n<h2><b>Forma do Gwiazdo blok\u00f3w<\/b><\/h2>\n<p>Our offer includes a wide selection of forms available in various sizes, allowing for adaptation to individual design needs.<\/p>\n<h2>Skontaktuj si\u0119 z nami!<\/h2>\n<p>Je\u015bli potrzebujesz form do blok\u00f3w betonowych lego lub profesjonalnych us\u0142ug ci\u0119cia i gi\u0119cia metali, zapraszamy do kontaktu. Nasz zesp\u00f3\u0142 ekspert\u00f3w ch\u0119tnie pomo\u017ce w doborze odpowiednich produkt\u00f3w i us\u0142ug, kt\u00f3re spe\u0142ni\u0105 wszystkie Twoje oczekiwania.<\/p>\n\n\t\t<\/div>\n\t<\/div>\n<\/div><\/div><\/div><\/div>\n<\/div>","protected":false},"excerpt":{"rendered":"Dzi\u0119ki precyzji wykonania, formy gwarantuj\u0105 powtarzalno\u015b\u0107 i dok\u0142adno\u015b\u0107 w procesie produkcji. Zalety form: Wysoka trwa\u0142o\u015b\u0107 i odporno\u015b\u0107 na uszkodzenia. Formy metalowe do betonu s\u0105 wykonane z materia\u0142\u00f3w o wysokiej wytrzyma\u0142o\u015bci, co gwarantuje ich d\u0142ug\u0105 \u017cywotno\u015b\u0107, nawet przy intensywnym u\u017cytkowaniu. S\u0105 &hellip;","protected":false},"author":1,"featured_media":0,"parent":0,"menu_order":0,"comment_status":"closed","ping_status":"closed","template":"","meta":{"_acf_changed":false,"footnotes":""},"class_list":["post-3348","page","type-page","status-publish","hentry"],"acf":[],"yoast_head":"<!-- This site is optimized with the Yoast SEO Premium plugin v26.3 (Yoast SEO v27.1.1) - https:\/\/yoast.com\/product\/yoast-seo-premium-wordpress\/ -->\n<title>Formy do Gwiazdo blok\u00f3w Tetrapad, Zap\u00f3r, Je\u017cy betonowych - LASERPOLAK SP ZOO<\/title>\n<meta name=\"robots\" content=\"index, follow, max-snippet:-1, max-image-preview:large, max-video-preview:-1\" \/>\n<link rel=\"canonical\" href=\"https:\/\/laserpolak.pl\/en\/formy-do-gwiazdo-blokow-tetrapad-zapor-jezy-betonowych\/\" \/>\n<meta property=\"og:locale\" content=\"en_US\" \/>\n<meta property=\"og:type\" content=\"article\" \/>\n<meta property=\"og:title\" content=\"Formy do Gwiazdo blok\u00f3w Tetrapad, Zap\u00f3r, Je\u017cy betonowych\" \/>\n<meta property=\"og:url\" content=\"https:\/\/laserpolak.pl\/en\/formy-do-gwiazdo-blokow-tetrapad-zapor-jezy-betonowych\/\" \/>\n<meta property=\"og:site_name\" content=\"LASERPOLAK SP ZOO\" \/>\n<meta property=\"article:modified_time\" content=\"2026-03-12T09:41:09+00:00\" \/>\n<meta name=\"twitter:card\" content=\"summary_large_image\" \/>\n<meta name=\"twitter:label1\" content=\"Est. reading time\" \/>\n\t<meta name=\"twitter:data1\" content=\"1 minute\" \/>\n<script type=\"application\/ld+json\" class=\"yoast-schema-graph\">{\"@context\":\"https:\/\/schema.org\",\"@graph\":[{\"@type\":\"WebPage\",\"@id\":\"https:\/\/laserpolak.pl\/formy-do-gwiazdo-blokow-tetrapad-zapor-jezy-betonowych\/\",\"url\":\"https:\/\/laserpolak.pl\/formy-do-gwiazdo-blokow-tetrapad-zapor-jezy-betonowych\/\",\"name\":\"Formy do Gwiazdo blok\u00f3w Tetrapad, Zap\u00f3r, Je\u017cy betonowych - LASERPOLAK SP ZOO\",\"isPartOf\":{\"@id\":\"https:\/\/laserpolak.pl\/#website\"},\"datePublished\":\"2025-06-25T07:30:08+00:00\",\"dateModified\":\"2026-03-12T09:41:09+00:00\",\"breadcrumb\":{\"@id\":\"https:\/\/laserpolak.pl\/formy-do-gwiazdo-blokow-tetrapad-zapor-jezy-betonowych\/#breadcrumb\"},\"inLanguage\":\"en-US\",\"potentialAction\":[{\"@type\":\"ReadAction\",\"target\":[\"https:\/\/laserpolak.pl\/formy-do-gwiazdo-blokow-tetrapad-zapor-jezy-betonowych\/\"]}]},{\"@type\":\"BreadcrumbList\",\"@id\":\"https:\/\/laserpolak.pl\/formy-do-gwiazdo-blokow-tetrapad-zapor-jezy-betonowych\/#breadcrumb\",\"itemListElement\":[{\"@type\":\"ListItem\",\"position\":1,\"name\":\"Home\",\"item\":\"https:\/\/laserpolak.pl\/\"},{\"@type\":\"ListItem\",\"position\":2,\"name\":\"Formy do Gwiazdo blok\u00f3w Tetrapad, Zap\u00f3r, Je\u017cy betonowych\"}]},{\"@type\":\"WebSite\",\"@id\":\"https:\/\/laserpolak.pl\/#website\",\"url\":\"https:\/\/laserpolak.pl\/\",\"name\":\"LASERPOLAK SP ZOO\",\"description\":\"Wykonywanie konstrukcji stalowych, ci\u0119cie laserowe, obr\u00f3bka blach\",\"potentialAction\":[{\"@type\":\"SearchAction\",\"target\":{\"@type\":\"EntryPoint\",\"urlTemplate\":\"https:\/\/laserpolak.pl\/?s={search_term_string}\"},\"query-input\":{\"@type\":\"PropertyValueSpecification\",\"valueRequired\":true,\"valueName\":\"search_term_string\"}}],\"inLanguage\":\"en-US\"}]}<\/script>\n<!-- \/ Yoast SEO Premium plugin. -->","yoast_head_json":{"title":"Formy do Gwiazdo blok\u00f3w Tetrapad, Zap\u00f3r, Je\u017cy betonowych - LASERPOLAK SP ZOO","robots":{"index":"index","follow":"follow","max-snippet":"max-snippet:-1","max-image-preview":"max-image-preview:large","max-video-preview":"max-video-preview:-1"},"canonical":"https:\/\/laserpolak.pl\/en\/formy-do-gwiazdo-blokow-tetrapad-zapor-jezy-betonowych\/","og_locale":"en_US","og_type":"article","og_title":"Formy do Gwiazdo blok\u00f3w Tetrapad, Zap\u00f3r, Je\u017cy betonowych","og_url":"https:\/\/laserpolak.pl\/en\/formy-do-gwiazdo-blokow-tetrapad-zapor-jezy-betonowych\/","og_site_name":"LASERPOLAK SP ZOO","article_modified_time":"2026-03-12T09:41:09+00:00","twitter_card":"summary_large_image","twitter_misc":{"Est. reading time":"1 minute"},"schema":{"@context":"https:\/\/schema.org","@graph":[{"@type":"WebPage","@id":"https:\/\/laserpolak.pl\/formy-do-gwiazdo-blokow-tetrapad-zapor-jezy-betonowych\/","url":"https:\/\/laserpolak.pl\/formy-do-gwiazdo-blokow-tetrapad-zapor-jezy-betonowych\/","name":"Formy do Gwiazdo blok\u00f3w Tetrapad, Zap\u00f3r, Je\u017cy betonowych - LASERPOLAK SP ZOO","isPartOf":{"@id":"https:\/\/laserpolak.pl\/#website"},"datePublished":"2025-06-25T07:30:08+00:00","dateModified":"2026-03-12T09:41:09+00:00","breadcrumb":{"@id":"https:\/\/laserpolak.pl\/formy-do-gwiazdo-blokow-tetrapad-zapor-jezy-betonowych\/#breadcrumb"},"inLanguage":"en-US","potentialAction":[{"@type":"ReadAction","target":["https:\/\/laserpolak.pl\/formy-do-gwiazdo-blokow-tetrapad-zapor-jezy-betonowych\/"]}]},{"@type":"BreadcrumbList","@id":"https:\/\/laserpolak.pl\/formy-do-gwiazdo-blokow-tetrapad-zapor-jezy-betonowych\/#breadcrumb","itemListElement":[{"@type":"ListItem","position":1,"name":"Home","item":"https:\/\/laserpolak.pl\/"},{"@type":"ListItem","position":2,"name":"Formy do Gwiazdo blok\u00f3w Tetrapad, Zap\u00f3r, Je\u017cy betonowych"}]},{"@type":"WebSite","@id":"https:\/\/laserpolak.pl\/#website","url":"https:\/\/laserpolak.pl\/","name":"LASERPOLAK SP ZOO","description":"Wykonywanie konstrukcji stalowych, ci\u0119cie laserowe, obr\u00f3bka blach","potentialAction":[{"@type":"SearchAction","target":{"@type":"EntryPoint","urlTemplate":"https:\/\/laserpolak.pl\/?s={search_term_string}"},"query-input":{"@type":"PropertyValueSpecification","valueRequired":true,"valueName":"search_term_string"}}],"inLanguage":"en-US"}]}},"_links":{"self":[{"href":"https:\/\/laserpolak.pl\/en\/wp-json\/wp\/v2\/pages\/3348","targetHints":{"allow":["GET"]}}],"collection":[{"href":"https:\/\/laserpolak.pl\/en\/wp-json\/wp\/v2\/pages"}],"about":[{"href":"https:\/\/laserpolak.pl\/en\/wp-json\/wp\/v2\/types\/page"}],"author":[{"embeddable":true,"href":"https:\/\/laserpolak.pl\/en\/wp-json\/wp\/v2\/users\/1"}],"replies":[{"embeddable":true,"href":"https:\/\/laserpolak.pl\/en\/wp-json\/wp\/v2\/comments?post=3348"}],"version-history":[{"count":1,"href":"https:\/\/laserpolak.pl\/en\/wp-json\/wp\/v2\/pages\/3348\/revisions"}],"predecessor-version":[{"id":3529,"href":"https:\/\/laserpolak.pl\/en\/wp-json\/wp\/v2\/pages\/3348\/revisions\/3529"}],"wp:attachment":[{"href":"https:\/\/laserpolak.pl\/en\/wp-json\/wp\/v2\/media?parent=3348"}],"curies":[{"name":"wp","href":"https:\/\/api.w.org\/{rel}","templated":true}]}}