{"id":3372,"date":"2016-01-18T16:11:20","date_gmt":"2016-01-18T16:11:20","guid":{"rendered":"http:\/\/anpsthemes.com\/construction\/?page_id=1266"},"modified":"2016-01-18T16:11:20","modified_gmt":"2016-01-18T16:11:20","slug":"aktualnosci","status":"publish","type":"page","link":"https:\/\/laserpolak.pl\/en\/aktualnosci\/","title":{"rendered":"Aktualno\u015bci"},"content":{"rendered":"<div class=\"wpb-content-wrapper\"><div class=\"vc_row wpb_row vc_row-fluid\"><div class=\"wpb_column vc_column_container vc_col-md-12\"><div class=\"vc_column-inner\"><div class=\"wpb_wrapper\"><div class='row anps-blog'><div class=\"col-md-12\">\n    <article id=\"post-1\" class=\"post-1 post type-post status-publish format-standard hentry category-bez-kategorii\">\n        <header class=\"entry-header\">\n                        <a href=\"https:\/\/laserpolak.pl\/en\/witaj-swiecie\/\"><h3 class=\"post-title entry-title text-uppercase\">Witaj, \u015bwiecie!<\/h3><\/a>\n            <ul class='post-meta'><li>\n                <i class='fa fa-calendar'><\/i>\n                <time datetime='2025-11-03 01:05'>2025-11-03<\/time>\n            <\/li><li>\n                <i class='fa fa-commenting-o'><\/i>\n                No Comments\n            <\/li><\/ul>        <\/header>\n        <div class=\"post-content entry-content\">\n            <div class=\"post-desc clearfix\">\n                Witamy w WordPressie. To jest tw\u00f3j pierwszy wpis. Edytuj go lub usu\u0144, a nast\u0119pnie zacznij pisa\u0107!            <\/div>\n            <a href=\"https:\/\/laserpolak.pl\/en\/witaj-swiecie\/\" class=\"btn btn-md btn-gradient btn-shadow\">Read More<\/a>\n        <\/div>\n    <\/article>\n<\/div>\n<div class=\"col-md-12\">\n    <article id=\"post-3377\" class=\"post-3377 post type-post status-publish format-standard has-post-thumbnail hentry category-bez-kategorii\">\n        <header class=\"entry-header\">\n            <img loading=\"lazy\" decoding=\"async\" width=\"871\" height=\"430\" src=\"https:\/\/laserpolak.pl\/wp-content\/uploads\/2016\/01\/b3.jpg\" class=\"attachment-large size-large wp-post-image\" alt=\"\" srcset=\"https:\/\/laserpolak.pl\/wp-content\/uploads\/2016\/01\/b3.jpg 871w, https:\/\/laserpolak.pl\/wp-content\/uploads\/2016\/01\/b3-600x296.jpg 600w, https:\/\/laserpolak.pl\/wp-content\/uploads\/2016\/01\/b3-300x148.jpg 300w, https:\/\/laserpolak.pl\/wp-content\/uploads\/2016\/01\/b3-768x379.jpg 768w\" sizes=\"auto, (max-width: 871px) 100vw, 871px\" \/>            <a href=\"https:\/\/laserpolak.pl\/en\/materialy-najwyzszej-jakosci\/\"><h3 class=\"post-title entry-title text-uppercase\">Materia\u0142y najwy\u017cszej jako\u015bci<\/h3><\/a>\n            <ul class='post-meta'><li>\n                <i class='fa fa-calendar'><\/i>\n                <time datetime='2021-02-02 03:00'>2021-02-02<\/time>\n            <\/li><li>\n                <i class='fa fa-commenting-o'><\/i>\n                No Comments\n            <\/li><\/ul>        <\/header>\n        <div class=\"post-content entry-content\">\n            <div class=\"post-desc clearfix\">\n                Lorem ipsum dolor sit amet, consectetur adipiscing elit. Nam efficitur rutrum diam, ut commodo ipsum elementum. Duis quis iaculis purus, eget mattis urna. Quisque consectetur odio ac ante fermentum malesuada. Nullam eget lectus euismod, rutrum quam quis, venenatis ligula.            <\/div>\n            <a href=\"https:\/\/laserpolak.pl\/en\/materialy-najwyzszej-jakosci\/\" class=\"btn btn-md btn-gradient btn-shadow\">Read More<\/a>\n        <\/div>\n    <\/article>\n<\/div>\n<div class=\"col-md-12\">\n    <article id=\"post-3379\" class=\"post-3379 post type-post status-publish format-standard has-post-thumbnail hentry category-bez-kategorii\">\n        <header class=\"entry-header\">\n            <img loading=\"lazy\" decoding=\"async\" width=\"871\" height=\"430\" src=\"https:\/\/laserpolak.pl\/wp-content\/uploads\/2016\/01\/b1.jpg\" class=\"attachment-large size-large wp-post-image\" alt=\"\" srcset=\"https:\/\/laserpolak.pl\/wp-content\/uploads\/2016\/01\/b1.jpg 871w, https:\/\/laserpolak.pl\/wp-content\/uploads\/2016\/01\/b1-600x296.jpg 600w, https:\/\/laserpolak.pl\/wp-content\/uploads\/2016\/01\/b1-300x148.jpg 300w, https:\/\/laserpolak.pl\/wp-content\/uploads\/2016\/01\/b1-768x379.jpg 768w\" sizes=\"auto, (max-width: 871px) 100vw, 871px\" \/>            <a href=\"https:\/\/laserpolak.pl\/en\/transport-przyszlosci\/\"><h3 class=\"post-title entry-title text-uppercase\">Transport przysz\u0142o\u015bci<\/h3><\/a>\n            <ul class='post-meta'><li>\n                <i class='fa fa-calendar'><\/i>\n                <time datetime='2021-01-18 02:43'>2021-01-18<\/time>\n            <\/li><li>\n                <i class='fa fa-commenting-o'><\/i>\n                No Comments\n            <\/li><\/ul>        <\/header>\n        <div class=\"post-content entry-content\">\n            <div class=\"post-desc clearfix\">\n                Lorem ipsum dolor sit amet, consectetur adipiscing elit. Nam efficitur rutrum diam, ut commodo ipsum elementum. Duis quis iaculis purus, eget mattis urna. Quisque consectetur odio ac ante fermentum malesuada. Nullam eget lectus euismod, rutrum quam quis, venenatis ligula.            <\/div>\n            <a href=\"https:\/\/laserpolak.pl\/en\/transport-przyszlosci\/\" class=\"btn btn-md btn-gradient btn-shadow\">Read More<\/a>\n        <\/div>\n    <\/article>\n<\/div>\n<div class=\"col-md-12\">\n    <article id=\"post-3378\" class=\"post-3378 post type-post status-publish format-standard has-post-thumbnail hentry category-bez-kategorii\">\n        <header class=\"entry-header\">\n            <img loading=\"lazy\" decoding=\"async\" width=\"871\" height=\"430\" src=\"https:\/\/laserpolak.pl\/wp-content\/uploads\/2016\/01\/b2.jpg\" class=\"attachment-large size-large wp-post-image\" alt=\"\" srcset=\"https:\/\/laserpolak.pl\/wp-content\/uploads\/2016\/01\/b2.jpg 871w, https:\/\/laserpolak.pl\/wp-content\/uploads\/2016\/01\/b2-600x296.jpg 600w, https:\/\/laserpolak.pl\/wp-content\/uploads\/2016\/01\/b2-300x148.jpg 300w, https:\/\/laserpolak.pl\/wp-content\/uploads\/2016\/01\/b2-768x379.jpg 768w\" sizes=\"auto, (max-width: 871px) 100vw, 871px\" \/>            <a href=\"https:\/\/laserpolak.pl\/en\/zawsze-na-czas\/\"><h3 class=\"post-title entry-title text-uppercase\">Zawsze na czas<\/h3><\/a>\n            <ul class='post-meta'><li>\n                <i class='fa fa-calendar'><\/i>\n                <time datetime='2021-01-02 03:09'>2021-01-02<\/time>\n            <\/li><li>\n                <i class='fa fa-commenting-o'><\/i>\n                No Comments\n            <\/li><\/ul>        <\/header>\n        <div class=\"post-content entry-content\">\n            <div class=\"post-desc clearfix\">\n                Lorem ipsum dolor sit amet, consectetur adipiscing elit. Nam efficitur rutrum diam, ut commodo ipsum elementum. Duis quis iaculis purus, eget mattis urna. Quisque consectetur odio ac ante fermentum malesuada. Nullam eget lectus euismod, rutrum quam quis, venenatis ligula.            <\/div>\n            <a href=\"https:\/\/laserpolak.pl\/en\/zawsze-na-czas\/\" class=\"btn btn-md btn-gradient btn-shadow\">Read More<\/a>\n        <\/div>\n    <\/article>\n<\/div>\n<div class=\"col-md-12\">\n    <article id=\"post-3376\" class=\"post-3376 post type-post status-publish format-standard has-post-thumbnail hentry category-bez-kategorii\">\n        <header class=\"entry-header\">\n            <img loading=\"lazy\" decoding=\"async\" width=\"871\" height=\"430\" src=\"https:\/\/laserpolak.pl\/wp-content\/uploads\/2021\/01\/b4.jpg\" class=\"attachment-large size-large wp-post-image\" alt=\"\" srcset=\"https:\/\/laserpolak.pl\/wp-content\/uploads\/2021\/01\/b4.jpg 871w, https:\/\/laserpolak.pl\/wp-content\/uploads\/2021\/01\/b4-600x296.jpg 600w, https:\/\/laserpolak.pl\/wp-content\/uploads\/2021\/01\/b4-300x148.jpg 300w, https:\/\/laserpolak.pl\/wp-content\/uploads\/2021\/01\/b4-768x379.jpg 768w\" sizes=\"auto, (max-width: 871px) 100vw, 871px\" \/>            <a href=\"https:\/\/laserpolak.pl\/en\/bezpieczenstwo-robot\/\"><h3 class=\"post-title entry-title text-uppercase\">Bezpiecze\u0144stwo rob\u00f3t<\/h3><\/a>\n            <ul class='post-meta'><li>\n                <i class='fa fa-calendar'><\/i>\n                <time datetime='2021-01-01 09:47'>2021-01-01<\/time>\n            <\/li><li>\n                <i class='fa fa-commenting-o'><\/i>\n                No Comments\n            <\/li><\/ul>        <\/header>\n        <div class=\"post-content entry-content\">\n            <div class=\"post-desc clearfix\">\n                Lorem ipsum dolor sit amet, consectetur adipiscing elit. Nam efficitur rutrum diam, ut commodo ipsum elementum. Duis quis iaculis purus, eget mattis urna. Quisque consectetur odio ac ante fermentum malesuada. Nullam eget lectus euismod, rutrum quam quis, venenatis ligula.            <\/div>\n            <a href=\"https:\/\/laserpolak.pl\/en\/bezpieczenstwo-robot\/\" class=\"btn btn-md btn-gradient btn-shadow\">Read More<\/a>\n        <\/div>\n    <\/article>\n<\/div>\n<div class=\"col-md-12\">\n    <article id=\"post-1241\" class=\"post-1241 post type-post status-publish format-standard hentry category-energy category-industry category-manufacturing tag-beautiful tag-eco tag-green\">\n        <header class=\"entry-header\">\n                        <a href=\"https:\/\/laserpolak.pl\/en\/responsible-to-environment\/\"><h3 class=\"post-title entry-title text-uppercase\">Responsible to environment<\/h3><\/a>\n            <ul class='post-meta'><li>\n                <i class='fa fa-calendar'><\/i>\n                <time datetime='2016-01-18 02:43'>2016-01-18<\/time>\n            <\/li><li>\n                <i class='fa fa-commenting-o'><\/i>\n                No Comments\n            <\/li><\/ul>        <\/header>\n        <div class=\"post-content entry-content\">\n            <div class=\"post-desc clearfix\">\n                Lorem ipsum dolor sit amet, consectetur adipiscing elit. Nam efficitur rutrum diam, ut commodo ipsum elementum. Duis quis iaculis purus, eget mattis urna. Quisque consectetur odio ac ante fermentum malesuada. Nullam eget lectus euismod, rutrum quam quis, venenatis ligula.            <\/div>\n            <a href=\"https:\/\/laserpolak.pl\/en\/responsible-to-environment\/\" class=\"btn btn-md btn-gradient btn-shadow\">Read More<\/a>\n        <\/div>\n    <\/article>\n<\/div>\n<\/div><ul class='page-numbers'>\n\t<li><span aria-label=\"Page 1\" aria-current=\"page\" class=\"page-numbers current\" data-no-translation-aria-label=\"\">1<\/span><\/li>\n\t<li><a aria-label=\"Page 2\" class=\"page-numbers\" href=\"https:\/\/laserpolak.pl\/en\/wp-json\/wp\/v2\/pages\/3372\/page\/2\/\" data-no-translation-aria-label=\"\">2<\/a><\/li>\n\t<li><a class=\"next page-numbers\" href=\"https:\/\/laserpolak.pl\/en\/wp-json\/wp\/v2\/pages\/3372\/page\/2\/\">Next <i class=\"fa fa-angle-right\"><\/i><\/a><\/li>\n<\/ul>\n<\/div><\/div><\/div><\/div>\n<\/div>","protected":false},"excerpt":{"rendered":"Lorem ipsum dolor sit amet, consectetur adipiscing elit. Nam efficitur rutrum diam, ut commodo ipsum elementum.\u00a0Duis quis iaculis purus, eget mattis urna. Quisque consectetur odio ac ante fermentum malesuada. Nullam eget lectus euismod, rutrum quam quis, venenatis ligula. Integer egestas &hellip;","protected":false},"author":1,"featured_media":0,"parent":0,"menu_order":0,"comment_status":"closed","ping_status":"closed","template":"","meta":{"_acf_changed":false,"footnotes":""},"class_list":["post-3372","page","type-page","status-publish","hentry"],"acf":[],"yoast_head":"<!-- This site is optimized with the Yoast SEO Premium plugin v26.3 (Yoast SEO v27.1.1) - https:\/\/yoast.com\/product\/yoast-seo-premium-wordpress\/ -->\n<title>Aktualno\u015bci - LASERPOLAK SP ZOO<\/title>\n<meta name=\"robots\" content=\"index, follow, max-snippet:-1, max-image-preview:large, max-video-preview:-1\" \/>\n<link rel=\"canonical\" href=\"https:\/\/laserpolak.pl\/en\/aktualnosci\/\" \/>\n<meta property=\"og:locale\" content=\"en_US\" \/>\n<meta property=\"og:type\" content=\"article\" \/>\n<meta property=\"og:title\" content=\"Aktualno\u015bci\" \/>\n<meta property=\"og:url\" content=\"https:\/\/laserpolak.pl\/en\/aktualnosci\/\" \/>\n<meta property=\"og:site_name\" content=\"LASERPOLAK SP ZOO\" \/>\n<meta name=\"twitter:card\" content=\"summary_large_image\" \/>\n<script type=\"application\/ld+json\" class=\"yoast-schema-graph\">{\"@context\":\"https:\/\/schema.org\",\"@graph\":[{\"@type\":\"WebPage\",\"@id\":\"https:\/\/laserpolak.pl\/aktualnosci\/\",\"url\":\"https:\/\/laserpolak.pl\/aktualnosci\/\",\"name\":\"Aktualno\u015bci - LASERPOLAK SP ZOO\",\"isPartOf\":{\"@id\":\"https:\/\/laserpolak.pl\/#website\"},\"datePublished\":\"2016-01-18T16:11:20+00:00\",\"breadcrumb\":{\"@id\":\"https:\/\/laserpolak.pl\/aktualnosci\/#breadcrumb\"},\"inLanguage\":\"en-US\",\"potentialAction\":[{\"@type\":\"ReadAction\",\"target\":[\"https:\/\/laserpolak.pl\/aktualnosci\/\"]}]},{\"@type\":\"BreadcrumbList\",\"@id\":\"https:\/\/laserpolak.pl\/aktualnosci\/#breadcrumb\",\"itemListElement\":[{\"@type\":\"ListItem\",\"position\":1,\"name\":\"Home\",\"item\":\"https:\/\/laserpolak.pl\/\"},{\"@type\":\"ListItem\",\"position\":2,\"name\":\"Aktualno\u015bci\"}]},{\"@type\":\"WebSite\",\"@id\":\"https:\/\/laserpolak.pl\/#website\",\"url\":\"https:\/\/laserpolak.pl\/\",\"name\":\"LASERPOLAK SP ZOO\",\"description\":\"Wykonywanie konstrukcji stalowych, ci\u0119cie laserowe, obr\u00f3bka blach\",\"potentialAction\":[{\"@type\":\"SearchAction\",\"target\":{\"@type\":\"EntryPoint\",\"urlTemplate\":\"https:\/\/laserpolak.pl\/?s={search_term_string}\"},\"query-input\":{\"@type\":\"PropertyValueSpecification\",\"valueRequired\":true,\"valueName\":\"search_term_string\"}}],\"inLanguage\":\"en-US\"}]}<\/script>\n<!-- \/ Yoast SEO Premium plugin. -->","yoast_head_json":{"title":"Aktualno\u015bci - LASERPOLAK SP ZOO","robots":{"index":"index","follow":"follow","max-snippet":"max-snippet:-1","max-image-preview":"max-image-preview:large","max-video-preview":"max-video-preview:-1"},"canonical":"https:\/\/laserpolak.pl\/en\/aktualnosci\/","og_locale":"en_US","og_type":"article","og_title":"Aktualno\u015bci","og_url":"https:\/\/laserpolak.pl\/en\/aktualnosci\/","og_site_name":"LASERPOLAK SP ZOO","twitter_card":"summary_large_image","schema":{"@context":"https:\/\/schema.org","@graph":[{"@type":"WebPage","@id":"https:\/\/laserpolak.pl\/aktualnosci\/","url":"https:\/\/laserpolak.pl\/aktualnosci\/","name":"Aktualno\u015bci - LASERPOLAK SP ZOO","isPartOf":{"@id":"https:\/\/laserpolak.pl\/#website"},"datePublished":"2016-01-18T16:11:20+00:00","breadcrumb":{"@id":"https:\/\/laserpolak.pl\/aktualnosci\/#breadcrumb"},"inLanguage":"en-US","potentialAction":[{"@type":"ReadAction","target":["https:\/\/laserpolak.pl\/aktualnosci\/"]}]},{"@type":"BreadcrumbList","@id":"https:\/\/laserpolak.pl\/aktualnosci\/#breadcrumb","itemListElement":[{"@type":"ListItem","position":1,"name":"Home","item":"https:\/\/laserpolak.pl\/"},{"@type":"ListItem","position":2,"name":"Aktualno\u015bci"}]},{"@type":"WebSite","@id":"https:\/\/laserpolak.pl\/#website","url":"https:\/\/laserpolak.pl\/","name":"LASERPOLAK SP ZOO","description":"Wykonywanie konstrukcji stalowych, ci\u0119cie laserowe, obr\u00f3bka blach","potentialAction":[{"@type":"SearchAction","target":{"@type":"EntryPoint","urlTemplate":"https:\/\/laserpolak.pl\/?s={search_term_string}"},"query-input":{"@type":"PropertyValueSpecification","valueRequired":true,"valueName":"search_term_string"}}],"inLanguage":"en-US"}]}},"_links":{"self":[{"href":"https:\/\/laserpolak.pl\/en\/wp-json\/wp\/v2\/pages\/3372","targetHints":{"allow":["GET"]}}],"collection":[{"href":"https:\/\/laserpolak.pl\/en\/wp-json\/wp\/v2\/pages"}],"about":[{"href":"https:\/\/laserpolak.pl\/en\/wp-json\/wp\/v2\/types\/page"}],"author":[{"embeddable":true,"href":"https:\/\/laserpolak.pl\/en\/wp-json\/wp\/v2\/users\/1"}],"replies":[{"embeddable":true,"href":"https:\/\/laserpolak.pl\/en\/wp-json\/wp\/v2\/comments?post=3372"}],"version-history":[{"count":0,"href":"https:\/\/laserpolak.pl\/en\/wp-json\/wp\/v2\/pages\/3372\/revisions"}],"wp:attachment":[{"href":"https:\/\/laserpolak.pl\/en\/wp-json\/wp\/v2\/media?parent=3372"}],"curies":[{"name":"wp","href":"https:\/\/api.w.org\/{rel}","templated":true}]}}