{"id":3373,"date":"2016-01-19T14:03:09","date_gmt":"2016-01-19T14:03:09","guid":{"rendered":"http:\/\/anpsthemes.com\/construction\/?page_id=1408"},"modified":"2025-11-06T08:47:03","modified_gmt":"2025-11-06T07:47:03","slug":"o-firmie","status":"publish","type":"page","link":"https:\/\/laserpolak.pl\/en\/o-firmie\/","title":{"rendered":"About us"},"content":{"rendered":"<div class=\"wpb-content-wrapper\"><div class=\"vc_row wpb_row vc_row-fluid vc_custom_1762415216416\"><div class=\"wpb_column vc_column_container vc_col-md-12\"><div class=\"vc_column-inner\"><div class=\"wpb_wrapper\">\n\t<div class=\"wpb_text_column wpb_content_element\" >\n\t\t<div class=\"wpb_wrapper\">\n\t\t\t<h1 id=\"ppuh-polak\u201d\" class=\"vc_custom_heading\">\u201eLASERPOLAK\u201d SP. Z O.O.<\/h1>\n<p>We operate in the field of production of parts for machines and all types of equipment for industry.<\/p>\n<p>Production of molds for the production of precast concrete elements:<\/p>\n<ul>\n<li>molds for Lego blocks,<\/li>\n<li>forms for L- and T-shaped retaining walls,<\/li>\n<li>molds for road slabs,<\/li>\n<li>form do Tetrapods Gwiazdo blok\u00f3w falochron\u00f3w.<\/li>\n<\/ul>\n<p>Our goal is to provide a range of products and services that meet the wishes of our customers at home and abroad.<\/p>\n<p>Our highly qualified employees will make every effort to ensure that our products meet our customers' requirements in terms of quality and delivery time.<\/p>\n<p>By fulfilling orders entrusted to us by our regular customers, we are a company that, based on our own experience and that of our partners, improves the quality of our services and expands our technical capabilities.<\/p>\n\n\t\t<\/div>\n\t<\/div>\n<\/div><\/div><\/div><\/div><div data-vc-full-width=\"true\" data-vc-full-width-temp=\"true\" data-vc-full-width-init=\"false\" data-vc-stretch-content=\"true\" class=\"vc_row wpb_row vc_row-fluid\"><div class=\"wpb_column vc_column_container vc_col-md-3\"><div class=\"vc_column-inner\"><div class=\"wpb_wrapper\">\n\t<div  class=\"wpb_single_image wpb_content_element vc_align_center wpb_content_element\">\n\t\t\n\t\t<figure class=\"wpb_wrapper vc_figure\">\n\t\t\t<div class=\"vc_single_image-wrapper   vc_box_border_grey\"><img loading=\"lazy\" decoding=\"async\" width=\"1200\" height=\"748\" src=\"https:\/\/laserpolak.pl\/wp-content\/uploads\/2021\/12\/ciecie-laserowe.jpg\" class=\"vc_single_image-img attachment-full\" alt=\"\" title=\"ciecie laserowe\" srcset=\"https:\/\/laserpolak.pl\/wp-content\/uploads\/2021\/12\/ciecie-laserowe.jpg 1200w, https:\/\/laserpolak.pl\/wp-content\/uploads\/2021\/12\/ciecie-laserowe-600x374.jpg 600w, https:\/\/laserpolak.pl\/wp-content\/uploads\/2021\/12\/ciecie-laserowe-300x187.jpg 300w, https:\/\/laserpolak.pl\/wp-content\/uploads\/2021\/12\/ciecie-laserowe-1024x638.jpg 1024w, https:\/\/laserpolak.pl\/wp-content\/uploads\/2021\/12\/ciecie-laserowe-768x479.jpg 768w\" sizes=\"auto, (max-width: 1200px) 100vw, 1200px\" \/><\/div>\n\t\t<\/figure>\n\t<\/div>\n<\/div><\/div><\/div><div class=\"wpb_column vc_column_container vc_col-md-3\"><div class=\"vc_column-inner\"><div class=\"wpb_wrapper\">\n\t<div  class=\"wpb_single_image wpb_content_element vc_align_center wpb_content_element\">\n\t\t\n\t\t<figure class=\"wpb_wrapper vc_figure\">\n\t\t\t<div class=\"vc_single_image-wrapper   vc_box_border_grey\"><img loading=\"lazy\" decoding=\"async\" width=\"1200\" height=\"748\" src=\"https:\/\/laserpolak.pl\/wp-content\/uploads\/2021\/12\/giecie-blach.jpg\" class=\"vc_single_image-img attachment-full\" alt=\"\" title=\"giecie blach\" srcset=\"https:\/\/laserpolak.pl\/wp-content\/uploads\/2021\/12\/giecie-blach.jpg 1200w, https:\/\/laserpolak.pl\/wp-content\/uploads\/2021\/12\/giecie-blach-600x374.jpg 600w, https:\/\/laserpolak.pl\/wp-content\/uploads\/2021\/12\/giecie-blach-300x187.jpg 300w, https:\/\/laserpolak.pl\/wp-content\/uploads\/2021\/12\/giecie-blach-1024x638.jpg 1024w, https:\/\/laserpolak.pl\/wp-content\/uploads\/2021\/12\/giecie-blach-768x479.jpg 768w\" sizes=\"auto, (max-width: 1200px) 100vw, 1200px\" \/><\/div>\n\t\t<\/figure>\n\t<\/div>\n<\/div><\/div><\/div><div class=\"wpb_column vc_column_container vc_col-md-3\"><div class=\"vc_column-inner\"><div class=\"wpb_wrapper\">\n\t<div  class=\"wpb_single_image wpb_content_element vc_align_center wpb_content_element\">\n\t\t\n\t\t<figure class=\"wpb_wrapper vc_figure\">\n\t\t\t<div class=\"vc_single_image-wrapper   vc_box_border_grey\"><img loading=\"lazy\" decoding=\"async\" width=\"1200\" height=\"748\" src=\"https:\/\/laserpolak.pl\/wp-content\/uploads\/2021\/12\/spawanie.jpg\" class=\"vc_single_image-img attachment-full\" alt=\"\" title=\"spawanie\" srcset=\"https:\/\/laserpolak.pl\/wp-content\/uploads\/2021\/12\/spawanie.jpg 1200w, https:\/\/laserpolak.pl\/wp-content\/uploads\/2021\/12\/spawanie-600x374.jpg 600w, https:\/\/laserpolak.pl\/wp-content\/uploads\/2021\/12\/spawanie-300x187.jpg 300w, https:\/\/laserpolak.pl\/wp-content\/uploads\/2021\/12\/spawanie-1024x638.jpg 1024w, https:\/\/laserpolak.pl\/wp-content\/uploads\/2021\/12\/spawanie-768x479.jpg 768w\" sizes=\"auto, (max-width: 1200px) 100vw, 1200px\" \/><\/div>\n\t\t<\/figure>\n\t<\/div>\n<\/div><\/div><\/div><div class=\"wpb_column vc_column_container vc_col-md-3\"><div class=\"vc_column-inner\"><div class=\"wpb_wrapper\">\n\t<div  class=\"wpb_single_image wpb_content_element vc_align_center wpb_content_element\">\n\t\t\n\t\t<figure class=\"wpb_wrapper vc_figure\">\n\t\t\t<div class=\"vc_single_image-wrapper   vc_box_border_grey\"><img loading=\"lazy\" decoding=\"async\" width=\"1200\" height=\"748\" src=\"https:\/\/laserpolak.pl\/wp-content\/uploads\/2021\/12\/frezowanie-cnc.jpg\" class=\"vc_single_image-img attachment-full\" alt=\"\" title=\"frezowanie cnc\" srcset=\"https:\/\/laserpolak.pl\/wp-content\/uploads\/2021\/12\/frezowanie-cnc.jpg 1200w, https:\/\/laserpolak.pl\/wp-content\/uploads\/2021\/12\/frezowanie-cnc-600x374.jpg 600w, https:\/\/laserpolak.pl\/wp-content\/uploads\/2021\/12\/frezowanie-cnc-300x187.jpg 300w, https:\/\/laserpolak.pl\/wp-content\/uploads\/2021\/12\/frezowanie-cnc-1024x638.jpg 1024w, https:\/\/laserpolak.pl\/wp-content\/uploads\/2021\/12\/frezowanie-cnc-768x479.jpg 768w\" sizes=\"auto, (max-width: 1200px) 100vw, 1200px\" \/><\/div>\n\t\t<\/figure>\n\t<\/div>\n<\/div><\/div><\/div><\/div><div class=\"vc_row-full-width vc_clearfix\"><\/div>\n<\/div>","protected":false},"excerpt":{"rendered":"\u201eLASERPOLAK\u201d SP. Z O.O. Dzia\u0142amy w dziedzinie produkcji cz\u0119\u015bci do maszyn i wszelkiego rodzaju urz\u0105dze\u0144 dla przemys\u0142u. Produkcji form do produkcji prefabrykat\u00f3w betonowych: form do Blok\u00f3w Lego, form do \u015bcian oporowych typu L i T, form do p\u0142yt drogowych, form &hellip;","protected":false},"author":1,"featured_media":0,"parent":0,"menu_order":0,"comment_status":"closed","ping_status":"closed","template":"","meta":{"_acf_changed":false,"footnotes":""},"class_list":["post-3373","page","type-page","status-publish","hentry"],"acf":[],"yoast_head":"<!-- This site is optimized with the Yoast SEO Premium plugin v26.3 (Yoast SEO v27.1.1) - https:\/\/yoast.com\/product\/yoast-seo-premium-wordpress\/ -->\n<title>O firmie - LASERPOLAK SP ZOO<\/title>\n<meta name=\"robots\" content=\"index, follow, max-snippet:-1, max-image-preview:large, max-video-preview:-1\" \/>\n<link rel=\"canonical\" href=\"https:\/\/laserpolak.pl\/en\/o-firmie\/\" \/>\n<meta property=\"og:locale\" content=\"en_US\" \/>\n<meta property=\"og:type\" content=\"article\" \/>\n<meta property=\"og:title\" content=\"O firmie\" \/>\n<meta property=\"og:url\" content=\"https:\/\/laserpolak.pl\/en\/o-firmie\/\" \/>\n<meta property=\"og:site_name\" content=\"LASERPOLAK SP ZOO\" \/>\n<meta property=\"article:modified_time\" content=\"2025-11-06T07:47:03+00:00\" \/>\n<meta name=\"twitter:card\" content=\"summary_large_image\" \/>\n<meta name=\"twitter:label1\" content=\"Est. reading time\" \/>\n\t<meta name=\"twitter:data1\" content=\"1 minute\" \/>\n<script type=\"application\/ld+json\" class=\"yoast-schema-graph\">{\"@context\":\"https:\/\/schema.org\",\"@graph\":[{\"@type\":\"WebPage\",\"@id\":\"https:\/\/laserpolak.pl\/en\/o-firmie\/\",\"url\":\"https:\/\/laserpolak.pl\/en\/o-firmie\/\",\"name\":\"O firmie - LASERPOLAK SP ZOO\",\"isPartOf\":{\"@id\":\"https:\/\/laserpolak.pl\/#website\"},\"datePublished\":\"2016-01-19T14:03:09+00:00\",\"dateModified\":\"2025-11-06T07:47:03+00:00\",\"breadcrumb\":{\"@id\":\"https:\/\/laserpolak.pl\/en\/o-firmie\/#breadcrumb\"},\"inLanguage\":\"en-US\",\"potentialAction\":[{\"@type\":\"ReadAction\",\"target\":[\"https:\/\/laserpolak.pl\/en\/o-firmie\/\"]}]},{\"@type\":\"BreadcrumbList\",\"@id\":\"https:\/\/laserpolak.pl\/en\/o-firmie\/#breadcrumb\",\"itemListElement\":[{\"@type\":\"ListItem\",\"position\":1,\"name\":\"Home\",\"item\":\"https:\/\/laserpolak.pl\/\"},{\"@type\":\"ListItem\",\"position\":2,\"name\":\"O firmie\"}]},{\"@type\":\"WebSite\",\"@id\":\"https:\/\/laserpolak.pl\/#website\",\"url\":\"https:\/\/laserpolak.pl\/\",\"name\":\"LASERPOLAK SP ZOO\",\"description\":\"Wykonywanie konstrukcji stalowych, ci\u0119cie laserowe, obr\u00f3bka blach\",\"potentialAction\":[{\"@type\":\"SearchAction\",\"target\":{\"@type\":\"EntryPoint\",\"urlTemplate\":\"https:\/\/laserpolak.pl\/?s={search_term_string}\"},\"query-input\":{\"@type\":\"PropertyValueSpecification\",\"valueRequired\":true,\"valueName\":\"search_term_string\"}}],\"inLanguage\":\"en-US\"}]}<\/script>\n<!-- \/ Yoast SEO Premium plugin. -->","yoast_head_json":{"title":"O firmie - LASERPOLAK SP ZOO","robots":{"index":"index","follow":"follow","max-snippet":"max-snippet:-1","max-image-preview":"max-image-preview:large","max-video-preview":"max-video-preview:-1"},"canonical":"https:\/\/laserpolak.pl\/en\/o-firmie\/","og_locale":"en_US","og_type":"article","og_title":"O firmie","og_url":"https:\/\/laserpolak.pl\/en\/o-firmie\/","og_site_name":"LASERPOLAK SP ZOO","article_modified_time":"2025-11-06T07:47:03+00:00","twitter_card":"summary_large_image","twitter_misc":{"Est. reading time":"1 minute"},"schema":{"@context":"https:\/\/schema.org","@graph":[{"@type":"WebPage","@id":"https:\/\/laserpolak.pl\/en\/o-firmie\/","url":"https:\/\/laserpolak.pl\/en\/o-firmie\/","name":"O firmie - LASERPOLAK SP ZOO","isPartOf":{"@id":"https:\/\/laserpolak.pl\/#website"},"datePublished":"2016-01-19T14:03:09+00:00","dateModified":"2025-11-06T07:47:03+00:00","breadcrumb":{"@id":"https:\/\/laserpolak.pl\/en\/o-firmie\/#breadcrumb"},"inLanguage":"en-US","potentialAction":[{"@type":"ReadAction","target":["https:\/\/laserpolak.pl\/en\/o-firmie\/"]}]},{"@type":"BreadcrumbList","@id":"https:\/\/laserpolak.pl\/en\/o-firmie\/#breadcrumb","itemListElement":[{"@type":"ListItem","position":1,"name":"Home","item":"https:\/\/laserpolak.pl\/"},{"@type":"ListItem","position":2,"name":"O firmie"}]},{"@type":"WebSite","@id":"https:\/\/laserpolak.pl\/#website","url":"https:\/\/laserpolak.pl\/","name":"LASERPOLAK SP ZOO","description":"Wykonywanie konstrukcji stalowych, ci\u0119cie laserowe, obr\u00f3bka blach","potentialAction":[{"@type":"SearchAction","target":{"@type":"EntryPoint","urlTemplate":"https:\/\/laserpolak.pl\/?s={search_term_string}"},"query-input":{"@type":"PropertyValueSpecification","valueRequired":true,"valueName":"search_term_string"}}],"inLanguage":"en-US"}]}},"_links":{"self":[{"href":"https:\/\/laserpolak.pl\/en\/wp-json\/wp\/v2\/pages\/3373","targetHints":{"allow":["GET"]}}],"collection":[{"href":"https:\/\/laserpolak.pl\/en\/wp-json\/wp\/v2\/pages"}],"about":[{"href":"https:\/\/laserpolak.pl\/en\/wp-json\/wp\/v2\/types\/page"}],"author":[{"embeddable":true,"href":"https:\/\/laserpolak.pl\/en\/wp-json\/wp\/v2\/users\/1"}],"replies":[{"embeddable":true,"href":"https:\/\/laserpolak.pl\/en\/wp-json\/wp\/v2\/comments?post=3373"}],"version-history":[{"count":1,"href":"https:\/\/laserpolak.pl\/en\/wp-json\/wp\/v2\/pages\/3373\/revisions"}],"predecessor-version":[{"id":3472,"href":"https:\/\/laserpolak.pl\/en\/wp-json\/wp\/v2\/pages\/3373\/revisions\/3472"}],"wp:attachment":[{"href":"https:\/\/laserpolak.pl\/en\/wp-json\/wp\/v2\/media?parent=3373"}],"curies":[{"name":"wp","href":"https:\/\/api.w.org\/{rel}","templated":true}]}}