{"id":3374,"date":"2016-01-19T14:52:43","date_gmt":"2016-01-19T13:52:43","guid":{"rendered":"http:\/\/anpsthemes.com\/construction\/?page_id=1436"},"modified":"2016-01-19T14:52:43","modified_gmt":"2016-01-19T13:52:43","slug":"nasze-uslugi","status":"publish","type":"page","link":"https:\/\/laserpolak.pl\/en\/nasze-uslugi\/","title":{"rendered":"Our Services"},"content":{"rendered":"<div class=\"wpb-content-wrapper\"><div class=\"vc_row wpb_row vc_row-fluid vc_custom_1453287409122\"><div class=\"wpb_column vc_column_container vc_col-md-4\"><div class=\"vc_column-inner\"><div class=\"wpb_wrapper\">\n\t<div  class=\"wpb_single_image wpb_content_element vc_align_left wpb_content_element\">\n\t\t\n\t\t<figure class=\"wpb_wrapper vc_figure\">\n\t\t\t<div class=\"vc_single_image-wrapper vc_box_shadow  vc_box_border_grey\"><img loading=\"lazy\" decoding=\"async\" width=\"1200\" height=\"715\" src=\"https:\/\/laserpolak.pl\/wp-content\/uploads\/2025\/03\/180x60x60-forma-lego.jpg\" class=\"vc_single_image-img attachment-full\" alt=\"\" title=\"180x60x60 forma lego\" srcset=\"https:\/\/laserpolak.pl\/wp-content\/uploads\/2025\/03\/180x60x60-forma-lego.jpg 1200w, https:\/\/laserpolak.pl\/wp-content\/uploads\/2025\/03\/180x60x60-forma-lego-600x358.jpg 600w, https:\/\/laserpolak.pl\/wp-content\/uploads\/2025\/03\/180x60x60-forma-lego-300x179.jpg 300w, https:\/\/laserpolak.pl\/wp-content\/uploads\/2025\/03\/180x60x60-forma-lego-1024x610.jpg 1024w, https:\/\/laserpolak.pl\/wp-content\/uploads\/2025\/03\/180x60x60-forma-lego-768x458.jpg 768w\" sizes=\"auto, (max-width: 1200px) 100vw, 1200px\" \/><\/div>\n\t\t<\/figure>\n\t<\/div>\n<h3 class='heading-left  divider-sm' ><span>Forma do blok\u00f3w betonowych LEGO<\/span><\/h3>\n\t<div class=\"wpb_text_column wpb_content_element\" >\n\t\t<div class=\"wpb_wrapper\">\n\t\t\t<p>Oferujemy formy do produkcji blok\u00f3w betonowych.<\/p>\n<p>Produkujemy Formy do wykonania Blok\u00f3w betonowych wymiarach:<\/p>\n<ul>\n<li>160x80x80 cm &#8211; 80x80x80 cm<\/li>\n<li>160x80x60 cm &#8211; 80x80x60 cm<\/li>\n<li>160x40x80 cm \u2013 80x40x80 cm<\/li>\n<li>160x40x60 cm \u2013 80x40x60 cm<\/li>\n<li>160x40x40 cm \u2013 80x40x40 cm<\/li>\n<li>180x60x60 cm \u2013 120x60x60 \u2013 60x60x60 cm<\/li>\n<li>180x30x60 cm \u2013 120x30x60 \u2013 60x30x60 cm<\/li>\n<li>180x30x30 cm \u2013 120x30x30 \u2013 60x30x30 cm<\/li>\n<\/ul>\n<p>Na indywidualne \u017cyczenie klienta mo\u017cemy wyposa\u017cy\u0107 formy w przegrody, klucz do otwierania form, przygotowa\u0107 formy do monta\u017cu w blokach hak\u00f3w do zawiesi kulowych.<\/p>\n\n\t\t<\/div>\n\t<\/div>\n<\/div><\/div><\/div><div class=\"wpb_column vc_column_container vc_col-md-4\"><div class=\"vc_column-inner\"><div class=\"wpb_wrapper\">\n\t<div  class=\"wpb_single_image wpb_content_element vc_align_left wpb_content_element\">\n\t\t\n\t\t<figure class=\"wpb_wrapper vc_figure\">\n\t\t\t<div class=\"vc_single_image-wrapper   vc_box_border_grey\"><img loading=\"lazy\" decoding=\"async\" width=\"1200\" height=\"748\" src=\"https:\/\/laserpolak.pl\/wp-content\/uploads\/2021\/12\/ciecie-laserowe.jpg\" class=\"vc_single_image-img attachment-full\" alt=\"\" title=\"ciecie laserowe\" srcset=\"https:\/\/laserpolak.pl\/wp-content\/uploads\/2021\/12\/ciecie-laserowe.jpg 1200w, https:\/\/laserpolak.pl\/wp-content\/uploads\/2021\/12\/ciecie-laserowe-600x374.jpg 600w, https:\/\/laserpolak.pl\/wp-content\/uploads\/2021\/12\/ciecie-laserowe-300x187.jpg 300w, https:\/\/laserpolak.pl\/wp-content\/uploads\/2021\/12\/ciecie-laserowe-1024x638.jpg 1024w, https:\/\/laserpolak.pl\/wp-content\/uploads\/2021\/12\/ciecie-laserowe-768x479.jpg 768w\" sizes=\"auto, (max-width: 1200px) 100vw, 1200px\" \/><\/div>\n\t\t<\/figure>\n\t<\/div>\n<h3 class='heading-left  divider-sm' ><span>Ci\u0119cie laserowe<\/span><\/h3>\n\t<div class=\"wpb_text_column wpb_content_element\" >\n\t\t<div class=\"wpb_wrapper\">\n\t\t\t<ul>\n<li>Wycinarka Laserowa Fiber o mocy 6 kW<\/li>\n<li>Nowoczesny program technologiczny<\/li>\n<li>Dowolne kszta\u0142ty ci\u0119cia<\/li>\n<li>100% powtarzalno\u015bci<\/li>\n<li>Dok\u0142adno\u015b\u0107 ci\u0119cia do 0,1 mm!<\/li>\n<li>Optymalne wykorzystanie materia\u0142u<\/li>\n<\/ul>\n<p>Maksymalne gabaryty Ci\u0119cia:<\/p>\n<ul>\n<li>3000 x 1500 mm<\/li>\n<\/ul>\n<p>Maksymalne grubo\u015bci ci\u0119cia:<\/p>\n<ul>\n<li>3000 x 1500 mm<\/li>\n<li>stal czarna 25 mm<\/li>\n<li>stal nierdzewna 20 mm<\/li>\n<li>aluminium 16 mm<\/li>\n<li>mied\u017a 15 mm<\/li>\n<li>mosi\u0105dz 12 mm<\/li>\n<\/ul>\n\n\t\t<\/div>\n\t<\/div>\n<\/div><\/div><\/div><div class=\"wpb_column vc_column_container vc_col-md-4\"><div class=\"vc_column-inner\"><div class=\"wpb_wrapper\">\n\t<div  class=\"wpb_single_image wpb_content_element vc_align_left wpb_content_element\">\n\t\t\n\t\t<figure class=\"wpb_wrapper vc_figure\">\n\t\t\t<div class=\"vc_single_image-wrapper   vc_box_border_grey\"><img loading=\"lazy\" decoding=\"async\" width=\"1200\" height=\"748\" src=\"https:\/\/laserpolak.pl\/wp-content\/uploads\/2021\/12\/frezowanie-cnc.jpg\" class=\"vc_single_image-img attachment-full\" alt=\"\" title=\"frezowanie cnc\" srcset=\"https:\/\/laserpolak.pl\/wp-content\/uploads\/2021\/12\/frezowanie-cnc.jpg 1200w, https:\/\/laserpolak.pl\/wp-content\/uploads\/2021\/12\/frezowanie-cnc-600x374.jpg 600w, https:\/\/laserpolak.pl\/wp-content\/uploads\/2021\/12\/frezowanie-cnc-300x187.jpg 300w, https:\/\/laserpolak.pl\/wp-content\/uploads\/2021\/12\/frezowanie-cnc-1024x638.jpg 1024w, https:\/\/laserpolak.pl\/wp-content\/uploads\/2021\/12\/frezowanie-cnc-768x479.jpg 768w\" sizes=\"auto, (max-width: 1200px) 100vw, 1200px\" \/><\/div>\n\t\t<\/figure>\n\t<\/div>\n<h3 class='heading-left  divider-sm' ><span>Obr\u00f3bka plastyczna<\/span><\/h3>\n\t<div class=\"wpb_text_column wpb_content_element\" >\n\t\t<div class=\"wpb_wrapper\">\n\t\t\t<p>Kszta\u0142towanie na zimno element\u00f3w na prasach SAFANDARLEY.<\/p>\n<p>Precyzja gi\u0119cia:<\/p>\n<ul>\n<li>Prasy kraw\u0119dziowa SAFANDARLEY E-Brake<\/li>\n<li>Nacisk 1300 kN (130 ton)<\/li>\n<li>Max. d\u0142ugo\u015b\u0107 gi\u0119cia 3060 mm<\/li>\n<li>Zasi\u0119g 5-osiowych zderzak\u00f3w 1000 mm sterowanie CNC<\/li>\n<li>Prze\u015bwit Q=590 mm<\/li>\n<li>Bardzo wysoka dok\u0142adno\u015b\u0107 gi\u0119cia<\/li>\n<li>Nowoczesny program technologiczny<\/li>\n<\/ul>\n\n\t\t<\/div>\n\t<\/div>\n<\/div><\/div><\/div><\/div><div class=\"vc_row wpb_row vc_row-fluid vc_custom_1453287409122\"><div class=\"wpb_column vc_column_container vc_col-md-4\"><div class=\"vc_column-inner\"><div class=\"wpb_wrapper\">\n\t<div  class=\"wpb_single_image wpb_content_element vc_align_left wpb_content_element\">\n\t\t\n\t\t<figure class=\"wpb_wrapper vc_figure\">\n\t\t\t<div class=\"vc_single_image-wrapper   vc_box_border_grey\"><img loading=\"lazy\" decoding=\"async\" width=\"862\" height=\"641\" src=\"https:\/\/laserpolak.pl\/wp-content\/uploads\/2024\/05\/Forma-typu-L-tyl-1.jpg\" class=\"vc_single_image-img attachment-full\" alt=\"\" title=\"Forma typu L ty\u0142\" srcset=\"https:\/\/laserpolak.pl\/wp-content\/uploads\/2024\/05\/Forma-typu-L-tyl-1.jpg 862w, https:\/\/laserpolak.pl\/wp-content\/uploads\/2024\/05\/Forma-typu-L-tyl-1-600x446.jpg 600w, https:\/\/laserpolak.pl\/wp-content\/uploads\/2024\/05\/Forma-typu-L-tyl-1-300x223.jpg 300w, https:\/\/laserpolak.pl\/wp-content\/uploads\/2024\/05\/Forma-typu-L-tyl-1-768x571.jpg 768w\" sizes=\"auto, (max-width: 862px) 100vw, 862px\" \/><\/div>\n\t\t<\/figure>\n\t<\/div>\n<h3 class='heading-left  divider-sm' ><span>Formy do \u015bcian oporowych typu L I T<\/span><\/h3>\n\t<div class=\"wpb_text_column wpb_content_element\" >\n\t\t<div class=\"wpb_wrapper\">\n\t\t\t<ul>\n<li>Forma Typ L 80 x 50 x 99 cm<\/li>\n<li>Forma Typ L 105 x 65 x 99 cm<\/li>\n<li>Forma Typ L 130 x 80 x 99 cm<\/li>\n<li>Forma Typ L 155 x 95 x 99 cm<\/li>\n<li>Forma Typ L 180 x 105 x99 cm<\/li>\n<li>Forma Typ L 205 x 120 x99 cm<\/li>\n<li>Forma Typ L 230 x 135 x99 cm<\/li>\n<li>Forma Typ L 255 x 150 x99 cm<\/li>\n<li>Forma Typ L 280 x 165 x99 cm<\/li>\n<li>Forma Typ L 305 x 180 x99 cm<\/li>\n<\/ul>\n\n\t\t<\/div>\n\t<\/div>\n<\/div><\/div><\/div><div class=\"wpb_column vc_column_container vc_col-md-4\"><div class=\"vc_column-inner\"><div class=\"wpb_wrapper\">\n\t<div  class=\"wpb_single_image wpb_content_element vc_align_left wpb_content_element\">\n\t\t\n\t\t<figure class=\"wpb_wrapper vc_figure\">\n\t\t\t<div class=\"vc_single_image-wrapper   vc_box_border_grey\"><img loading=\"lazy\" decoding=\"async\" width=\"1200\" height=\"748\" src=\"https:\/\/laserpolak.pl\/wp-content\/uploads\/2021\/12\/spawanie.jpg\" class=\"vc_single_image-img attachment-full\" alt=\"\" title=\"spawanie\" srcset=\"https:\/\/laserpolak.pl\/wp-content\/uploads\/2021\/12\/spawanie.jpg 1200w, https:\/\/laserpolak.pl\/wp-content\/uploads\/2021\/12\/spawanie-600x374.jpg 600w, https:\/\/laserpolak.pl\/wp-content\/uploads\/2021\/12\/spawanie-300x187.jpg 300w, https:\/\/laserpolak.pl\/wp-content\/uploads\/2021\/12\/spawanie-1024x638.jpg 1024w, https:\/\/laserpolak.pl\/wp-content\/uploads\/2021\/12\/spawanie-768x479.jpg 768w\" sizes=\"auto, (max-width: 1200px) 100vw, 1200px\" \/><\/div>\n\t\t<\/figure>\n\t<\/div>\n<h3 class='heading-left  divider-sm' ><span>Spawanie termiczne<\/span><\/h3>\n\t<div class=\"wpb_text_column wpb_content_element\" >\n\t\t<div class=\"wpb_wrapper\">\n\t\t\t<p>Metody w jakich si\u0119 specjalizujemy to:<\/p>\n<ul>\n<li>mig<\/li>\n<li>mag<\/li>\n<li>tig<\/li>\n<\/ul>\n<p>Spawamy nast\u0119puj\u0105ce materia\u0142y:<\/p>\n<ul>\n<li>stal czarna<\/li>\n<li>stal nierdzewna<\/li>\n<li>aluminium<\/li>\n<li>mied\u017a<\/li>\n<li>tytan<\/li>\n<li>cynk<\/li>\n<\/ul>\n\n\t\t<\/div>\n\t<\/div>\n<\/div><\/div><\/div><div class=\"wpb_column vc_column_container vc_col-md-4\"><div class=\"vc_column-inner\"><div class=\"wpb_wrapper\">\n\t<div  class=\"wpb_single_image wpb_content_element vc_align_left wpb_content_element\">\n\t\t\n\t\t<figure class=\"wpb_wrapper vc_figure\">\n\t\t\t<div class=\"vc_single_image-wrapper   vc_box_border_grey\"><img loading=\"lazy\" decoding=\"async\" width=\"2560\" height=\"1300\" src=\"https:\/\/laserpolak.pl\/wp-content\/uploads\/2025\/03\/Forma-PD-200x200-1-kopia-1-scaled-1.jpg\" class=\"vc_single_image-img attachment-full\" alt=\"\" title=\"Forma PD 200x200 1 kopia\" srcset=\"https:\/\/laserpolak.pl\/wp-content\/uploads\/2025\/03\/Forma-PD-200x200-1-kopia-1-scaled-1.jpg 2560w, https:\/\/laserpolak.pl\/wp-content\/uploads\/2025\/03\/Forma-PD-200x200-1-kopia-1-scaled-1-600x305.jpg 600w, https:\/\/laserpolak.pl\/wp-content\/uploads\/2025\/03\/Forma-PD-200x200-1-kopia-1-scaled-1-300x152.jpg 300w, https:\/\/laserpolak.pl\/wp-content\/uploads\/2025\/03\/Forma-PD-200x200-1-kopia-1-scaled-1-1024x520.jpg 1024w, https:\/\/laserpolak.pl\/wp-content\/uploads\/2025\/03\/Forma-PD-200x200-1-kopia-1-scaled-1-768x390.jpg 768w, https:\/\/laserpolak.pl\/wp-content\/uploads\/2025\/03\/Forma-PD-200x200-1-kopia-1-scaled-1-1536x780.jpg 1536w, https:\/\/laserpolak.pl\/wp-content\/uploads\/2025\/03\/Forma-PD-200x200-1-kopia-1-scaled-1-2048x1040.jpg 2048w, https:\/\/laserpolak.pl\/wp-content\/uploads\/2025\/03\/Forma-PD-200x200-1-kopia-1-scaled-1-722x368.jpg 722w\" sizes=\"auto, (max-width: 2560px) 100vw, 2560px\" \/><\/div>\n\t\t<\/figure>\n\t<\/div>\n<h3 class='heading-left  divider-sm' ><span>Formy do produkcji p\u0142yt drogowych<\/span><\/h3>\n\t<div class=\"wpb_text_column wpb_content_element\" >\n\t\t<div class=\"wpb_wrapper\">\n\t\t\t<p>Wymiary:<\/p>\n<ul>\n<li>Forma do p\u0142yt drogowych 150 x 300&#215;16 do 20 cm<\/li>\n<li>Forma do p\u0142yt drogowych 200x200x16 do 20 cm<\/li>\n<li>Forma do p\u0142yt drogowych 150x300x 16 do 20 cm z podstaw\u0105 i otwieranymi bokam<\/li>\n<\/ul>\n\n\t\t<\/div>\n\t<\/div>\n<\/div><\/div><\/div><\/div>\n<\/div>","protected":false},"excerpt":{"rendered":"Forma do blok\u00f3w betonowych LEGO Oferujemy formy do produkcji blok\u00f3w betonowych. Produkujemy Formy do wykonania Blok\u00f3w betonowych wymiarach: 160x80x80 cm - 80x80x80 cm 160x80x60 cm - 80x80x60 cm 160x40x80 cm - 80x40x80 cm 160x40x60 cm - 80x40x60 cm 160x40x40 cm &hellip;","protected":false},"author":1,"featured_media":0,"parent":0,"menu_order":0,"comment_status":"closed","ping_status":"closed","template":"","meta":{"_acf_changed":false,"footnotes":""},"class_list":["post-3374","page","type-page","status-publish","hentry"],"acf":[],"yoast_head":"<!-- This site is optimized with the Yoast SEO Premium plugin v26.3 (Yoast SEO v27.1.1) - https:\/\/yoast.com\/product\/yoast-seo-premium-wordpress\/ -->\n<title>Nasze Us\u0142ugi - LASERPOLAK SP ZOO<\/title>\n<meta name=\"robots\" content=\"index, follow, max-snippet:-1, max-image-preview:large, max-video-preview:-1\" \/>\n<link rel=\"canonical\" href=\"https:\/\/laserpolak.pl\/en\/nasze-uslugi\/\" \/>\n<meta property=\"og:locale\" content=\"en_US\" \/>\n<meta property=\"og:type\" content=\"article\" \/>\n<meta property=\"og:title\" content=\"Nasze Us\u0142ugi\" \/>\n<meta property=\"og:url\" content=\"https:\/\/laserpolak.pl\/en\/nasze-uslugi\/\" \/>\n<meta property=\"og:site_name\" content=\"LASERPOLAK SP ZOO\" \/>\n<meta name=\"twitter:card\" content=\"summary_large_image\" \/>\n<meta name=\"twitter:label1\" content=\"Est. reading time\" \/>\n\t<meta name=\"twitter:data1\" content=\"3 minutes\" \/>\n<script type=\"application\/ld+json\" class=\"yoast-schema-graph\">{\"@context\":\"https:\/\/schema.org\",\"@graph\":[{\"@type\":\"WebPage\",\"@id\":\"https:\/\/laserpolak.pl\/en\/nasze-uslugi\/\",\"url\":\"https:\/\/laserpolak.pl\/en\/nasze-uslugi\/\",\"name\":\"Nasze Us\u0142ugi - LASERPOLAK SP ZOO\",\"isPartOf\":{\"@id\":\"https:\/\/laserpolak.pl\/#website\"},\"datePublished\":\"2016-01-19T13:52:43+00:00\",\"breadcrumb\":{\"@id\":\"https:\/\/laserpolak.pl\/en\/nasze-uslugi\/#breadcrumb\"},\"inLanguage\":\"en-US\",\"potentialAction\":[{\"@type\":\"ReadAction\",\"target\":[\"https:\/\/laserpolak.pl\/en\/nasze-uslugi\/\"]}]},{\"@type\":\"BreadcrumbList\",\"@id\":\"https:\/\/laserpolak.pl\/en\/nasze-uslugi\/#breadcrumb\",\"itemListElement\":[{\"@type\":\"ListItem\",\"position\":1,\"name\":\"Home\",\"item\":\"https:\/\/laserpolak.pl\/\"},{\"@type\":\"ListItem\",\"position\":2,\"name\":\"Nasze Us\u0142ugi\"}]},{\"@type\":\"WebSite\",\"@id\":\"https:\/\/laserpolak.pl\/#website\",\"url\":\"https:\/\/laserpolak.pl\/\",\"name\":\"LASERPOLAK SP ZOO\",\"description\":\"Wykonywanie konstrukcji stalowych, ci\u0119cie laserowe, obr\u00f3bka blach\",\"potentialAction\":[{\"@type\":\"SearchAction\",\"target\":{\"@type\":\"EntryPoint\",\"urlTemplate\":\"https:\/\/laserpolak.pl\/?s={search_term_string}\"},\"query-input\":{\"@type\":\"PropertyValueSpecification\",\"valueRequired\":true,\"valueName\":\"search_term_string\"}}],\"inLanguage\":\"en-US\"}]}<\/script>\n<!-- \/ Yoast SEO Premium plugin. -->","yoast_head_json":{"title":"Nasze Us\u0142ugi - LASERPOLAK SP ZOO","robots":{"index":"index","follow":"follow","max-snippet":"max-snippet:-1","max-image-preview":"max-image-preview:large","max-video-preview":"max-video-preview:-1"},"canonical":"https:\/\/laserpolak.pl\/en\/nasze-uslugi\/","og_locale":"en_US","og_type":"article","og_title":"Nasze Us\u0142ugi","og_url":"https:\/\/laserpolak.pl\/en\/nasze-uslugi\/","og_site_name":"LASERPOLAK SP ZOO","twitter_card":"summary_large_image","twitter_misc":{"Est. reading time":"3 minutes"},"schema":{"@context":"https:\/\/schema.org","@graph":[{"@type":"WebPage","@id":"https:\/\/laserpolak.pl\/en\/nasze-uslugi\/","url":"https:\/\/laserpolak.pl\/en\/nasze-uslugi\/","name":"Nasze Us\u0142ugi - LASERPOLAK SP ZOO","isPartOf":{"@id":"https:\/\/laserpolak.pl\/#website"},"datePublished":"2016-01-19T13:52:43+00:00","breadcrumb":{"@id":"https:\/\/laserpolak.pl\/en\/nasze-uslugi\/#breadcrumb"},"inLanguage":"en-US","potentialAction":[{"@type":"ReadAction","target":["https:\/\/laserpolak.pl\/en\/nasze-uslugi\/"]}]},{"@type":"BreadcrumbList","@id":"https:\/\/laserpolak.pl\/en\/nasze-uslugi\/#breadcrumb","itemListElement":[{"@type":"ListItem","position":1,"name":"Home","item":"https:\/\/laserpolak.pl\/"},{"@type":"ListItem","position":2,"name":"Nasze Us\u0142ugi"}]},{"@type":"WebSite","@id":"https:\/\/laserpolak.pl\/#website","url":"https:\/\/laserpolak.pl\/","name":"LASERPOLAK SP ZOO","description":"Wykonywanie konstrukcji stalowych, ci\u0119cie laserowe, obr\u00f3bka blach","potentialAction":[{"@type":"SearchAction","target":{"@type":"EntryPoint","urlTemplate":"https:\/\/laserpolak.pl\/?s={search_term_string}"},"query-input":{"@type":"PropertyValueSpecification","valueRequired":true,"valueName":"search_term_string"}}],"inLanguage":"en-US"}]}},"_links":{"self":[{"href":"https:\/\/laserpolak.pl\/en\/wp-json\/wp\/v2\/pages\/3374","targetHints":{"allow":["GET"]}}],"collection":[{"href":"https:\/\/laserpolak.pl\/en\/wp-json\/wp\/v2\/pages"}],"about":[{"href":"https:\/\/laserpolak.pl\/en\/wp-json\/wp\/v2\/types\/page"}],"author":[{"embeddable":true,"href":"https:\/\/laserpolak.pl\/en\/wp-json\/wp\/v2\/users\/1"}],"replies":[{"embeddable":true,"href":"https:\/\/laserpolak.pl\/en\/wp-json\/wp\/v2\/comments?post=3374"}],"version-history":[{"count":0,"href":"https:\/\/laserpolak.pl\/en\/wp-json\/wp\/v2\/pages\/3374\/revisions"}],"wp:attachment":[{"href":"https:\/\/laserpolak.pl\/en\/wp-json\/wp\/v2\/media?parent=3374"}],"curies":[{"name":"wp","href":"https:\/\/api.w.org\/{rel}","templated":true}]}}