{"id":3027,"date":"2024-05-14T08:09:39","date_gmt":"2024-05-14T06:09:39","guid":{"rendered":"http:\/\/laserpolak.pl\/?post_type=product&#038;p=3027"},"modified":"2026-03-04T14:51:09","modified_gmt":"2026-03-04T13:51:09","slug":"forma-do-blokow-betonowych","status":"publish","type":"product","link":"https:\/\/laserpolak.pl\/en\/product\/forma-do-blokow-betonowych\/","title":{"rendered":"Form for concrete blocks"},"content":{"rendered":"<div class=\"wpb-content-wrapper\"><div class=\"vc_row wpb_row vc_row-fluid\"><div class=\"wpb_column vc_column_container vc_col-md-12\"><div class=\"vc_column-inner\"><div class=\"wpb_wrapper\">\n\t<div class=\"wpb_text_column wpb_content_element\" >\n\t\t<div class=\"wpb_wrapper\">\n\t\t\t<p>Forma przeznaczona jest do odlewania blok\u00f3w betonowych o rozmiarze podanym w oznaczeniu.<\/p>\n<p>Standardowa forma wyposa\u017cona jest w 4 bolce centruj\u0105ce oraz 4 kliny do \u0142\u0105czenia \u015bcian for.<\/p>\n<p>Dodatkowo form\u0119 wyposa\u017cy\u0107 mo\u017cna w przegrod\u0119 pionow\u0105 do wykonywania podzia\u0142u blok\u00f3w oraz w klucz do rozformowania formy.<\/p>\n<table width=\"586\">\n<tbody>\n<tr>\n<td width=\"54\">D\u0142ugo\u015b\u0107<\/td>\n<td width=\"66\">Szeroko\u015b\u0107<\/td>\n<td width=\"66\">Wysoko\u015b\u0107<\/td>\n<td width=\"79\">Waga formy<\/td>\n<td width=\"59\">Obj\u0119to\u015b\u0107<\/td>\n<td width=\"138\">Waga odlanego bloku<\/td>\n<td width=\"62\">Cena PLN<br \/>\nnetto<\/td>\n<td width=\"62\">Cena EUR<br \/>\nnetto<\/td>\n<\/tr>\n<tr>\n<td>160<\/td>\n<td>80<\/td>\n<td>80<\/td>\n<td>280kg<\/td>\n<td>1.024<\/td>\n<td>2.36<\/td>\n<td>4500<\/td>\n<td>1090<\/td>\n<\/tr>\n<tr>\n<td>160<\/td>\n<td>80<\/td>\n<td>40<\/td>\n<td>230kg<\/td>\n<td>0.512<\/td>\n<td>1.18<\/td>\n<td>4000<\/td>\n<td>1000<\/td>\n<\/tr>\n<tr>\n<td>160<\/td>\n<td>40<\/td>\n<td>80<\/td>\n<td>230kg<\/td>\n<td>0.512<\/td>\n<td>1.18<\/td>\n<td>3100<\/td>\n<td>750<\/td>\n<\/tr>\n<tr>\n<td>160<\/td>\n<td>40<\/td>\n<td>40<\/td>\n<td>130kg<\/td>\n<td>0.256<\/td>\n<td>0.589<\/td>\n<td>3100<\/td>\n<td>750<\/td>\n<\/tr>\n<tr>\n<td>180<\/td>\n<td>60<\/td>\n<td>60<\/td>\n<td>290kg<\/td>\n<td>0.648<\/td>\n<td>1.490<\/td>\n<td>4000<\/td>\n<td>975<\/td>\n<\/tr>\n<tr>\n<td>180<\/td>\n<td>30<\/td>\n<td>60<\/td>\n<td>175kg<\/td>\n<td>0.324<\/td>\n<td>0.745<\/td>\n<td>3100<\/td>\n<td>750<\/td>\n<\/tr>\n<tr>\n<td>180<\/td>\n<td>30<\/td>\n<td>30<\/td>\n<td>160kg<\/td>\n<td>0.162<\/td>\n<td>0.373<\/td>\n<td>3000<\/td>\n<td>750<\/td>\n<\/tr>\n<tr>\n<td>120<\/td>\n<td>60<\/td>\n<td>60<\/td>\n<td>160kg<\/td>\n<td>0.432<\/td>\n<td>0.994<\/td>\n<td>4000<\/td>\n<td>1970<\/td>\n<\/tr>\n<tr>\n<td>200<\/td>\n<td>50<\/td>\n<td>80<\/td>\n<td>300kg<\/td>\n<td>0.8<\/td>\n<td>1.84<\/td>\n<td>5200<\/td>\n<td>1250<\/td>\n<\/tr>\n<tr>\n<td>150<\/td>\n<td>50<\/td>\n<td>80<\/td>\n<td>180kg<\/td>\n<td>0.6<\/td>\n<td>1.38<\/td>\n<td>4500<\/td>\n<td>1160<\/td>\n<\/tr>\n<tr>\n<td>150<\/td>\n<td>50<\/td>\n<td>50<\/td>\n<td>170kg<\/td>\n<td>0.375<\/td>\n<td>0.863<\/td>\n<td>4500<\/td>\n<td>1160<\/td>\n<\/tr>\n<\/tbody>\n<\/table>\n\n\t\t<\/div>\n\t<\/div>\n<\/div><\/div><\/div><\/div>\n<\/div>","protected":false},"excerpt":{"rendered":"<p>Forma przeznaczona jest do odlewania blok\u00f3w betonowych o rozmiarze podanym w oznaczeniu.<\/p>\n<p>Standardowa forma wyposa\u017cona jest w 4 bolce centruj\u0105ce oraz 4 kliny do \u0142\u0105czenia \u015bcian for.<\/p>\n<p>Dodatkowo form\u0119 wyposa\u017cy\u0107 mo\u017cna w przegrod\u0119 pionow\u0105 do wykonywania podzia\u0142u blok\u00f3w oraz w klucz do rozformowania formy.<\/p>","protected":false},"featured_media":3054,"template":"","meta":{"_acf_changed":false},"product_brand":[],"product_cat":[48],"product_tag":[],"class_list":{"0":"post-3027","1":"product","2":"type-product","3":"status-publish","4":"has-post-thumbnail","6":"product_cat-forma-do-blokow-betonowych","8":"first","9":"instock","10":"taxable","11":"shipping-taxable","12":"purchasable","13":"product-type-variable"},"acf":[],"yoast_head":"<!-- This site is optimized with the Yoast SEO Premium plugin v26.3 (Yoast SEO v27.1.1) - https:\/\/yoast.com\/product\/yoast-seo-premium-wordpress\/ -->\n<title>Forma do blok\u00f3w betonowych - LASERPOLAK SP ZOO<\/title>\n<meta name=\"robots\" content=\"index, follow, max-snippet:-1, max-image-preview:large, max-video-preview:-1\" \/>\n<link rel=\"canonical\" href=\"https:\/\/laserpolak.pl\/en\/product\/forma-do-blokow-betonowych\/\" \/>\n<meta property=\"og:locale\" content=\"en_US\" \/>\n<meta property=\"og:type\" content=\"article\" \/>\n<meta property=\"og:title\" content=\"Forma do blok\u00f3w betonowych\" \/>\n<meta property=\"og:description\" content=\"Forma przeznaczona jest do odlewania blok\u00f3w betonowych o rozmiarze podanym w oznaczeniu.  Standardowa forma wyposa\u017cona jest w 4 bolce centruj\u0105ce oraz 4 kliny do \u0142\u0105czenia \u015bcian for.  Dodatkowo form\u0119 wyposa\u017cy\u0107 mo\u017cna w przegrod\u0119 pionow\u0105 do wykonywania podzia\u0142u blok\u00f3w oraz w klucz do rozformowania formy.\" \/>\n<meta property=\"og:url\" content=\"https:\/\/laserpolak.pl\/en\/product\/forma-do-blokow-betonowych\/\" \/>\n<meta property=\"og:site_name\" content=\"LASERPOLAK SP ZOO\" \/>\n<meta property=\"article:modified_time\" content=\"2026-03-04T13:51:09+00:00\" \/>\n<meta property=\"og:image\" content=\"https:\/\/laserpolak.pl\/wp-content\/uploads\/2024\/05\/forma-120x60x60-1.jpg\" \/>\n\t<meta property=\"og:image:width\" content=\"862\" \/>\n\t<meta property=\"og:image:height\" content=\"641\" \/>\n\t<meta property=\"og:image:type\" content=\"image\/jpeg\" \/>\n<meta name=\"twitter:card\" content=\"summary_large_image\" \/>\n<meta name=\"twitter:label1\" content=\"Est. reading time\" \/>\n\t<meta name=\"twitter:data1\" content=\"2 minutes\" \/>\n<script type=\"application\/ld+json\" class=\"yoast-schema-graph\">{\"@context\":\"https:\/\/schema.org\",\"@graph\":[{\"@type\":\"WebPage\",\"@id\":\"https:\/\/laserpolak.pl\/product\/forma-do-blokow-betonowych\/\",\"url\":\"https:\/\/laserpolak.pl\/product\/forma-do-blokow-betonowych\/\",\"name\":\"Forma do blok\u00f3w betonowych - LASERPOLAK SP ZOO\",\"isPartOf\":{\"@id\":\"https:\/\/laserpolak.pl\/#website\"},\"primaryImageOfPage\":{\"@id\":\"https:\/\/laserpolak.pl\/product\/forma-do-blokow-betonowych\/#primaryimage\"},\"image\":{\"@id\":\"https:\/\/laserpolak.pl\/product\/forma-do-blokow-betonowych\/#primaryimage\"},\"thumbnailUrl\":\"https:\/\/laserpolak.pl\/wp-content\/uploads\/2024\/05\/forma-120x60x60-1.jpg\",\"datePublished\":\"2024-05-14T06:09:39+00:00\",\"dateModified\":\"2026-03-04T13:51:09+00:00\",\"breadcrumb\":{\"@id\":\"https:\/\/laserpolak.pl\/product\/forma-do-blokow-betonowych\/#breadcrumb\"},\"inLanguage\":\"en-US\",\"potentialAction\":[{\"@type\":\"ReadAction\",\"target\":[\"https:\/\/laserpolak.pl\/product\/forma-do-blokow-betonowych\/\"]}]},{\"@type\":\"ImageObject\",\"inLanguage\":\"en-US\",\"@id\":\"https:\/\/laserpolak.pl\/product\/forma-do-blokow-betonowych\/#primaryimage\",\"url\":\"https:\/\/laserpolak.pl\/wp-content\/uploads\/2024\/05\/forma-120x60x60-1.jpg\",\"contentUrl\":\"https:\/\/laserpolak.pl\/wp-content\/uploads\/2024\/05\/forma-120x60x60-1.jpg\",\"width\":862,\"height\":641},{\"@type\":\"BreadcrumbList\",\"@id\":\"https:\/\/laserpolak.pl\/product\/forma-do-blokow-betonowych\/#breadcrumb\",\"itemListElement\":[{\"@type\":\"ListItem\",\"position\":1,\"name\":\"Home\",\"item\":\"https:\/\/laserpolak.pl\/\"},{\"@type\":\"ListItem\",\"position\":2,\"name\":\"Sklep\",\"item\":\"https:\/\/laserpolak.pl\/en\/sklep\/\"},{\"@type\":\"ListItem\",\"position\":3,\"name\":\"Forma do blok\u00f3w betonowych\"}]},{\"@type\":\"WebSite\",\"@id\":\"https:\/\/laserpolak.pl\/#website\",\"url\":\"https:\/\/laserpolak.pl\/\",\"name\":\"LASERPOLAK SP ZOO\",\"description\":\"Wykonywanie konstrukcji stalowych, ci\u0119cie laserowe, obr\u00f3bka blach\",\"potentialAction\":[{\"@type\":\"SearchAction\",\"target\":{\"@type\":\"EntryPoint\",\"urlTemplate\":\"https:\/\/laserpolak.pl\/?s={search_term_string}\"},\"query-input\":{\"@type\":\"PropertyValueSpecification\",\"valueRequired\":true,\"valueName\":\"search_term_string\"}}],\"inLanguage\":\"en-US\"}]}<\/script>\n<!-- \/ Yoast SEO Premium plugin. -->","yoast_head_json":{"title":"Forma do blok\u00f3w betonowych - LASERPOLAK SP ZOO","robots":{"index":"index","follow":"follow","max-snippet":"max-snippet:-1","max-image-preview":"max-image-preview:large","max-video-preview":"max-video-preview:-1"},"canonical":"https:\/\/laserpolak.pl\/en\/product\/forma-do-blokow-betonowych\/","og_locale":"en_US","og_type":"article","og_title":"Forma do blok\u00f3w betonowych","og_description":"Forma przeznaczona jest do odlewania blok\u00f3w betonowych o rozmiarze podanym w oznaczeniu.  Standardowa forma wyposa\u017cona jest w 4 bolce centruj\u0105ce oraz 4 kliny do \u0142\u0105czenia \u015bcian for.  Dodatkowo form\u0119 wyposa\u017cy\u0107 mo\u017cna w przegrod\u0119 pionow\u0105 do wykonywania podzia\u0142u blok\u00f3w oraz w klucz do rozformowania formy.","og_url":"https:\/\/laserpolak.pl\/en\/product\/forma-do-blokow-betonowych\/","og_site_name":"LASERPOLAK SP ZOO","article_modified_time":"2026-03-04T13:51:09+00:00","og_image":[{"width":862,"height":641,"url":"https:\/\/laserpolak.pl\/wp-content\/uploads\/2024\/05\/forma-120x60x60-1.jpg","type":"image\/jpeg"}],"twitter_card":"summary_large_image","twitter_misc":{"Est. reading time":"2 minutes"},"schema":{"@context":"https:\/\/schema.org","@graph":[{"@type":"WebPage","@id":"https:\/\/laserpolak.pl\/product\/forma-do-blokow-betonowych\/","url":"https:\/\/laserpolak.pl\/product\/forma-do-blokow-betonowych\/","name":"Forma do blok\u00f3w betonowych - LASERPOLAK SP ZOO","isPartOf":{"@id":"https:\/\/laserpolak.pl\/#website"},"primaryImageOfPage":{"@id":"https:\/\/laserpolak.pl\/product\/forma-do-blokow-betonowych\/#primaryimage"},"image":{"@id":"https:\/\/laserpolak.pl\/product\/forma-do-blokow-betonowych\/#primaryimage"},"thumbnailUrl":"https:\/\/laserpolak.pl\/wp-content\/uploads\/2024\/05\/forma-120x60x60-1.jpg","datePublished":"2024-05-14T06:09:39+00:00","dateModified":"2026-03-04T13:51:09+00:00","breadcrumb":{"@id":"https:\/\/laserpolak.pl\/product\/forma-do-blokow-betonowych\/#breadcrumb"},"inLanguage":"en-US","potentialAction":[{"@type":"ReadAction","target":["https:\/\/laserpolak.pl\/product\/forma-do-blokow-betonowych\/"]}]},{"@type":"ImageObject","inLanguage":"en-US","@id":"https:\/\/laserpolak.pl\/product\/forma-do-blokow-betonowych\/#primaryimage","url":"https:\/\/laserpolak.pl\/wp-content\/uploads\/2024\/05\/forma-120x60x60-1.jpg","contentUrl":"https:\/\/laserpolak.pl\/wp-content\/uploads\/2024\/05\/forma-120x60x60-1.jpg","width":862,"height":641},{"@type":"BreadcrumbList","@id":"https:\/\/laserpolak.pl\/product\/forma-do-blokow-betonowych\/#breadcrumb","itemListElement":[{"@type":"ListItem","position":1,"name":"Home","item":"https:\/\/laserpolak.pl\/"},{"@type":"ListItem","position":2,"name":"Sklep","item":"https:\/\/laserpolak.pl\/en\/sklep\/"},{"@type":"ListItem","position":3,"name":"Forma do blok\u00f3w betonowych"}]},{"@type":"WebSite","@id":"https:\/\/laserpolak.pl\/#website","url":"https:\/\/laserpolak.pl\/","name":"LASERPOLAK SP ZOO","description":"Wykonywanie konstrukcji stalowych, ci\u0119cie laserowe, obr\u00f3bka blach","potentialAction":[{"@type":"SearchAction","target":{"@type":"EntryPoint","urlTemplate":"https:\/\/laserpolak.pl\/?s={search_term_string}"},"query-input":{"@type":"PropertyValueSpecification","valueRequired":true,"valueName":"search_term_string"}}],"inLanguage":"en-US"}]}},"_links":{"self":[{"href":"https:\/\/laserpolak.pl\/en\/wp-json\/wp\/v2\/product\/3027","targetHints":{"allow":["GET"]}}],"collection":[{"href":"https:\/\/laserpolak.pl\/en\/wp-json\/wp\/v2\/product"}],"about":[{"href":"https:\/\/laserpolak.pl\/en\/wp-json\/wp\/v2\/types\/product"}],"wp:featuredmedia":[{"embeddable":true,"href":"https:\/\/laserpolak.pl\/en\/wp-json\/wp\/v2\/media\/3054"}],"wp:attachment":[{"href":"https:\/\/laserpolak.pl\/en\/wp-json\/wp\/v2\/media?parent=3027"}],"wp:term":[{"taxonomy":"product_brand","embeddable":true,"href":"https:\/\/laserpolak.pl\/en\/wp-json\/wp\/v2\/product_brand?post=3027"},{"taxonomy":"product_cat","embeddable":true,"href":"https:\/\/laserpolak.pl\/en\/wp-json\/wp\/v2\/product_cat?post=3027"},{"taxonomy":"product_tag","embeddable":true,"href":"https:\/\/laserpolak.pl\/en\/wp-json\/wp\/v2\/product_tag?post=3027"}],"curies":[{"name":"wp","href":"https:\/\/api.w.org\/{rel}","templated":true}]}}