{"id":3142,"date":"2024-05-21T13:46:48","date_gmt":"2024-05-21T11:46:48","guid":{"rendered":"http:\/\/laserpolak.pl\/?post_type=product&#038;p=3142"},"modified":"2026-03-04T14:47:03","modified_gmt":"2026-03-04T13:47:03","slug":"forma-do-scian-oporowych-typ-l","status":"publish","type":"product","link":"https:\/\/laserpolak.pl\/en\/product\/forma-do-scian-oporowych-typ-l\/","title":{"rendered":"L-type retaining wall form"},"content":{"rendered":"<div class=\"wpb-content-wrapper\"><div class=\"vc_row wpb_row vc_row-fluid\"><div class=\"wpb_column vc_column_container vc_col-md-12\"><div class=\"vc_column-inner\"><div class=\"wpb_wrapper\">\n\t<div class=\"wpb_text_column wpb_content_element\" >\n\t\t<div class=\"wpb_wrapper\">\n\t\t\t<p>Forma przeznaczona jest do odlewania \u015bcian betonowych typu L o rozmiarze podanym w oznaczeniu.<\/p>\n<p>Standardowa forma wyposa\u017cona jest w 4 bolce centruj\u0105ce oraz 4 kliny do \u0142\u0105czenia \u015bcian for.<\/p>\n<p>Dodatkowo form\u0119 wyposa\u017cy\u0107 mo\u017cna w przegrod\u0119 pionow\u0105 do wykonywania podzia\u0142u blok\u00f3w oraz w klucz do rozformowania formy. (elementy te dost\u0119pne s\u0105 w innych zak\u0142adkach sklepu).<\/p>\n<table width=\"507\">\n<tbody>\n<tr>\n<td width=\"54\">D\u0142ugo\u015b\u0107<\/td>\n<td width=\"66\">Szeroko\u015b\u0107<\/td>\n<td width=\"66\">Wysoko\u015b\u0107<\/td>\n<td width=\"59\">Obj\u0119to\u015b\u0107<\/td>\n<td width=\"138\">Waga odlanego bloku<\/td>\n<td width=\"62\">Cena PLN<br \/>\nnetto<\/td>\n<td width=\"62\">Cena EUR<br \/>\nnetto<\/td>\n<\/tr>\n<tr>\n<td>80<\/td>\n<td>50<\/td>\n<td>99<\/td>\n<td>0.396<\/td>\n<td>0.911<\/td>\n<td>5250<\/td>\n<td>1250<\/td>\n<\/tr>\n<tr>\n<td>105<\/td>\n<td>65<\/td>\n<td>99<\/td>\n<td>0.676<\/td>\n<td>1.554<\/td>\n<td>5500<\/td>\n<td>1390<\/td>\n<\/tr>\n<tr>\n<td>130<\/td>\n<td>80<\/td>\n<td>99<\/td>\n<td>1.030<\/td>\n<td>2.368<\/td>\n<td>5900<\/td>\n<td>1450<\/td>\n<\/tr>\n<tr>\n<td>155<\/td>\n<td>95<\/td>\n<td>99<\/td>\n<td>1.458<\/td>\n<td>3.353<\/td>\n<td>6500<\/td>\n<td>1590<\/td>\n<\/tr>\n<tr>\n<td>180<\/td>\n<td>105<\/td>\n<td>99<\/td>\n<td>1.871<\/td>\n<td>4.304<\/td>\n<td>7500<\/td>\n<td>1950<\/td>\n<\/tr>\n<tr>\n<td>205<\/td>\n<td>120<\/td>\n<td>99<\/td>\n<td>2.435<\/td>\n<td>5.601<\/td>\n<td>8500<\/td>\n<td>2050<\/td>\n<\/tr>\n<tr>\n<td>230<\/td>\n<td>135<\/td>\n<td>99<\/td>\n<td>3.074<\/td>\n<td>7.070<\/td>\n<td>9500<\/td>\n<td>2300<\/td>\n<\/tr>\n<tr>\n<td>255<\/td>\n<td>150<\/td>\n<td>99<\/td>\n<td>3.787<\/td>\n<td>8.710<\/td>\n<td>10500<\/td>\n<td>2550<\/td>\n<\/tr>\n<tr>\n<td>280<\/td>\n<td>165<\/td>\n<td>99<\/td>\n<td>4.574<\/td>\n<td>10.520<\/td>\n<td>12000<\/td>\n<td>2900<\/td>\n<\/tr>\n<tr>\n<td>305<\/td>\n<td>180<\/td>\n<td>99<\/td>\n<td>5.435<\/td>\n<td>12.501<\/td>\n<td>14250<\/td>\n<td>3450<\/td>\n<\/tr>\n<\/tbody>\n<\/table>\n\n\t\t<\/div>\n\t<\/div>\n<\/div><\/div><\/div><\/div>\n<\/div>","protected":false},"excerpt":{"rendered":"<p>Forma do betonowych \u015bcian oporowych.<\/p>","protected":false},"featured_media":3309,"template":"","meta":{"_acf_changed":false},"product_brand":[],"product_cat":[49],"product_tag":[],"class_list":{"0":"post-3142","1":"product","2":"type-product","3":"status-publish","4":"has-post-thumbnail","6":"product_cat-forma-do-scian-oporowych-typ-l","8":"first","9":"instock","10":"taxable","11":"shipping-taxable","12":"purchasable","13":"product-type-variable"},"acf":[],"yoast_head":"<!-- This site is optimized with the Yoast SEO Premium plugin v26.3 (Yoast SEO v27.1.1) - https:\/\/yoast.com\/product\/yoast-seo-premium-wordpress\/ -->\n<title>Forma do \u015bcian oporowych typ L - LASERPOLAK SP ZOO<\/title>\n<meta name=\"robots\" content=\"index, follow, max-snippet:-1, max-image-preview:large, max-video-preview:-1\" \/>\n<link rel=\"canonical\" href=\"https:\/\/laserpolak.pl\/en\/product\/forma-do-scian-oporowych-typ-l\/\" \/>\n<meta property=\"og:locale\" content=\"en_US\" \/>\n<meta property=\"og:type\" content=\"article\" \/>\n<meta property=\"og:title\" content=\"Forma do \u015bcian oporowych typ L\" \/>\n<meta property=\"og:description\" content=\"Forma do betonowych \u015bcian oporowych.\" \/>\n<meta property=\"og:url\" content=\"https:\/\/laserpolak.pl\/en\/product\/forma-do-scian-oporowych-typ-l\/\" \/>\n<meta property=\"og:site_name\" content=\"LASERPOLAK SP ZOO\" \/>\n<meta property=\"article:modified_time\" content=\"2026-03-04T13:47:03+00:00\" \/>\n<meta property=\"og:image\" content=\"https:\/\/laserpolak.pl\/wp-content\/uploads\/2024\/05\/Forma-typu-L-tyl-1.jpg\" \/>\n\t<meta property=\"og:image:width\" content=\"862\" \/>\n\t<meta property=\"og:image:height\" content=\"641\" \/>\n\t<meta property=\"og:image:type\" content=\"image\/jpeg\" \/>\n<meta name=\"twitter:card\" content=\"summary_large_image\" \/>\n<meta name=\"twitter:label1\" content=\"Est. reading time\" \/>\n\t<meta name=\"twitter:data1\" content=\"2 minutes\" \/>\n<script type=\"application\/ld+json\" class=\"yoast-schema-graph\">{\"@context\":\"https:\/\/schema.org\",\"@graph\":[{\"@type\":\"WebPage\",\"@id\":\"https:\/\/laserpolak.pl\/product\/forma-do-scian-oporowych-typ-l\/\",\"url\":\"https:\/\/laserpolak.pl\/product\/forma-do-scian-oporowych-typ-l\/\",\"name\":\"Forma do \u015bcian oporowych typ L - LASERPOLAK SP ZOO\",\"isPartOf\":{\"@id\":\"https:\/\/laserpolak.pl\/#website\"},\"primaryImageOfPage\":{\"@id\":\"https:\/\/laserpolak.pl\/product\/forma-do-scian-oporowych-typ-l\/#primaryimage\"},\"image\":{\"@id\":\"https:\/\/laserpolak.pl\/product\/forma-do-scian-oporowych-typ-l\/#primaryimage\"},\"thumbnailUrl\":\"https:\/\/laserpolak.pl\/wp-content\/uploads\/2024\/05\/Forma-typu-L-tyl-1.jpg\",\"datePublished\":\"2024-05-21T11:46:48+00:00\",\"dateModified\":\"2026-03-04T13:47:03+00:00\",\"breadcrumb\":{\"@id\":\"https:\/\/laserpolak.pl\/product\/forma-do-scian-oporowych-typ-l\/#breadcrumb\"},\"inLanguage\":\"en-US\",\"potentialAction\":[{\"@type\":\"ReadAction\",\"target\":[\"https:\/\/laserpolak.pl\/product\/forma-do-scian-oporowych-typ-l\/\"]}]},{\"@type\":\"ImageObject\",\"inLanguage\":\"en-US\",\"@id\":\"https:\/\/laserpolak.pl\/product\/forma-do-scian-oporowych-typ-l\/#primaryimage\",\"url\":\"https:\/\/laserpolak.pl\/wp-content\/uploads\/2024\/05\/Forma-typu-L-tyl-1.jpg\",\"contentUrl\":\"https:\/\/laserpolak.pl\/wp-content\/uploads\/2024\/05\/Forma-typu-L-tyl-1.jpg\",\"width\":862,\"height\":641},{\"@type\":\"BreadcrumbList\",\"@id\":\"https:\/\/laserpolak.pl\/product\/forma-do-scian-oporowych-typ-l\/#breadcrumb\",\"itemListElement\":[{\"@type\":\"ListItem\",\"position\":1,\"name\":\"Home\",\"item\":\"https:\/\/laserpolak.pl\/\"},{\"@type\":\"ListItem\",\"position\":2,\"name\":\"Sklep\",\"item\":\"https:\/\/laserpolak.pl\/en\/sklep\/\"},{\"@type\":\"ListItem\",\"position\":3,\"name\":\"Forma do \u015bcian oporowych typ L\"}]},{\"@type\":\"WebSite\",\"@id\":\"https:\/\/laserpolak.pl\/#website\",\"url\":\"https:\/\/laserpolak.pl\/\",\"name\":\"LASERPOLAK SP ZOO\",\"description\":\"Wykonywanie konstrukcji stalowych, ci\u0119cie laserowe, obr\u00f3bka blach\",\"potentialAction\":[{\"@type\":\"SearchAction\",\"target\":{\"@type\":\"EntryPoint\",\"urlTemplate\":\"https:\/\/laserpolak.pl\/?s={search_term_string}\"},\"query-input\":{\"@type\":\"PropertyValueSpecification\",\"valueRequired\":true,\"valueName\":\"search_term_string\"}}],\"inLanguage\":\"en-US\"}]}<\/script>\n<!-- \/ Yoast SEO Premium plugin. -->","yoast_head_json":{"title":"Forma do \u015bcian oporowych typ L - LASERPOLAK SP ZOO","robots":{"index":"index","follow":"follow","max-snippet":"max-snippet:-1","max-image-preview":"max-image-preview:large","max-video-preview":"max-video-preview:-1"},"canonical":"https:\/\/laserpolak.pl\/en\/product\/forma-do-scian-oporowych-typ-l\/","og_locale":"en_US","og_type":"article","og_title":"Forma do \u015bcian oporowych typ L","og_description":"Forma do betonowych \u015bcian oporowych.","og_url":"https:\/\/laserpolak.pl\/en\/product\/forma-do-scian-oporowych-typ-l\/","og_site_name":"LASERPOLAK SP ZOO","article_modified_time":"2026-03-04T13:47:03+00:00","og_image":[{"width":862,"height":641,"url":"https:\/\/laserpolak.pl\/wp-content\/uploads\/2024\/05\/Forma-typu-L-tyl-1.jpg","type":"image\/jpeg"}],"twitter_card":"summary_large_image","twitter_misc":{"Est. reading time":"2 minutes"},"schema":{"@context":"https:\/\/schema.org","@graph":[{"@type":"WebPage","@id":"https:\/\/laserpolak.pl\/product\/forma-do-scian-oporowych-typ-l\/","url":"https:\/\/laserpolak.pl\/product\/forma-do-scian-oporowych-typ-l\/","name":"Forma do \u015bcian oporowych typ L - LASERPOLAK SP ZOO","isPartOf":{"@id":"https:\/\/laserpolak.pl\/#website"},"primaryImageOfPage":{"@id":"https:\/\/laserpolak.pl\/product\/forma-do-scian-oporowych-typ-l\/#primaryimage"},"image":{"@id":"https:\/\/laserpolak.pl\/product\/forma-do-scian-oporowych-typ-l\/#primaryimage"},"thumbnailUrl":"https:\/\/laserpolak.pl\/wp-content\/uploads\/2024\/05\/Forma-typu-L-tyl-1.jpg","datePublished":"2024-05-21T11:46:48+00:00","dateModified":"2026-03-04T13:47:03+00:00","breadcrumb":{"@id":"https:\/\/laserpolak.pl\/product\/forma-do-scian-oporowych-typ-l\/#breadcrumb"},"inLanguage":"en-US","potentialAction":[{"@type":"ReadAction","target":["https:\/\/laserpolak.pl\/product\/forma-do-scian-oporowych-typ-l\/"]}]},{"@type":"ImageObject","inLanguage":"en-US","@id":"https:\/\/laserpolak.pl\/product\/forma-do-scian-oporowych-typ-l\/#primaryimage","url":"https:\/\/laserpolak.pl\/wp-content\/uploads\/2024\/05\/Forma-typu-L-tyl-1.jpg","contentUrl":"https:\/\/laserpolak.pl\/wp-content\/uploads\/2024\/05\/Forma-typu-L-tyl-1.jpg","width":862,"height":641},{"@type":"BreadcrumbList","@id":"https:\/\/laserpolak.pl\/product\/forma-do-scian-oporowych-typ-l\/#breadcrumb","itemListElement":[{"@type":"ListItem","position":1,"name":"Home","item":"https:\/\/laserpolak.pl\/"},{"@type":"ListItem","position":2,"name":"Sklep","item":"https:\/\/laserpolak.pl\/en\/sklep\/"},{"@type":"ListItem","position":3,"name":"Forma do \u015bcian oporowych typ L"}]},{"@type":"WebSite","@id":"https:\/\/laserpolak.pl\/#website","url":"https:\/\/laserpolak.pl\/","name":"LASERPOLAK SP ZOO","description":"Wykonywanie konstrukcji stalowych, ci\u0119cie laserowe, obr\u00f3bka blach","potentialAction":[{"@type":"SearchAction","target":{"@type":"EntryPoint","urlTemplate":"https:\/\/laserpolak.pl\/?s={search_term_string}"},"query-input":{"@type":"PropertyValueSpecification","valueRequired":true,"valueName":"search_term_string"}}],"inLanguage":"en-US"}]}},"_links":{"self":[{"href":"https:\/\/laserpolak.pl\/en\/wp-json\/wp\/v2\/product\/3142","targetHints":{"allow":["GET"]}}],"collection":[{"href":"https:\/\/laserpolak.pl\/en\/wp-json\/wp\/v2\/product"}],"about":[{"href":"https:\/\/laserpolak.pl\/en\/wp-json\/wp\/v2\/types\/product"}],"wp:featuredmedia":[{"embeddable":true,"href":"https:\/\/laserpolak.pl\/en\/wp-json\/wp\/v2\/media\/3309"}],"wp:attachment":[{"href":"https:\/\/laserpolak.pl\/en\/wp-json\/wp\/v2\/media?parent=3142"}],"wp:term":[{"taxonomy":"product_brand","embeddable":true,"href":"https:\/\/laserpolak.pl\/en\/wp-json\/wp\/v2\/product_brand?post=3142"},{"taxonomy":"product_cat","embeddable":true,"href":"https:\/\/laserpolak.pl\/en\/wp-json\/wp\/v2\/product_cat?post=3142"},{"taxonomy":"product_tag","embeddable":true,"href":"https:\/\/laserpolak.pl\/en\/wp-json\/wp\/v2\/product_tag?post=3142"}],"curies":[{"name":"wp","href":"https:\/\/api.w.org\/{rel}","templated":true}]}}