{"id":3334,"date":"2025-06-25T09:18:27","date_gmt":"2025-06-25T07:18:27","guid":{"rendered":"https:\/\/laserpolak.pl\/?post_type=product&amp;p=3334"},"modified":"2025-06-25T09:18:27","modified_gmt":"2025-06-25T07:18:27","slug":"forma-gwiazdo-blok-tetrapad-zapora-jez-betonowy-tg-15t","status":"publish","type":"product","link":"https:\/\/laserpolak.pl\/en\/product\/forma-gwiazdo-blok-tetrapad-zapora-jez-betonowy-tg-15t\/","title":{"rendered":"Forma Gwiazdo blok Tetrapad Zapora Je\u017c betonowy TG 1,5t"},"content":{"rendered":"<p>Cena 15\u00a0900,00 PLN netto<\/p>\n<p>Waga 280 kg<\/p>\n<p>Rozmiar szeroko\u015b\u0107 x wysoko\u015b\u0107\u00a0 -1440&#215;1350 mm<\/p>\n<p>Waga wyrobu ok 1500 kg<\/p>","protected":false},"excerpt":{"rendered":"<p>Thanks to the precision of workmanship, the molds guarantee repeatability and accuracy in the production process.<\/p>\n<p>Advantages of forms:<\/p>\n<ul>\n<li>High durability and resistance to damage. Metal concrete forms are made of high-strength materials, guaranteeing their long life, even with intensive use. They are resistant to corrosion, cracks, and mechanical damage.<\/li>\n<li>Mo\u017cliwo\u015b\u0107 wielokrotnego u\u017cytku. Formy do odlewania betonu mo\u017cna wielokrotnie wykorzystywa\u0107 w procesie produkcji, co znacz\u0105co obni\u017ca koszty operacyjne. Dzi\u0119ki trwa\u0142o\u015bci i odporno\u015bci na zu\u017cycie, formy te zachowuj\u0105 swoj\u0105 funkcjonalno\u015b\u0107 przez d\u0142ugi czas.<\/li>\n<\/ul>","protected":false},"featured_media":3351,"template":"","meta":{"_acf_changed":false},"product_brand":[],"product_cat":[50],"product_tag":[],"class_list":{"0":"post-3334","1":"product","2":"type-product","3":"status-publish","4":"has-post-thumbnail","6":"product_cat-formy-do-gwiazdo-blokow-tetrapad-zapor-jezy-betonowych","8":"first","9":"instock","10":"taxable","11":"shipping-taxable","12":"purchasable","13":"product-type-simple"},"acf":[],"yoast_head":"<!-- This site is optimized with the Yoast SEO Premium plugin v26.3 (Yoast SEO v27.1.1) - https:\/\/yoast.com\/product\/yoast-seo-premium-wordpress\/ -->\n<title>Forma Gwiazdo blok Tetrapad Zapora Je\u017c betonowy TG 1,5t - LASERPOLAK SP ZOO<\/title>\n<meta name=\"robots\" content=\"index, follow, max-snippet:-1, max-image-preview:large, max-video-preview:-1\" \/>\n<link rel=\"canonical\" href=\"https:\/\/laserpolak.pl\/en\/product\/forma-gwiazdo-blok-tetrapad-zapora-jez-betonowy-tg-15t\/\" \/>\n<meta property=\"og:locale\" content=\"en_US\" \/>\n<meta property=\"og:type\" content=\"article\" \/>\n<meta property=\"og:title\" content=\"Forma Gwiazdo blok Tetrapad Zapora Je\u017c betonowy TG 1,5t\" \/>\n<meta property=\"og:description\" content=\"Dzi\u0119ki precyzji wykonania, formy gwarantuj\u0105 powtarzalno\u015b\u0107 i dok\u0142adno\u015b\u0107 w procesie produkcji. Zalety form:  Wysoka trwa\u0142o\u015b\u0107 i odporno\u015b\u0107 na uszkodzenia. Formy metalowe do betonu s\u0105 wykonane z materia\u0142\u00f3w o wysokiej wytrzyma\u0142o\u015bci, co gwarantuje ich d\u0142ug\u0105 \u017cywotno\u015b\u0107, nawet przy intensywnym u\u017cytkowaniu. S\u0105 odporne na korozj\u0119, p\u0119kni\u0119cia oraz uszkodzenia mechaniczne.  Mo\u017cliwo\u015b\u0107 wielokrotnego u\u017cytku. Formy do odlewania betonu mo\u017cna wielokrotnie wykorzystywa\u0107 w procesie produkcji, co znacz\u0105co obni\u017ca koszty operacyjne. Dzi\u0119ki trwa\u0142o\u015bci i odporno\u015bci na zu\u017cycie, formy te zachowuj\u0105 swoj\u0105 funkcjonalno\u015b\u0107 przez d\u0142ugi czas.\" \/>\n<meta property=\"og:url\" content=\"https:\/\/laserpolak.pl\/en\/product\/forma-gwiazdo-blok-tetrapad-zapora-jez-betonowy-tg-15t\/\" \/>\n<meta property=\"og:site_name\" content=\"LASERPOLAK SP ZOO\" \/>\n<meta property=\"og:image\" content=\"https:\/\/laserpolak.pl\/wp-content\/uploads\/2025\/06\/Forma-TG-15-ze-skosami-kopia-2a-871x1024.png\" \/>\n\t<meta property=\"og:image:width\" content=\"871\" \/>\n\t<meta property=\"og:image:height\" content=\"1024\" \/>\n\t<meta property=\"og:image:type\" content=\"image\/png\" \/>\n<meta name=\"twitter:card\" content=\"summary_large_image\" \/>\n<script type=\"application\/ld+json\" class=\"yoast-schema-graph\">{\"@context\":\"https:\/\/schema.org\",\"@graph\":[{\"@type\":\"WebPage\",\"@id\":\"https:\/\/laserpolak.pl\/product\/forma-gwiazdo-blok-tetrapad-zapora-jez-betonowy-tg-15t\/\",\"url\":\"https:\/\/laserpolak.pl\/product\/forma-gwiazdo-blok-tetrapad-zapora-jez-betonowy-tg-15t\/\",\"name\":\"Forma Gwiazdo blok Tetrapad Zapora Je\u017c betonowy TG 1,5t - LASERPOLAK SP ZOO\",\"isPartOf\":{\"@id\":\"https:\/\/laserpolak.pl\/#website\"},\"primaryImageOfPage\":{\"@id\":\"https:\/\/laserpolak.pl\/product\/forma-gwiazdo-blok-tetrapad-zapora-jez-betonowy-tg-15t\/#primaryimage\"},\"image\":{\"@id\":\"https:\/\/laserpolak.pl\/product\/forma-gwiazdo-blok-tetrapad-zapora-jez-betonowy-tg-15t\/#primaryimage\"},\"thumbnailUrl\":\"https:\/\/laserpolak.pl\/wp-content\/uploads\/2025\/06\/Forma-TG-15-ze-skosami-kopia-2a.png\",\"datePublished\":\"2025-06-25T07:18:27+00:00\",\"breadcrumb\":{\"@id\":\"https:\/\/laserpolak.pl\/product\/forma-gwiazdo-blok-tetrapad-zapora-jez-betonowy-tg-15t\/#breadcrumb\"},\"inLanguage\":\"en-US\",\"potentialAction\":[{\"@type\":\"ReadAction\",\"target\":[\"https:\/\/laserpolak.pl\/product\/forma-gwiazdo-blok-tetrapad-zapora-jez-betonowy-tg-15t\/\"]}]},{\"@type\":\"ImageObject\",\"inLanguage\":\"en-US\",\"@id\":\"https:\/\/laserpolak.pl\/product\/forma-gwiazdo-blok-tetrapad-zapora-jez-betonowy-tg-15t\/#primaryimage\",\"url\":\"https:\/\/laserpolak.pl\/wp-content\/uploads\/2025\/06\/Forma-TG-15-ze-skosami-kopia-2a.png\",\"contentUrl\":\"https:\/\/laserpolak.pl\/wp-content\/uploads\/2025\/06\/Forma-TG-15-ze-skosami-kopia-2a.png\",\"width\":1200,\"height\":1410},{\"@type\":\"BreadcrumbList\",\"@id\":\"https:\/\/laserpolak.pl\/product\/forma-gwiazdo-blok-tetrapad-zapora-jez-betonowy-tg-15t\/#breadcrumb\",\"itemListElement\":[{\"@type\":\"ListItem\",\"position\":1,\"name\":\"Home\",\"item\":\"https:\/\/laserpolak.pl\/\"},{\"@type\":\"ListItem\",\"position\":2,\"name\":\"Sklep\",\"item\":\"https:\/\/laserpolak.pl\/en\/sklep\/\"},{\"@type\":\"ListItem\",\"position\":3,\"name\":\"Forma Gwiazdo blok Tetrapad Zapora Je\u017c betonowy TG 1,5t\"}]},{\"@type\":\"WebSite\",\"@id\":\"https:\/\/laserpolak.pl\/#website\",\"url\":\"https:\/\/laserpolak.pl\/\",\"name\":\"LASERPOLAK SP ZOO\",\"description\":\"Wykonywanie konstrukcji stalowych, ci\u0119cie laserowe, obr\u00f3bka blach\",\"potentialAction\":[{\"@type\":\"SearchAction\",\"target\":{\"@type\":\"EntryPoint\",\"urlTemplate\":\"https:\/\/laserpolak.pl\/?s={search_term_string}\"},\"query-input\":{\"@type\":\"PropertyValueSpecification\",\"valueRequired\":true,\"valueName\":\"search_term_string\"}}],\"inLanguage\":\"en-US\"}]}<\/script>\n<!-- \/ Yoast SEO Premium plugin. -->","yoast_head_json":{"title":"Forma Gwiazdo blok Tetrapad Zapora Je\u017c betonowy TG 1,5t - LASERPOLAK SP ZOO","robots":{"index":"index","follow":"follow","max-snippet":"max-snippet:-1","max-image-preview":"max-image-preview:large","max-video-preview":"max-video-preview:-1"},"canonical":"https:\/\/laserpolak.pl\/en\/product\/forma-gwiazdo-blok-tetrapad-zapora-jez-betonowy-tg-15t\/","og_locale":"en_US","og_type":"article","og_title":"Forma Gwiazdo blok Tetrapad Zapora Je\u017c betonowy TG 1,5t","og_description":"Dzi\u0119ki precyzji wykonania, formy gwarantuj\u0105 powtarzalno\u015b\u0107 i dok\u0142adno\u015b\u0107 w procesie produkcji. Zalety form:  Wysoka trwa\u0142o\u015b\u0107 i odporno\u015b\u0107 na uszkodzenia. Formy metalowe do betonu s\u0105 wykonane z materia\u0142\u00f3w o wysokiej wytrzyma\u0142o\u015bci, co gwarantuje ich d\u0142ug\u0105 \u017cywotno\u015b\u0107, nawet przy intensywnym u\u017cytkowaniu. S\u0105 odporne na korozj\u0119, p\u0119kni\u0119cia oraz uszkodzenia mechaniczne.  Mo\u017cliwo\u015b\u0107 wielokrotnego u\u017cytku. Formy do odlewania betonu mo\u017cna wielokrotnie wykorzystywa\u0107 w procesie produkcji, co znacz\u0105co obni\u017ca koszty operacyjne. Dzi\u0119ki trwa\u0142o\u015bci i odporno\u015bci na zu\u017cycie, formy te zachowuj\u0105 swoj\u0105 funkcjonalno\u015b\u0107 przez d\u0142ugi czas.","og_url":"https:\/\/laserpolak.pl\/en\/product\/forma-gwiazdo-blok-tetrapad-zapora-jez-betonowy-tg-15t\/","og_site_name":"LASERPOLAK SP ZOO","og_image":[{"width":871,"height":1024,"url":"https:\/\/laserpolak.pl\/wp-content\/uploads\/2025\/06\/Forma-TG-15-ze-skosami-kopia-2a-871x1024.png","type":"image\/png"}],"twitter_card":"summary_large_image","schema":{"@context":"https:\/\/schema.org","@graph":[{"@type":"WebPage","@id":"https:\/\/laserpolak.pl\/product\/forma-gwiazdo-blok-tetrapad-zapora-jez-betonowy-tg-15t\/","url":"https:\/\/laserpolak.pl\/product\/forma-gwiazdo-blok-tetrapad-zapora-jez-betonowy-tg-15t\/","name":"Forma Gwiazdo blok Tetrapad Zapora Je\u017c betonowy TG 1,5t - LASERPOLAK SP ZOO","isPartOf":{"@id":"https:\/\/laserpolak.pl\/#website"},"primaryImageOfPage":{"@id":"https:\/\/laserpolak.pl\/product\/forma-gwiazdo-blok-tetrapad-zapora-jez-betonowy-tg-15t\/#primaryimage"},"image":{"@id":"https:\/\/laserpolak.pl\/product\/forma-gwiazdo-blok-tetrapad-zapora-jez-betonowy-tg-15t\/#primaryimage"},"thumbnailUrl":"https:\/\/laserpolak.pl\/wp-content\/uploads\/2025\/06\/Forma-TG-15-ze-skosami-kopia-2a.png","datePublished":"2025-06-25T07:18:27+00:00","breadcrumb":{"@id":"https:\/\/laserpolak.pl\/product\/forma-gwiazdo-blok-tetrapad-zapora-jez-betonowy-tg-15t\/#breadcrumb"},"inLanguage":"en-US","potentialAction":[{"@type":"ReadAction","target":["https:\/\/laserpolak.pl\/product\/forma-gwiazdo-blok-tetrapad-zapora-jez-betonowy-tg-15t\/"]}]},{"@type":"ImageObject","inLanguage":"en-US","@id":"https:\/\/laserpolak.pl\/product\/forma-gwiazdo-blok-tetrapad-zapora-jez-betonowy-tg-15t\/#primaryimage","url":"https:\/\/laserpolak.pl\/wp-content\/uploads\/2025\/06\/Forma-TG-15-ze-skosami-kopia-2a.png","contentUrl":"https:\/\/laserpolak.pl\/wp-content\/uploads\/2025\/06\/Forma-TG-15-ze-skosami-kopia-2a.png","width":1200,"height":1410},{"@type":"BreadcrumbList","@id":"https:\/\/laserpolak.pl\/product\/forma-gwiazdo-blok-tetrapad-zapora-jez-betonowy-tg-15t\/#breadcrumb","itemListElement":[{"@type":"ListItem","position":1,"name":"Home","item":"https:\/\/laserpolak.pl\/"},{"@type":"ListItem","position":2,"name":"Sklep","item":"https:\/\/laserpolak.pl\/en\/sklep\/"},{"@type":"ListItem","position":3,"name":"Forma Gwiazdo blok Tetrapad Zapora Je\u017c betonowy TG 1,5t"}]},{"@type":"WebSite","@id":"https:\/\/laserpolak.pl\/#website","url":"https:\/\/laserpolak.pl\/","name":"LASERPOLAK SP ZOO","description":"Wykonywanie konstrukcji stalowych, ci\u0119cie laserowe, obr\u00f3bka blach","potentialAction":[{"@type":"SearchAction","target":{"@type":"EntryPoint","urlTemplate":"https:\/\/laserpolak.pl\/?s={search_term_string}"},"query-input":{"@type":"PropertyValueSpecification","valueRequired":true,"valueName":"search_term_string"}}],"inLanguage":"en-US"}]}},"_links":{"self":[{"href":"https:\/\/laserpolak.pl\/en\/wp-json\/wp\/v2\/product\/3334","targetHints":{"allow":["GET"]}}],"collection":[{"href":"https:\/\/laserpolak.pl\/en\/wp-json\/wp\/v2\/product"}],"about":[{"href":"https:\/\/laserpolak.pl\/en\/wp-json\/wp\/v2\/types\/product"}],"wp:featuredmedia":[{"embeddable":true,"href":"https:\/\/laserpolak.pl\/en\/wp-json\/wp\/v2\/media\/3351"}],"wp:attachment":[{"href":"https:\/\/laserpolak.pl\/en\/wp-json\/wp\/v2\/media?parent=3334"}],"wp:term":[{"taxonomy":"product_brand","embeddable":true,"href":"https:\/\/laserpolak.pl\/en\/wp-json\/wp\/v2\/product_brand?post=3334"},{"taxonomy":"product_cat","embeddable":true,"href":"https:\/\/laserpolak.pl\/en\/wp-json\/wp\/v2\/product_cat?post=3334"},{"taxonomy":"product_tag","embeddable":true,"href":"https:\/\/laserpolak.pl\/en\/wp-json\/wp\/v2\/product_tag?post=3334"}],"curies":[{"name":"wp","href":"https:\/\/api.w.org\/{rel}","templated":true}]}}